{"id":7397,"date":"2022-06-26T16:55:01","date_gmt":"2022-06-26T08:55:01","guid":{"rendered":"https:\/\/sellersunionagent.com\/?post_type=product&#038;p=7397"},"modified":"2022-07-11T14:18:15","modified_gmt":"2022-07-11T06:18:15","slug":"nowa-moda-z-chinskiej-fabryki-torba-do-makijazu-z-najnowsza-moda","status":"publish","type":"product","link":"https:\/\/www.sellersunionagent.com\/pl\/new-fashion-from-china-factory-makeup-bag-with-latest-fashion\/","title":{"rendered":"Nowa moda z chi\u0144skiej fabryki: Torba do makija\u017cu z najnowsz\u0105 mod\u0105"},"content":{"rendered":"<h2>Luksusowe torby do makija\u017cu wybrane z Niche Taste<\/h2>\n<p>Kosmetyczka wykonana jest z wysokiej jako\u015bci nylonu. Jest trwa\u0142a, \u0142atwa do z\u0142o\u017cenia i czyszczenia. Mo\u017cesz doda\u0107 dobre wyczucie mody do swojej osobistej kosmetyczki.<\/p>\n<p>&nbsp;<\/p>\n<p>&nbsp;<\/p>\n<p>Du\u017ca kosmetyczka mo\u017ce pomie\u015bci\u0107 wszystkie niezb\u0119dne kosmetyki damskie. Ta kosmetyczka ma odczepian\u0105 przegrod\u0119 na rzep, a wiele oddzielnych obszar\u00f3w pomaga oddzieli\u0107 obszar do przechowywania kosmetyk\u00f3w i utrzyma\u0107 wszystkie przedmioty w pi\u0119knym i uporz\u0105dkowanym stanie.<\/p>\n<p>&nbsp;<\/p>\n<p>&nbsp;<\/p>\n<p>Jest bardzo odpowiednia jako podr\u00f3\u017cna kosmetyczka, mo\u017cna umie\u015bci\u0107 butelk\u0119 perfum i produkty do piel\u0119gnacji sk\u00f3ry pionowo w dolnej komorze. Przeno\u015bna i lekka konstrukcja pozwala na umieszczenie jej w walizce lub na stole, nadaje si\u0119 do codziennych podr\u00f3\u017cy lub codziennego u\u017cytku, idealna dla pa\u0144 jako prezenty na dzie\u0144 matki i prezenty dla nauczycieli.<\/p>\n<p><img fetchpriority=\"high\" decoding=\"async\" class=\"aligncenter wp-image-7402\" src=\"https:\/\/www.sellersunionagent.com\/wp-content\/uploads\/2022\/06\/makeup-bag-with-latest-fashion-2.jpg\" alt=\"\" width=\"665\" height=\"623\" \/><\/p>\n<p><img decoding=\"async\" class=\"aligncenter wp-image-7400\" src=\"https:\/\/www.sellersunionagent.com\/wp-content\/uploads\/2022\/06\/makeup-bag-with-latest-fashion-4.jpg\" alt=\"\" width=\"600\" height=\"600\" \/><img decoding=\"async\" class=\"aligncenter wp-image-7403\" src=\"https:\/\/www.sellersunionagent.com\/wp-content\/uploads\/2022\/06\/makeup-bag-with-latest-fashion-1.jpg\" alt=\"\" width=\"600\" height=\"446\" \/><img loading=\"lazy\" decoding=\"async\" class=\"aligncenter wp-image-7402\" src=\"https:\/\/www.sellersunionagent.com\/wp-content\/uploads\/2022\/06\/makeup-bag-with-latest-fashion-2.jpg\" alt=\"\" width=\"600\" height=\"562\" \/> <img loading=\"lazy\" decoding=\"async\" class=\"aligncenter wp-image-7401\" src=\"https:\/\/www.sellersunionagent.com\/wp-content\/uploads\/2022\/06\/makeup-bag-with-latest-fashion-3.jpg\" alt=\"\" width=\"600\" height=\"600\" \/> <img loading=\"lazy\" decoding=\"async\" class=\"aligncenter wp-image-7398\" src=\"https:\/\/www.sellersunionagent.com\/wp-content\/uploads\/2022\/06\/makeup-bag-with-latest-fashion-6.jpg\" alt=\"\" width=\"600\" height=\"600\" \/><\/p>\n<p>&nbsp;<\/p>\n<p>&nbsp;<\/p>","protected":false},"excerpt":{"rendered":"<p>Typ: Torba do makija\u017cu<\/p>\n<p>Rozmiar przedmiotu: 24*18*8cm<\/p>\n<p>Kolor: zielony\/r\u00f3\u017cowy\/czarny\/szary<\/p>\n<p>OEM\/ODM: zaakceptowane<\/p>","protected":false},"featured_media":7404,"comment_status":"open","ping_status":"closed","template":"","meta":{"_acf_changed":false},"product_brand":[],"product_cat":[30],"product_tag":[78,92,90,91],"class_list":{"0":"post-7397","1":"product","2":"type-product","3":"status-publish","4":"has-post-thumbnail","6":"product_cat-makeup-bag","7":"product_tag-makeup-bag","8":"product_tag-retail","9":"product_tag-storage-bag","10":"product_tag-wholesaler","12":"first","13":"instock","14":"shipping-taxable","15":"product-type-simple","16":"swiper-slide"},"acf":[],"_links":{"self":[{"href":"https:\/\/www.sellersunionagent.com\/pl\/wp-json\/wp\/v2\/product\/7397","targetHints":{"allow":["GET"]}}],"collection":[{"href":"https:\/\/www.sellersunionagent.com\/pl\/wp-json\/wp\/v2\/product"}],"about":[{"href":"https:\/\/www.sellersunionagent.com\/pl\/wp-json\/wp\/v2\/types\/product"}],"replies":[{"embeddable":true,"href":"https:\/\/www.sellersunionagent.com\/pl\/wp-json\/wp\/v2\/comments?post=7397"}],"wp:featuredmedia":[{"embeddable":true,"href":"https:\/\/www.sellersunionagent.com\/pl\/wp-json\/wp\/v2\/media\/7404"}],"wp:attachment":[{"href":"https:\/\/www.sellersunionagent.com\/pl\/wp-json\/wp\/v2\/media?parent=7397"}],"wp:term":[{"taxonomy":"product_brand","embeddable":true,"href":"https:\/\/www.sellersunionagent.com\/pl\/wp-json\/wp\/v2\/product_brand?post=7397"},{"taxonomy":"product_cat","embeddable":true,"href":"https:\/\/www.sellersunionagent.com\/pl\/wp-json\/wp\/v2\/product_cat?post=7397"},{"taxonomy":"product_tag","embeddable":true,"href":"https:\/\/www.sellersunionagent.com\/pl\/wp-json\/wp\/v2\/product_tag?post=7397"}],"curies":[{"name":"wp","href":"https:\/\/api.w.org\/{rel}","templated":true}]}}