{"id":7380,"date":"2022-06-25T15:54:55","date_gmt":"2022-06-25T07:54:55","guid":{"rendered":"https:\/\/sellersunionagent.com\/?post_type=product&#038;p=7380"},"modified":"2022-08-31T14:21:21","modified_gmt":"2022-08-31T06:21:21","slug":"organizery-do-pakowania-akcesoriow-podroznych-lub-do-przechowywania-w-domu","status":"publish","type":"product","link":"https:\/\/www.sellersunionagent.com\/pl\/packing-organizers-for-travel-accessories-or-home-storage\/","title":{"rendered":"Organizery na akcesoria podr\u00f3\u017cne lub do przechowywania w domu"},"content":{"rendered":"<h2 id=\"title\" class=\"a-size-large a-spacing-none\"><span id=\"productTitle\" class=\"a-size-large product-title-word-break\">\u00a06 zestaw\u00f3w kostek do pakowania, organizery baga\u017cu do walizek podr\u00f3\u017cnych, organizery do pakowania akcesori\u00f3w podr\u00f3\u017cnych lub do przechowywania w domu<\/span><\/h2>\n<p><strong>Typ<\/strong>: Organizacja domu<\/p>\n<p><strong>Rozmiar elementu<\/strong>:40*30*12cm\/30*28*13cm\/30*21*13cm\/35*27cm\/27*25cm\/26*16cm<\/p>\n<p><strong>Kolory<\/strong>: Czerwony\/czarny\/niebieski\/br\u0105zowy<\/p>\n<p>&nbsp;<\/p>\n<p>&nbsp;<\/p>\n<ul class=\"a-unordered-list a-vertical a-spacing-mini\">\n<li><span class=\"a-list-item\">ZORGANIZOWANE PAKOWANIE I OSZCZ\u0118DNO\u015a\u0106 MIEJSCA: Oddzielanie r\u00f3\u017cnych ubra\u0144 za pomoc\u0105 kostek do pakowania o r\u00f3\u017cnych rozmiarach i dost\u0119pnych \u017cywych kolorach. Oszcz\u0119dno\u015b\u0107 czasu podczas podr\u00f3\u017cy, wycieczek lub zaj\u0119\u0107 na \u015bwie\u017cym powietrzu dzi\u0119ki unikaniu niew\u0142a\u015bciwego umieszczania r\u00f3\u017cnych przedmiot\u00f3w i pe\u0142nemu wykorzystaniu miejsca w baga\u017cu.<\/span><\/li>\n<\/ul>\n<p>&nbsp;<\/p>\n<p>&nbsp;<\/p>\n<ul class=\"a-unordered-list a-vertical a-spacing-mini\">\n<li><span class=\"a-list-item\">WSZECHSTRONNY I WIELOFUNKCYJNY: Pasuje jak r\u0119kawiczka do wi\u0119kszo\u015bci baga\u017cu podr\u0119cznego linii lotniczych, torby, weekendu, plecaka, torby podr\u00f3\u017cnej itp. na przerwy rodzinne, podr\u00f3\u017ce s\u0142u\u017cbowe, wakacje, w\u0119dr\u00f3wki, kemping, kamper, wycieczk\u0119 itp.<\/span><\/li>\n<\/ul>\n<p>&nbsp;<\/p>\n<p>&nbsp;<\/p>\n<ul class=\"a-unordered-list a-vertical a-spacing-mini\">\n<li><span class=\"a-list-item\">GWARANCJA ZWROTU PIENI\u0118DZY 100%: Oferowanie najlepszych produkt\u00f3w i zaspokajanie wszystkich potrzeb zawsze by\u0142o naszym g\u0142\u00f3wnym celem. Stoimy za wszystkimi naszymi produktami BAGAIL i oferujemy bezwarunkow\u0105 gwarancj\u0119 jako\u015bci i wykonania w ci\u0105gu 12 miesi\u0119cy.<\/span><\/li>\n<\/ul>\n<p>&nbsp;<\/p>\n<p>&nbsp;<\/p>\n<p><img fetchpriority=\"high\" decoding=\"async\" class=\"alignnone wp-image-7386\" src=\"https:\/\/www.sellersunionagent.com\/wp-content\/uploads\/2022\/06\/\u5fae\u4fe1\u56fe\u7247_20180414120948-300x300.jpg\" alt=\"\" width=\"360\" height=\"359\" \/> <img decoding=\"async\" class=\"alignnone wp-image-7387\" src=\"https:\/\/www.sellersunionagent.com\/wp-content\/uploads\/2022\/06\/\u5fae\u4fe1\u56fe\u7247_20180414131925-300x300.jpg\" alt=\"\" width=\"360\" height=\"360\" \/> <img decoding=\"async\" class=\"alignnone wp-image-7385\" src=\"https:\/\/www.sellersunionagent.com\/wp-content\/uploads\/2022\/06\/packing-organizers-for-travel-accessories-2-300x300.png\" alt=\"\" width=\"360\" height=\"361\" \/> <img loading=\"lazy\" decoding=\"async\" class=\"alignnone wp-image-7384\" src=\"https:\/\/www.sellersunionagent.com\/wp-content\/uploads\/2022\/06\/packing-organizers-for-travel-accessories-3-300x300.jpg\" alt=\"\" width=\"360\" height=\"360\" \/> <img loading=\"lazy\" decoding=\"async\" class=\"alignnone wp-image-7382\" src=\"https:\/\/www.sellersunionagent.com\/wp-content\/uploads\/2022\/06\/packing-organizers-for-travel-accessories-5-300x300.jpg\" alt=\"\" width=\"360\" height=\"360\" \/> <img loading=\"lazy\" decoding=\"async\" class=\"alignnone wp-image-7381\" src=\"https:\/\/www.sellersunionagent.com\/wp-content\/uploads\/2022\/06\/packing-organizers-for-travel-accessories-6-300x300.jpg\" alt=\"\" width=\"360\" height=\"360\" \/><\/p>","protected":false},"excerpt":{"rendered":"<p><strong>MOQ: <\/strong>500 (elastyczny)<br \/>\n<strong>Bezp\u0142atna pr\u00f3bka:<\/strong> Obs\u0142ugiwane<br \/>\n<strong>Personalizacja:<\/strong> logo \/ kolor \/ materia\u0142y \/ opakowanie itp.<br \/>\n<strong>Zni\u017cka:<\/strong> Pierwsze zam\u00f3wienia ju\u017c od 10% taniej.<br \/>\n<strong>Terminowo\u015b\u0107 dostaw:<\/strong> 100%<br \/>\n<strong>\u0141\u0105czna liczba przesy\u0142ek:<\/strong> 100000 SZTUK<br \/>\n<strong>Wysy\u0142ka:<\/strong> Wsparcie dla transportu ekspresowego - fracht morski - fracht l\u0105dowy<\/p>","protected":false},"featured_media":7386,"comment_status":"open","ping_status":"closed","template":"","meta":{"_acf_changed":false},"product_brand":[],"product_cat":[31,186],"product_tag":[70,174,48,79,83,50],"class_list":{"0":"post-7380","1":"product","2":"type-product","3":"status-publish","4":"has-post-thumbnail","6":"product_cat-home-storage","7":"product_cat-living-room","8":"product_tag-home-storage","9":"product_tag-home-storage-hot","10":"product_tag-large-capacity","11":"product_tag-organization","12":"product_tag-portable-bag","13":"product_tag-wholesale","15":"first","16":"instock","17":"shipping-taxable","18":"product-type-simple","19":"swiper-slide"},"acf":[],"_links":{"self":[{"href":"https:\/\/www.sellersunionagent.com\/pl\/wp-json\/wp\/v2\/product\/7380","targetHints":{"allow":["GET"]}}],"collection":[{"href":"https:\/\/www.sellersunionagent.com\/pl\/wp-json\/wp\/v2\/product"}],"about":[{"href":"https:\/\/www.sellersunionagent.com\/pl\/wp-json\/wp\/v2\/types\/product"}],"replies":[{"embeddable":true,"href":"https:\/\/www.sellersunionagent.com\/pl\/wp-json\/wp\/v2\/comments?post=7380"}],"wp:featuredmedia":[{"embeddable":true,"href":"https:\/\/www.sellersunionagent.com\/pl\/wp-json\/wp\/v2\/media\/7386"}],"wp:attachment":[{"href":"https:\/\/www.sellersunionagent.com\/pl\/wp-json\/wp\/v2\/media?parent=7380"}],"wp:term":[{"taxonomy":"product_brand","embeddable":true,"href":"https:\/\/www.sellersunionagent.com\/pl\/wp-json\/wp\/v2\/product_brand?post=7380"},{"taxonomy":"product_cat","embeddable":true,"href":"https:\/\/www.sellersunionagent.com\/pl\/wp-json\/wp\/v2\/product_cat?post=7380"},{"taxonomy":"product_tag","embeddable":true,"href":"https:\/\/www.sellersunionagent.com\/pl\/wp-json\/wp\/v2\/product_tag?post=7380"}],"curies":[{"name":"wp","href":"https:\/\/api.w.org\/{rel}","templated":true}]}}