{"id":7355,"date":"2022-06-25T15:06:54","date_gmt":"2022-06-25T07:06:54","guid":{"rendered":"https:\/\/sellersunionagent.com\/?post_type=product&#038;p=7355"},"modified":"2022-08-31T14:21:37","modified_gmt":"2022-08-31T06:21:37","slug":"organizer-do-przechowywania-butow-w-domu-ba","status":"publish","type":"product","link":"https:\/\/www.sellersunionagent.com\/pl\/home-storage-shoe-storage-organizer-ba\/","title":{"rendered":"Worek organizacyjny do przechowywania but\u00f3w w domu"},"content":{"rendered":"<h2 id=\"title\" class=\"a-size-large a-spacing-none\"><span id=\"productTitle\" class=\"a-size-large product-title-word-break\">Worki na buty do podr\u00f3\u017cy, worki na buty do przechowywania w domu w szafie, organizery do pakowania but\u00f3w z zamkiem b\u0142yskawicznym<\/span><\/h2>\n<p>&nbsp;<\/p>\n<p>&nbsp;<\/p>\n<ul>\n<li>ORGANIZACJA BUT\u00d3W: Ta torba na buty pomaga utrzyma\u0107 wszystkie buty uporz\u0105dkowane i na swoim miejscu, zamiast siedzie\u0107 przy drzwiach wej\u015bciowych lub rozrzucone po ca\u0142ym domu. Torba ma wiele przegr\u00f3dek do przechowywania trampek, but\u00f3w, szpilek i p\u0142askich but\u00f3w w jednym miejscu. U\u017cyj torby, aby utrzyma\u0107 pary but\u00f3w w porz\u0105dku.<\/li>\n<\/ul>\n<p>&nbsp;<\/p>\n<p>&nbsp;<\/p>\n<ul>\n<li>TORBA PODR\u00d3\u017bNA: Zaprojektowali\u015bmy t\u0119 torb\u0119 z uchwytami do przenoszenia, dzi\u0119ki czemu \u0142atwo jest zabra\u0107 buty ze sob\u0105, gdziekolwiek chcesz. Umie\u015b\u0107 buty w oddzielnych przegrodach, zapnij torb\u0119 i chwy\u0107 za uchwyty! Organizer mie\u015bci si\u0119 pod \u0142\u00f3\u017ckiem, w szafie, w walizce, a nawet w szufladzie.<\/li>\n<\/ul>\n<p>&nbsp;<\/p>\n<p>&nbsp;<\/p>\n<ul>\n<li>CHRO\u0143 OBUWIE: Czy masz kilka par but\u00f3w, kt\u00f3re mog\u0105 wymaga\u0107 dodatkowej ochrony przed zarysowaniami, zadrapaniami lub zanieczyszczeniami? Zamszowe, brokatowe lub wykonane z delikatnych tkanin buty mog\u0105 \u0142atwo ulec uszkodzeniu, a wysokie obcasy mog\u0105 porysowa\u0107 inne buty. Przechowuj wszystkie swoje buty bezpiecznie w naszym pokrowcu. Ponadto torba jest p\u0142aska, gdy nie jest u\u017cywana.<\/li>\n<\/ul>\n<p>&nbsp;<\/p>\n<p>&nbsp;<\/p>\n<ul>\n<li>WYJ\u0104TKOWY POMYS\u0141 NA PREZENT: Szukasz wyj\u0105tkowego pomys\u0142u na prezent dla przyjaciela lub cz\u0142onka rodziny? Ka\u017cdy potrzebuje daru organizacji w swoim \u017cyciu. Podaruj ten pojemnik na buty bliskim na urodziny, Bo\u017ce Narodzenie, parapet\u00f3wk\u0119, wesele lub inne specjalne okazje. Ten organizer jest r\u00f3wnie\u017c \u015bwietny dla student\u00f3w lub os\u00f3b cz\u0119sto podr\u00f3\u017cuj\u0105cych!<\/li>\n<\/ul>\n<p>&nbsp;<\/p>\n<p><img fetchpriority=\"high\" decoding=\"async\" class=\"aligncenter wp-image-7356\" src=\"https:\/\/www.sellersunionagent.com\/wp-content\/uploads\/2022\/06\/home-storage-shoe-storage-organizer-bag-1-300x300.jpg\" alt=\"\" width=\"600\" height=\"600\" \/> <img decoding=\"async\" class=\"aligncenter wp-image-7357\" src=\"https:\/\/www.sellersunionagent.com\/wp-content\/uploads\/2022\/06\/home-storage-shoe-storage-organizer-bag-300x300.jpg\" alt=\"\" width=\"600\" height=\"600\" \/> <img decoding=\"async\" class=\"aligncenter wp-image-7358\" src=\"https:\/\/www.sellersunionagent.com\/wp-content\/uploads\/2022\/06\/home-sstorage-shoe-storage-organizer-bag-3-300x300.jpg\" alt=\"\" width=\"600\" height=\"600\" \/><\/p>","protected":false},"excerpt":{"rendered":"<p><strong>Typ<\/strong>: Organizacja domu<\/p>\n<p><strong>Rozmiar elementu<\/strong>21*26*34,5cm<\/p>\n<p><strong>Waga przedmiotu<\/strong>: 280g<\/p>\n<p><strong>Kolory<\/strong>: Szary<\/p>\n<p><strong>Materia\u0142: <\/strong>Ulepszona tkanina kationowa<\/p>","protected":false},"featured_media":7361,"comment_status":"open","ping_status":"closed","template":"","meta":{"_acf_changed":false},"product_brand":[],"product_cat":[31,186],"product_tag":[73,59,69],"class_list":{"0":"post-7355","1":"product","2":"type-product","3":"status-publish","4":"has-post-thumbnail","6":"product_cat-home-storage","7":"product_cat-living-room","8":"product_tag-home-storagewholesaledurable","9":"product_tag-multifunctional","10":"product_tag-shoe-storage-bags","12":"first","13":"instock","14":"shipping-taxable","15":"product-type-simple","16":"swiper-slide"},"acf":[],"_links":{"self":[{"href":"https:\/\/www.sellersunionagent.com\/pl\/wp-json\/wp\/v2\/product\/7355","targetHints":{"allow":["GET"]}}],"collection":[{"href":"https:\/\/www.sellersunionagent.com\/pl\/wp-json\/wp\/v2\/product"}],"about":[{"href":"https:\/\/www.sellersunionagent.com\/pl\/wp-json\/wp\/v2\/types\/product"}],"replies":[{"embeddable":true,"href":"https:\/\/www.sellersunionagent.com\/pl\/wp-json\/wp\/v2\/comments?post=7355"}],"wp:featuredmedia":[{"embeddable":true,"href":"https:\/\/www.sellersunionagent.com\/pl\/wp-json\/wp\/v2\/media\/7361"}],"wp:attachment":[{"href":"https:\/\/www.sellersunionagent.com\/pl\/wp-json\/wp\/v2\/media?parent=7355"}],"wp:term":[{"taxonomy":"product_brand","embeddable":true,"href":"https:\/\/www.sellersunionagent.com\/pl\/wp-json\/wp\/v2\/product_brand?post=7355"},{"taxonomy":"product_cat","embeddable":true,"href":"https:\/\/www.sellersunionagent.com\/pl\/wp-json\/wp\/v2\/product_cat?post=7355"},{"taxonomy":"product_tag","embeddable":true,"href":"https:\/\/www.sellersunionagent.com\/pl\/wp-json\/wp\/v2\/product_tag?post=7355"}],"curies":[{"name":"wp","href":"https:\/\/api.w.org\/{rel}","templated":true}]}}