{"id":7354,"date":"2022-06-26T21:28:25","date_gmt":"2022-06-26T13:28:25","guid":{"rendered":"https:\/\/sellersunionagent.com\/?post_type=product&#038;p=7354"},"modified":"2022-06-26T21:28:48","modified_gmt":"2022-06-26T13:28:48","slug":"organizer-na-dokumenty-podrozne-etui-na-paszport-od-best-wholesale-inc","status":"publish","type":"product","link":"https:\/\/www.sellersunionagent.com\/pl\/travel-document-organizer-passport-holder-from-best-wholesale-inc\/","title":{"rendered":"Organizer na dokumenty podr\u00f3\u017cne z uchwytem na paszport od Best Wholesale Inc"},"content":{"rendered":"<h2>Organizer na dokumenty podr\u00f3\u017cne z uchwytem na paszport od Best Wholesale Inc<\/h2>\n<p><span class=\"skip\"><a data-keyword=\"appropriate\">Wielofunkcyjna konstrukcja: Nie jest to tylko etui na paszport, w kt\u00f3rym mo\u017cna umie\u015bci\u0107 tylko kilka paszport\u00f3w i kart. To praktyczny organizer podr\u00f3\u017cny, w kt\u00f3rym wszystkie wa\u017cne karty i got\u00f3wka b\u0119d\u0105 w jednym miejscu. Karty bankowe, wizyt\u00f3wki, got\u00f3wka, paski banknot\u00f3w, d\u0142ugopisy, bilety i dyski USB maj\u0105 specjalne przegr\u00f3dki. Dzi\u0119ki niemu w ka\u017cdej chwili mo\u017cesz rozpocz\u0105\u0107 prac\u0119 w elegancki spos\u00f3b.<\/a><\/span><\/p>\n<p>&nbsp;<\/p>\n<p>Dobra jako\u015b\u0107: Ta torba jest wykonana z wysokiej jako\u015bci tkaniny Oxford, z czteropoziomow\u0105 wodoodporn\u0105 obr\u00f3bk\u0105 powierzchni, \u0142atw\u0105 do czyszczenia.<\/p>\n<p>&nbsp;<\/p>\n<p>Du\u017ca pojemno\u015b\u0107: Du\u017ca pojemno\u015b\u0107 mo\u017ce pomie\u015bci\u0107 codzienne akcesoria elektroniczne, takie jak kable, r\u00f3\u017cne \u0142adowarki, s\u0142uchawki, adapter elektroniczny itp.<\/p>\n<p><img fetchpriority=\"high\" decoding=\"async\" class=\"aligncenter wp-image-7376\" src=\"https:\/\/www.sellersunionagent.com\/wp-content\/uploads\/2022\/06\/travel-document-organizer-passport-holder-14.jpg\" alt=\"Wholesale Inc\" width=\"600\" height=\"600\" \/><img decoding=\"async\" class=\"aligncenter wp-image-7379\" src=\"https:\/\/www.sellersunionagent.com\/wp-content\/uploads\/2022\/06\/travel-document-organizer-passport-holder-11.jpg\" alt=\"Wholesale Inc\" width=\"600\" height=\"600\" \/><img decoding=\"async\" class=\"aligncenter wp-image-7378\" src=\"https:\/\/www.sellersunionagent.com\/wp-content\/uploads\/2022\/06\/travel-document-organizer-passport-holder-12.jpg\" alt=\"Wholesale Inc\" width=\"600\" height=\"600\" \/><img loading=\"lazy\" decoding=\"async\" class=\"aligncenter wp-image-7451\" src=\"https:\/\/www.sellersunionagent.com\/wp-content\/uploads\/2022\/06\/travel-document-organizer-passport-holder-1.jpg\" alt=\"Wholesale Inc\" width=\"600\" height=\"595\" \/><img loading=\"lazy\" decoding=\"async\" class=\"aligncenter wp-image-7452\" src=\"https:\/\/www.sellersunionagent.com\/wp-content\/uploads\/2022\/06\/travel-document-organizer-passport-holder.jpg\" alt=\"Wholesale Inc\" width=\"600\" height=\"595\" srcset=\"https:\/\/www.sellersunionagent.com\/wp-content\/uploads\/2022\/06\/travel-document-organizer-passport-holder.jpg 354w, https:\/\/www.sellersunionagent.com\/wp-content\/uploads\/2022\/06\/travel-document-organizer-passport-holder-100x100.jpg 100w\" sizes=\"(max-width: 600px) 100vw, 600px\" \/><\/p>","protected":false},"excerpt":{"rendered":"<p><strong>Typ<\/strong>: Posiadacz paszportu<\/p>\n<p><strong>Rozmiar elementu<\/strong>23,5*12*2cm<\/p>\n<p><strong>Waga przedmiotu<\/strong>: 185g<br \/>\n<b data-spm-anchor-id=\"a2700.wholesale.0.i30.19ef5692iiqQHz\">Kolory: <\/b>Granatowy, szary, fioletowy, czarny, <span class=\"skip\"><a class=\"color_pc_blue_text\" data-keyword=\"dark blue\">ciemnoniebieski<\/a><\/span>, wino<\/p>\n<p>&nbsp;<\/p>\n<p>Od 1997 roku rozpocz\u0119li\u015bmy nasz\u0105 dzia\u0142alno\u015b\u0107. Utrzymujemy niezwykle wysok\u0105 wra\u017cliwo\u015b\u0107 rynku na r\u00f3\u017cne towary. Przechowywanie przedmiot\u00f3w od nas - najlepszej hurtowni Inc, daje wspania\u0142e do\u015bwiadczenie produktu i us\u0142ugi. Z przyjemno\u015bci\u0105 oferujemy najpopularniejsze produkty, kt\u00f3re pomog\u0105 rozwin\u0105\u0107 Tw\u00f3j biznes.<\/p>","protected":false},"featured_media":7376,"comment_status":"open","ping_status":"closed","template":"","meta":{"_acf_changed":false},"product_brand":[],"product_cat":[32],"product_tag":[88,89],"class_list":{"0":"post-7354","1":"product","2":"type-product","3":"status-publish","4":"has-post-thumbnail","6":"product_cat-digital-bag","7":"product_tag-digital-accessories-storage-bag","8":"product_tag-multi-function","10":"first","11":"instock","12":"shipping-taxable","13":"product-type-simple","14":"swiper-slide"},"acf":[],"_links":{"self":[{"href":"https:\/\/www.sellersunionagent.com\/pl\/wp-json\/wp\/v2\/product\/7354","targetHints":{"allow":["GET"]}}],"collection":[{"href":"https:\/\/www.sellersunionagent.com\/pl\/wp-json\/wp\/v2\/product"}],"about":[{"href":"https:\/\/www.sellersunionagent.com\/pl\/wp-json\/wp\/v2\/types\/product"}],"replies":[{"embeddable":true,"href":"https:\/\/www.sellersunionagent.com\/pl\/wp-json\/wp\/v2\/comments?post=7354"}],"wp:featuredmedia":[{"embeddable":true,"href":"https:\/\/www.sellersunionagent.com\/pl\/wp-json\/wp\/v2\/media\/7376"}],"wp:attachment":[{"href":"https:\/\/www.sellersunionagent.com\/pl\/wp-json\/wp\/v2\/media?parent=7354"}],"wp:term":[{"taxonomy":"product_brand","embeddable":true,"href":"https:\/\/www.sellersunionagent.com\/pl\/wp-json\/wp\/v2\/product_brand?post=7354"},{"taxonomy":"product_cat","embeddable":true,"href":"https:\/\/www.sellersunionagent.com\/pl\/wp-json\/wp\/v2\/product_cat?post=7354"},{"taxonomy":"product_tag","embeddable":true,"href":"https:\/\/www.sellersunionagent.com\/pl\/wp-json\/wp\/v2\/product_tag?post=7354"}],"curies":[{"name":"wp","href":"https:\/\/api.w.org\/{rel}","templated":true}]}}