{"id":7344,"date":"2022-06-25T14:57:06","date_gmt":"2022-06-25T06:57:06","guid":{"rendered":"https:\/\/sellersunionagent.com\/?post_type=product&#038;p=7344"},"modified":"2022-08-31T14:21:47","modified_gmt":"2022-08-31T06:21:47","slug":"hurtowy-organizer-podrozny-o-duzej-pojemnosci","status":"publish","type":"product","link":"https:\/\/www.sellersunionagent.com\/pl\/wholesale-large-capacity-home-storage-travel-organizer\/","title":{"rendered":"Hurtowy organizer podr\u00f3\u017cny o du\u017cej pojemno\u015bci do przechowywania w domu"},"content":{"rendered":"<h2 id=\"title\" class=\"a-size-large a-spacing-none\"><span id=\"productTitle\" class=\"a-size-large product-title-word-break\">Packing Cubes for Travel, 7Pcs Travel Cubes Set Foldable Suitcase Organizer Lightweight Luggage Storage Bag<\/span><\/h2>\n<h2><\/h2>\n<p>&nbsp;<\/p>\n<ul>\n<li class=\"a-size-large a-spacing-none\"><strong><span id=\"productTitle\" class=\"a-size-large product-title-word-break\">Cationic fabric<\/span><\/strong><\/li>\n<\/ul>\n<p>&nbsp;<\/p>\n<p>&nbsp;<\/p>\n<ul>\n<li class=\"a-size-large a-spacing-none\"><span id=\"productTitle\" class=\"a-size-large product-title-word-break\"><strong>More Sophisticated Makeup Bag &amp; Cable Bag:<\/strong> Unlike other suppliers, our packing cubes for travel set includes a new stylish makeup bucket bag, built-in mesh pockets, storage your cosmetic orderly, a new design cable bag, built-in mesh pockets and elastic band, big capacity, very suitable for your charger, earphones, cable, mouse.<\/span><\/li>\n<\/ul>\n<p>&nbsp;<\/p>\n<p>&nbsp;<\/p>\n<ul>\n<li class=\"a-size-large a-spacing-none\"><span id=\"productTitle\" class=\"a-size-large product-title-word-break\"><strong>Super Value Travel Bags Set:<\/strong> Include 3 single travel cubes for clothes, 1 cube for underwear, 2 waterproof drawstring bags for shoes and cosmetic, 1 cable bag for USB cable, earphones, 1 small bags for socks, coins, pens, keys etc. They can make your luggage neat and order, make you have a easy, comfortable travel experience.<\/span><\/li>\n<\/ul>\n<p>&nbsp;<\/p>\n<p>&nbsp;<\/p>\n<ul>\n<li class=\"a-size-large a-spacing-none\"><span id=\"productTitle\" class=\"a-size-large product-title-word-break\"><strong>Travel More Easy &amp; Comfortable:<\/strong> Top visible mesh design, transparent &amp; breathable, can save time to find clothes, with fixed buckles in the inner of packing cube to keep your clothes clean and neat. Strong handle design make travel bags easy to carry, or you can fold and put them to your bag, backpack to carry.<\/span><\/li>\n<\/ul>\n<p>&nbsp;<\/p>\n<p>&nbsp;<\/p>\n<ul>\n<li class=\"a-size-large a-spacing-none\"><span id=\"productTitle\" class=\"a-size-large product-title-word-break\"><strong>Durable Material &amp; Double Zip:<\/strong> The packing organizer is made of high quality cationic fabric, with exquisite workmanship, waterproof design, super light and tear resistant. Double premium metal zipper design, very durable and quick to open\/close.<\/span><\/li>\n<\/ul>\n<p>&nbsp;<\/p>\n<p>&nbsp;<\/p>\n<ul>\n<li class=\"a-size-large a-spacing-none\"><span id=\"productTitle\" class=\"a-size-large product-title-word-break\"><strong>Large Capacity &amp; Quality Assurance:<\/strong> With different size, the travel essential bag set can store and classify clothes, dirty laundry, bra, underwear, shoes, socks, cosmetics, towels, toiletries and electronics accessories well, a good companion for going out. We will offer you a fantastic shopping experience !\u00a0<\/span><\/li>\n<\/ul>\n<p><img fetchpriority=\"high\" decoding=\"async\" class=\"aligncenter wp-image-7349\" src=\"https:\/\/www.sellersunionagent.com\/wp-content\/uploads\/2022\/06\/wholesale-large-capacity-home-storage-travel-organizer-3-300x300.jpg\" alt=\"\" width=\"500\" height=\"500\" \/> <img decoding=\"async\" class=\"aligncenter wp-image-7350\" src=\"https:\/\/www.sellersunionagent.com\/wp-content\/uploads\/2022\/06\/wholesale-large-capacity-home-storage-travel-organizer-2-300x300.jpg\" alt=\"\" width=\"500\" height=\"500\" \/> <img decoding=\"async\" class=\"aligncenter wp-image-7351\" src=\"https:\/\/www.sellersunionagent.com\/wp-content\/uploads\/2022\/06\/wholesale-large-capacity-home-storage-travel-organizer-1-300x300.jpg\" alt=\"\" width=\"500\" height=\"500\" \/> <img loading=\"lazy\" decoding=\"async\" class=\"aligncenter wp-image-7352\" src=\"https:\/\/www.sellersunionagent.com\/wp-content\/uploads\/2022\/06\/wholesale-large-capacity-home-storage-travel-organizer-300x300.jpg\" alt=\"\" width=\"500\" height=\"500\" \/><\/p>","protected":false},"excerpt":{"rendered":"<p><strong>Typ<\/strong>: Organizacja domu<\/p>\n<p><strong><a class=\"color_pc_blue_text\" data-keyword=\"cationic fabric\">Materia\u0142: <\/a><\/strong><a class=\"color_pc_blue_text\" data-keyword=\"cationic fabric\">cationic fabric<\/a><\/p>\n<p><strong>Rozmiar elementu<\/strong>: 37.5*34*10cm\/31*28*10cm\/30.5*23.5*10cm\/25*12.5*10cm\/24*15cm\/35*21cm\/25*21cm<\/p>\n<p><strong>Kolory<\/strong>: Grey\/navy\/khaki\/purple\/rose\/black<\/p>\n<p>&nbsp;<\/p>","protected":false},"featured_media":7348,"comment_status":"open","ping_status":"closed","template":"","meta":{"_acf_changed":false},"product_brand":[],"product_cat":[31,187],"product_tag":[73,48,59,79,60,50],"class_list":{"0":"post-7344","1":"product","2":"type-product","3":"status-publish","4":"has-post-thumbnail","6":"product_cat-home-storage","7":"product_cat-bedroom","8":"product_tag-home-storagewholesaledurable","9":"product_tag-large-capacity","10":"product_tag-multifunctional","11":"product_tag-organization","12":"product_tag-portable","13":"product_tag-wholesale","15":"first","16":"instock","17":"shipping-taxable","18":"product-type-simple","19":"swiper-slide"},"acf":[],"_links":{"self":[{"href":"https:\/\/www.sellersunionagent.com\/pl\/wp-json\/wp\/v2\/product\/7344","targetHints":{"allow":["GET"]}}],"collection":[{"href":"https:\/\/www.sellersunionagent.com\/pl\/wp-json\/wp\/v2\/product"}],"about":[{"href":"https:\/\/www.sellersunionagent.com\/pl\/wp-json\/wp\/v2\/types\/product"}],"replies":[{"embeddable":true,"href":"https:\/\/www.sellersunionagent.com\/pl\/wp-json\/wp\/v2\/comments?post=7344"}],"wp:featuredmedia":[{"embeddable":true,"href":"https:\/\/www.sellersunionagent.com\/pl\/wp-json\/wp\/v2\/media\/7348"}],"wp:attachment":[{"href":"https:\/\/www.sellersunionagent.com\/pl\/wp-json\/wp\/v2\/media?parent=7344"}],"wp:term":[{"taxonomy":"product_brand","embeddable":true,"href":"https:\/\/www.sellersunionagent.com\/pl\/wp-json\/wp\/v2\/product_brand?post=7344"},{"taxonomy":"product_cat","embeddable":true,"href":"https:\/\/www.sellersunionagent.com\/pl\/wp-json\/wp\/v2\/product_cat?post=7344"},{"taxonomy":"product_tag","embeddable":true,"href":"https:\/\/www.sellersunionagent.com\/pl\/wp-json\/wp\/v2\/product_tag?post=7344"}],"curies":[{"name":"wp","href":"https:\/\/api.w.org\/{rel}","templated":true}]}}