{"id":7328,"date":"2022-06-25T14:43:36","date_gmt":"2022-06-25T06:43:36","guid":{"rendered":"https:\/\/sellersunionagent.com\/?post_type=product&#038;p=7328"},"modified":"2022-08-31T14:22:00","modified_gmt":"2022-08-31T06:22:00","slug":"zestaw-7-organizerow-podroznych-do-przechowywania-w-domu-z-zamkiem-blyskawicznym","status":"publish","type":"product","link":"https:\/\/www.sellersunionagent.com\/pl\/home-storage-travel-organiser-set-of-7-with-zipper\/","title":{"rendered":"Dom Przechowywanie Organizer podr\u00f3\u017cny zestaw 7 z zamkiem b\u0142yskawicznym"},"content":{"rendered":"<h2 id=\"title\" class=\"a-size-large a-spacing-none a-color-secondary\"><span id=\"productTitle\" class=\"a-size-large product-title-word-break\">BAG 7 zestaw kostek do pakowania baga\u017cu Organizery do pakowania akcesori\u00f3w podr\u00f3\u017cnych<\/span><\/h2>\n<p>&nbsp;<\/p>\n<p>&nbsp;<\/p>\n<ul>\n<li><strong>WYSOKIEJ JAKO\u015aCI TKANINA POLIESTROWA:<\/strong> Tkanina poliestrowa chroni ubrania przed zmarszczkami i plamami. Wysoka wydajno\u015b\u0107 zapewnia, \u017ce te kostki do pakowania mog\u0105 wytrzyma\u0107 zu\u017cycie i rozdarcie o du\u017cej g\u0119sto\u015bci podczas podr\u00f3\u017cy. wodoodporna funkcja \u0142adnie chroni ubrania przed rozlaniem lub wyciekami.<\/li>\n<\/ul>\n<p>&nbsp;<\/p>\n<p>&nbsp;<\/p>\n<ul>\n<li><strong>LEKKI I WYTRZYMA\u0141Y:<\/strong> Poliestrowa tkanina zapewnia schludne przechowywanie ubra\u0144 w baga\u017cu bez dodawania dodatkowej wagi. Solidny i g\u0142adki dwukierunkowy zamek b\u0142yskawiczny z przed\u0142u\u017conym sznurkiem zapewnia szybkie i \u0142atwe otwieranie i zamykanie kostek do pakowania. Mi\u0119kki i g\u0142adki panel g\u00f3rny z siatki mo\u017ce nie tylko chroni\u0107 delikatne ubrania przed zmarszczkami i zapachami, ale mo\u017ce r\u00f3wnie\u017c pom\u00f3c w identyfikacji ubra\u0144 za pomoc\u0105 widocznej siatki, aby unikn\u0105\u0107 grzebania w ca\u0142ym baga\u017cu.<\/li>\n<\/ul>\n<p>&nbsp;<\/p>\n<p>&nbsp;<\/p>\n<ul>\n<li><strong>Zorganizowane pakowanie i oszcz\u0119dno\u015b\u0107 miejsca: <\/strong>Oddzielanie r\u00f3\u017cnych ubra\u0144 za pomoc\u0105 kostek do pakowania o r\u00f3\u017cnych rozmiarach i dost\u0119pnych \u017cywych kolorach. Oszcz\u0119dno\u015b\u0107 czasu podczas podr\u00f3\u017cy, wycieczek lub zaj\u0119\u0107 na \u015bwie\u017cym powietrzu dzi\u0119ki unikaniu niew\u0142a\u015bciwego umieszczania r\u00f3\u017cnych przedmiot\u00f3w i pe\u0142nemu wykorzystaniu przestrzeni w baga\u017cu.<\/li>\n<\/ul>\n<p>&nbsp;<\/p>\n<p>&nbsp;<\/p>\n<ul>\n<li><strong>GWARANCJA ZWROTU PIENI\u0118DZY 100%:<\/strong> Oferowanie najlepszych produkt\u00f3w i zaspokajanie wszystkich potrzeb zawsze by\u0142o naszym g\u0142\u00f3wnym celem. Stoimy za wszystkimi naszymi produktami BAGAIL i oferujemy bezwarunkow\u0105 gwarancj\u0119 jako\u015bci i wykonania w ci\u0105gu 12 miesi\u0119cy.<\/li>\n<\/ul>\n<p>&nbsp;<\/p>\n<p>&nbsp;<\/p>\n<p><img fetchpriority=\"high\" decoding=\"async\" class=\"alignnone wp-image-7332\" src=\"https:\/\/www.sellersunionagent.com\/wp-content\/uploads\/2022\/06\/home-storage-travel-organiser-set-6-300x300.jpg\" alt=\"\" width=\"360\" height=\"360\" \/> <img decoding=\"async\" class=\"alignnone wp-image-7333\" src=\"https:\/\/www.sellersunionagent.com\/wp-content\/uploads\/2022\/06\/home-storage-travel-organiser-set-5-300x300.jpg\" alt=\"\" width=\"360\" height=\"360\" \/> <img decoding=\"async\" class=\"alignnone wp-image-7334\" src=\"https:\/\/www.sellersunionagent.com\/wp-content\/uploads\/2022\/06\/home-storage-travel-organiser-set-4-300x300.jpg\" alt=\"\" width=\"360\" height=\"360\" \/> <img loading=\"lazy\" decoding=\"async\" class=\"alignnone wp-image-7336\" src=\"https:\/\/www.sellersunionagent.com\/wp-content\/uploads\/2022\/06\/home-storage-travel-organiser-set-2-300x300.jpg\" alt=\"\" width=\"360\" height=\"360\" \/> <img loading=\"lazy\" decoding=\"async\" class=\"alignnone wp-image-7337\" src=\"https:\/\/www.sellersunionagent.com\/wp-content\/uploads\/2022\/06\/home-storage-travel-organiser-set-1-300x300.jpg\" alt=\"\" width=\"360\" height=\"360\" \/> <img loading=\"lazy\" decoding=\"async\" class=\"alignnone wp-image-7338\" src=\"https:\/\/www.sellersunionagent.com\/wp-content\/uploads\/2022\/06\/home-storage-travel-organiser-set-300x300.jpg\" alt=\"\" width=\"360\" height=\"360\" \/><\/p>","protected":false},"excerpt":{"rendered":"<p><strong>Typ<\/strong>: Organizacja domu<\/p>\n<p><strong>Rozmiar elementu<\/strong>: 25*10*33cm\/25*20cm\/24*14*9cm\/21*29cm\/40*13*27cm\/25*18*10cm\/23*9*15cm<\/p>\n<p><strong>Kolory<\/strong>: Jezioro niebieski\/r\u00f3\u017cowy\/granatowy\/czarny<\/p>\n<p><strong>Materia\u0142: <\/strong>Poliester<\/p>\n<p>&nbsp;<\/p>\n<p><span class=\"tgt color_text_1\" data-section=\"0\" data-sentence=\"0\" data-group=\"0-0\">\u017bycie potrzebuje pi\u0119knej podr\u00f3\u017cy, aby porzuci\u0107 wszystko.<\/span><\/p>\n<p><span class=\"tgt color_text_1\" data-section=\"0\" data-sentence=\"1\" data-group=\"0-1\">Daj \u017cyciu chrzest, daj duszy wolno\u015b\u0107.<\/span><\/p>\n<p><span class=\"tgt color_text_1\" data-section=\"0\" data-sentence=\"2\" data-group=\"0-2\">Niechlujna walizka, wygl\u0105d jest tak niechlujny, dlaczego nie kupi\u0107 kolekcji siedmiu sztuk, pozw\u00f3l sobie pi\u0119knie podr\u00f3\u017cowa\u0107.<\/span><\/p>\n<p><span class=\"tgt color_text_1\" data-section=\"0\" data-sentence=\"3\" data-group=\"0-3\">Chc\u0119 uciec od innej ja\u017ani daleko st\u0105d.<\/span><\/p>","protected":false},"featured_media":7331,"comment_status":"open","ping_status":"closed","template":"","meta":{"_acf_changed":false},"product_brand":[],"product_cat":[31,186],"product_tag":[70,48,53,64,66,50],"class_list":{"0":"post-7328","1":"product","2":"type-product","3":"status-publish","4":"has-post-thumbnail","6":"product_cat-home-storage","7":"product_cat-living-room","8":"product_tag-home-storage","9":"product_tag-large-capacity","10":"product_tag-professional-supplier","11":"product_tag-travel","12":"product_tag-water-resistant","13":"product_tag-wholesale","15":"first","16":"instock","17":"shipping-taxable","18":"product-type-simple","19":"swiper-slide"},"acf":[],"_links":{"self":[{"href":"https:\/\/www.sellersunionagent.com\/pl\/wp-json\/wp\/v2\/product\/7328","targetHints":{"allow":["GET"]}}],"collection":[{"href":"https:\/\/www.sellersunionagent.com\/pl\/wp-json\/wp\/v2\/product"}],"about":[{"href":"https:\/\/www.sellersunionagent.com\/pl\/wp-json\/wp\/v2\/types\/product"}],"replies":[{"embeddable":true,"href":"https:\/\/www.sellersunionagent.com\/pl\/wp-json\/wp\/v2\/comments?post=7328"}],"wp:featuredmedia":[{"embeddable":true,"href":"https:\/\/www.sellersunionagent.com\/pl\/wp-json\/wp\/v2\/media\/7331"}],"wp:attachment":[{"href":"https:\/\/www.sellersunionagent.com\/pl\/wp-json\/wp\/v2\/media?parent=7328"}],"wp:term":[{"taxonomy":"product_brand","embeddable":true,"href":"https:\/\/www.sellersunionagent.com\/pl\/wp-json\/wp\/v2\/product_brand?post=7328"},{"taxonomy":"product_cat","embeddable":true,"href":"https:\/\/www.sellersunionagent.com\/pl\/wp-json\/wp\/v2\/product_cat?post=7328"},{"taxonomy":"product_tag","embeddable":true,"href":"https:\/\/www.sellersunionagent.com\/pl\/wp-json\/wp\/v2\/product_tag?post=7328"}],"curies":[{"name":"wp","href":"https:\/\/api.w.org\/{rel}","templated":true}]}}