{"id":7308,"date":"2022-06-25T14:16:49","date_gmt":"2022-06-25T06:16:49","guid":{"rendered":"https:\/\/sellersunionagent.com\/?post_type=product&#038;p=7308"},"modified":"2022-08-31T14:22:08","modified_gmt":"2022-08-31T06:22:08","slug":"torba-na-buty-do-przechowywania-w-domu-w-podrozy-i-na-co-dzien","status":"publish","type":"product","link":"https:\/\/www.sellersunionagent.com\/pl\/home-storage-shoe-bag-for-travel-and-daily-use\/","title":{"rendered":"Worek na buty do przechowywania w domu, w podr\u00f3\u017cy i na co dzie\u0144"},"content":{"rendered":"<h2 id=\"title\" class=\"a-size-large a-spacing-none a-color-secondary\"><span id=\"productTitle\" class=\"a-size-large product-title-word-break\">Worek na buty mie\u015bci 3 pary but\u00f3w do przechowywania w podr\u00f3\u017cy i na co dzie\u0144<\/span><\/h2>\n<p>&nbsp;<\/p>\n<p>&nbsp;<\/p>\n<ul>\n<li>ORGANIZATOR PODR\u00d3\u017bY I TORBA NA BUTY - wykonane z wysokiej jako\u015bci tkaniny poliestrowej, trwa\u0142e i wodoodporne, g\u0142adkie dwukierunkowe zamki b\u0142yskawiczne. To dobry wyb\u00f3r dla os\u00f3b podr\u00f3\u017cuj\u0105cych lub pracuj\u0105cych w biurze.<\/li>\n<\/ul>\n<p>&nbsp;<\/p>\n<p>&nbsp;<\/p>\n<ul>\n<li>UCHWYT NA G\u00d3RZE - ta torba na buty ma uchwyt na g\u00f3rze dla Twojej wygody. U\u0142atwia to przechowywanie but\u00f3w w baga\u017cu, na p\u00f3\u0142ce w szafie lub w innym trudno dost\u0119pnym miejscu.<\/li>\n<\/ul>\n<p>&nbsp;<\/p>\n<p>&nbsp;<\/p>\n<ul>\n<li>WYGODNA TORBA WIELOFUNKCYJNA - Nie tylko torba na buty. Mo\u017cesz go r\u00f3wnie\u017c u\u017cywa\u0107 jako kostki do pakowania, kosmetyczki, torby do makija\u017cu, organizera na bielizn\u0119 lub woreczka na pranie, tak jak lubisz.<\/li>\n<\/ul>\n<p>&nbsp;<\/p>\n<p>&nbsp;<\/p>\n<p><img fetchpriority=\"high\" decoding=\"async\" class=\"alignnone wp-image-7312\" src=\"https:\/\/www.sellersunionagent.com\/wp-content\/uploads\/2022\/06\/home-storage-shoe-bag-for-travel-and-daily-use-9-300x300.jpg\" alt=\"\" width=\"360\" height=\"360\" \/> <img decoding=\"async\" class=\"alignnone wp-image-7313\" src=\"https:\/\/www.sellersunionagent.com\/wp-content\/uploads\/2022\/06\/home-storage-shoe-bag-for-travel-and-daily-use-8-300x300.jpg\" alt=\"\" width=\"360\" height=\"360\" \/> <img decoding=\"async\" class=\"alignnone wp-image-7314\" src=\"https:\/\/www.sellersunionagent.com\/wp-content\/uploads\/2022\/06\/home-storage-shoe-bag-for-travel-and-daily-use-7-300x300.jpg\" alt=\"\" width=\"360\" height=\"360\" \/> <img loading=\"lazy\" decoding=\"async\" class=\"alignnone wp-image-7315\" src=\"https:\/\/www.sellersunionagent.com\/wp-content\/uploads\/2022\/06\/home-storage-shoe-bag-for-travel-and-daily-use-6-300x300.jpg\" alt=\"\" width=\"360\" height=\"360\" \/> <img loading=\"lazy\" decoding=\"async\" class=\"alignnone wp-image-7316\" src=\"https:\/\/www.sellersunionagent.com\/wp-content\/uploads\/2022\/06\/home-storage-shoe-bag-for-travel-and-daily-use-5-300x300.jpg\" alt=\"\" width=\"360\" height=\"360\" \/> <img loading=\"lazy\" decoding=\"async\" class=\"alignnone wp-image-7317\" src=\"https:\/\/www.sellersunionagent.com\/wp-content\/uploads\/2022\/06\/home-storage-shoe-bag-for-travel-and-daily-use-4-300x300.jpg\" alt=\"\" width=\"360\" height=\"360\" \/><img loading=\"lazy\" decoding=\"async\" class=\"aligncenter wp-image-9285\" src=\"https:\/\/www.sellersunionagent.com\/wp-content\/uploads\/2022\/06\/a1b2f31f6eb34fbf0b17916c50acbef-300x300.png\" alt=\"\" width=\"600\" height=\"600\" \/><img loading=\"lazy\" decoding=\"async\" class=\"aligncenter wp-image-9284\" src=\"https:\/\/www.sellersunionagent.com\/wp-content\/uploads\/2022\/06\/ec8024f0f78621e48d6c614d9216022.png\" alt=\"\" width=\"600\" height=\"522\" \/> \u00a0<img loading=\"lazy\" decoding=\"async\" class=\"aligncenter wp-image-9287\" src=\"https:\/\/www.sellersunionagent.com\/wp-content\/uploads\/2022\/06\/aa425323d9fdcbc40ff49dcfbed93c6.jpg\" alt=\"\" width=\"600\" height=\"600\" \/><\/p>\n<p>&nbsp;<\/p>","protected":false},"excerpt":{"rendered":"<p><strong>Imi\u0119 i nazwisko:<\/strong> Wielofunkcyjna torba do przechowywania produkt\u00f3w<\/p>\n<p><strong>Typ<\/strong>: Organizacja domu<\/p>\n<p><strong>Numer pozycji<\/strong>: RH524<\/p>\n<p><strong>Rozmiar elementu<\/strong>: 30*20*13cm<\/p>\n<p><strong>Waga przedmiotu<\/strong>: 280g<\/p>\n<p><strong>Kolory<\/strong>: Bordowy\/fioletowy\/granatowy\/czarny\/ciemnoszary\/niebieski<\/p>\n<p><strong>Materia\u0142: <\/strong>Poliester<\/p>","protected":false},"featured_media":7321,"comment_status":"open","ping_status":"closed","template":"","meta":{"_acf_changed":false},"product_brand":[],"product_cat":[31,187],"product_tag":[73,47],"class_list":{"0":"post-7308","1":"product","2":"type-product","3":"status-publish","4":"has-post-thumbnail","6":"product_cat-home-storage","7":"product_cat-bedroom","8":"product_tag-home-storagewholesaledurable","9":"product_tag-hot-sale","11":"first","12":"instock","13":"shipping-taxable","14":"product-type-simple","15":"swiper-slide"},"acf":[],"_links":{"self":[{"href":"https:\/\/www.sellersunionagent.com\/pl\/wp-json\/wp\/v2\/product\/7308","targetHints":{"allow":["GET"]}}],"collection":[{"href":"https:\/\/www.sellersunionagent.com\/pl\/wp-json\/wp\/v2\/product"}],"about":[{"href":"https:\/\/www.sellersunionagent.com\/pl\/wp-json\/wp\/v2\/types\/product"}],"replies":[{"embeddable":true,"href":"https:\/\/www.sellersunionagent.com\/pl\/wp-json\/wp\/v2\/comments?post=7308"}],"wp:featuredmedia":[{"embeddable":true,"href":"https:\/\/www.sellersunionagent.com\/pl\/wp-json\/wp\/v2\/media\/7321"}],"wp:attachment":[{"href":"https:\/\/www.sellersunionagent.com\/pl\/wp-json\/wp\/v2\/media?parent=7308"}],"wp:term":[{"taxonomy":"product_brand","embeddable":true,"href":"https:\/\/www.sellersunionagent.com\/pl\/wp-json\/wp\/v2\/product_brand?post=7308"},{"taxonomy":"product_cat","embeddable":true,"href":"https:\/\/www.sellersunionagent.com\/pl\/wp-json\/wp\/v2\/product_cat?post=7308"},{"taxonomy":"product_tag","embeddable":true,"href":"https:\/\/www.sellersunionagent.com\/pl\/wp-json\/wp\/v2\/product_tag?post=7308"}],"curies":[{"name":"wp","href":"https:\/\/api.w.org\/{rel}","templated":true}]}}