{"id":7307,"date":"2022-06-27T00:30:01","date_gmt":"2022-06-26T16:30:01","guid":{"rendered":"https:\/\/sellersunionagent.com\/?post_type=product&#038;p=7307"},"modified":"2022-08-01T16:47:31","modified_gmt":"2022-08-01T08:47:31","slug":"tanie-torby-na-zakupy-spozywcze-wielokrotnego-uzytku-hurtowe-torby-hurtowe","status":"publish","type":"product","link":"https:\/\/www.sellersunionagent.com\/pl\/cheap-reusable-grocery-shopping-bags-bulk-wholesale-bags\/","title":{"rendered":"Tanie torby na zakupy spo\u017cywcze wielokrotnego u\u017cytku - hurtowe torby hurtowe"},"content":{"rendered":"<h2>Tanie torby na zakupy spo\u017cywcze wielokrotnego u\u017cytku - hurtowe torby hurtowe<\/h2>\n<p><strong>Typ<\/strong>: Torba na zakupy<\/p>\n<p><strong>Nr art:<\/strong> RH230<\/p>\n<p><strong>Rozmiar elementu<\/strong>: 42*36cm<\/p>\n<p><strong>Waga przedmiotu<\/strong>: 160g<br \/>\n<b>Kolor: <\/b>Szary, r\u00f3\u017cowy, pomara\u0144czowy, zielony<\/p>\n<p>&nbsp;<\/p>\n<p>&nbsp;<\/p>\n<ul>\n<li>Dobry wyb\u00f3r materia\u0142\u00f3w chroni\u0105cych \u015brodowisko, trwa\u0142ych i wielokrotnego u\u017cytku<\/li>\n<li>Prosty, pi\u0119kny, \u0142atwy w u\u017cyciu i czyszczeniu<\/li>\n<li>Du\u017ca no\u015bno\u015b\u0107, lekko\u015b\u0107 i mo\u017cliwo\u015b\u0107 z\u0142o\u017cenia<\/li>\n<li>Oferowana jest hurtowa sprzeda\u017c hurtowa i obs\u0142uguje dostosowywanie<img fetchpriority=\"high\" decoding=\"async\" class=\"aligncenter wp-image-7341\" src=\"https:\/\/www.sellersunionagent.com\/wp-content\/uploads\/2022\/06\/reusable-grocery-shopping-bags-bulk-1.jpg\" alt=\"Sprzeda\u017c hurtowa\" width=\"600\" height=\"385\" \/><img decoding=\"async\" class=\"aligncenter wp-image-7340\" src=\"https:\/\/www.sellersunionagent.com\/wp-content\/uploads\/2022\/06\/reusable-grocery-shopping-bags-bulk-2.jpg\" alt=\"Sprzeda\u017c hurtowa\" width=\"600\" height=\"600\" \/><img decoding=\"async\" class=\"aligncenter wp-image-7342\" src=\"https:\/\/www.sellersunionagent.com\/wp-content\/uploads\/2022\/06\/reusable-grocery-shopping-bags-bulk.jpg\" alt=\"Sprzeda\u017c hurtowa\" width=\"650\" height=\"799\" \/><\/li>\n<\/ul>","protected":false},"excerpt":{"rendered":"<p><strong>MOQ<\/strong>:  100 szt.<br \/>\n<strong>Bezp\u0142atna pr\u00f3bka<\/strong>:  Obs\u0142ugiwane<br \/>\n<strong>Personalizacja<\/strong>logo \/ kolor \/ materia\u0142y \/ opakowanie itp.<br \/>\n<strong>Zni\u017cka<\/strong>:  Pierwsze zam\u00f3wienia ju\u017c od 10% taniej.<br \/>\n<strong>Wska\u017anik terminowo\u015bci dostaw<\/strong>:\u00a0 100%<br \/>\n<strong>Przesy\u0142ki og\u00f3\u0142em<\/strong>:  10000 szt.<br \/>\n<strong>Wysy\u0142ka<\/strong>: Fracht morski Fracht l\u0105dowy<\/p>\n<p>&nbsp;<\/p>\n<p>&nbsp;<\/p>\n<p>Worki hurtowe s\u0105 tanie. Wyselekcjonowane materia\u0142y, doskona\u0142e wykonanie, absolutnie nie pozwol\u0105 Ci rozczarowa\u0107 si\u0119 wyborem!<\/p>","protected":false},"featured_media":7326,"comment_status":"open","ping_status":"closed","template":"","meta":{"_acf_changed":false},"product_brand":[],"product_cat":[29],"product_tag":[87,56],"class_list":{"0":"post-7307","1":"product","2":"type-product","3":"status-publish","4":"has-post-thumbnail","6":"product_cat-shopping-bag","7":"product_tag-bulk-wholesale","8":"product_tag-shopping-bag","10":"first","11":"instock","12":"shipping-taxable","13":"purchasable","14":"product-type-simple","15":"swiper-slide"},"acf":[],"_links":{"self":[{"href":"https:\/\/www.sellersunionagent.com\/pl\/wp-json\/wp\/v2\/product\/7307","targetHints":{"allow":["GET"]}}],"collection":[{"href":"https:\/\/www.sellersunionagent.com\/pl\/wp-json\/wp\/v2\/product"}],"about":[{"href":"https:\/\/www.sellersunionagent.com\/pl\/wp-json\/wp\/v2\/types\/product"}],"replies":[{"embeddable":true,"href":"https:\/\/www.sellersunionagent.com\/pl\/wp-json\/wp\/v2\/comments?post=7307"}],"wp:featuredmedia":[{"embeddable":true,"href":"https:\/\/www.sellersunionagent.com\/pl\/wp-json\/wp\/v2\/media\/7326"}],"wp:attachment":[{"href":"https:\/\/www.sellersunionagent.com\/pl\/wp-json\/wp\/v2\/media?parent=7307"}],"wp:term":[{"taxonomy":"product_brand","embeddable":true,"href":"https:\/\/www.sellersunionagent.com\/pl\/wp-json\/wp\/v2\/product_brand?post=7307"},{"taxonomy":"product_cat","embeddable":true,"href":"https:\/\/www.sellersunionagent.com\/pl\/wp-json\/wp\/v2\/product_cat?post=7307"},{"taxonomy":"product_tag","embeddable":true,"href":"https:\/\/www.sellersunionagent.com\/pl\/wp-json\/wp\/v2\/product_tag?post=7307"}],"curies":[{"name":"wp","href":"https:\/\/api.w.org\/{rel}","templated":true}]}}