{"id":7291,"date":"2022-06-27T00:30:35","date_gmt":"2022-06-26T16:30:35","guid":{"rendered":"https:\/\/sellersunionagent.com\/?post_type=product&#038;p=7291"},"modified":"2022-06-27T00:35:46","modified_gmt":"2022-06-26T16:35:46","slug":"eksporter-duzych-toreb-na-lunch","status":"publish","type":"product","link":"https:\/\/www.sellersunionagent.com\/pl\/large-resuable-lunch-bags-exporter\/","title":{"rendered":"Du\u017ce przeno\u015bne torby na lunch Eksporter"},"content":{"rendered":"<h2>Du\u017ce przeno\u015bne torby na lunch Eksporter<\/h2>\n<p>POJEMNO\u015a\u0106: Ta torba na lunch ma g\u0142\u00f3wn\u0105 komor\u0119 na \u017cywno\u015b\u0107. Jedna przednia jest idealna do przechowywania telefonu kom\u00f3rkowego, kluczy, chusteczek higienicznych itp.<\/p>\n<p>&nbsp;<\/p>\n<p>WYSOKIEJ JAKO\u015aCI MATERIA\u0141Y: Zastosowano wysokiej jako\u015bci tkaniny Oxford, wewn\u0119trzna podszewka z folii aluminiowej utrzymuje ciep\u0142o i \u015bwie\u017co\u015b\u0107, co jest bezpieczne i przyjazne dla \u015brodowiska. Sk\u00f3rzana podszewka dodaje torbie tekstury.<\/p>\n<p>&nbsp;<\/p>\n<p>PROSTA I LEKKA: Ta torba ma por\u0119czny zamek b\u0142yskawiczny, regulowany pasek na rami\u0119 i wygodn\u0105 r\u0105czk\u0119. Zapewnia d\u0142ugotrwa\u0142\u0105 wytrzyma\u0142o\u015b\u0107 w codziennych czynno\u015bciach i jest \u0142atwa do przenoszenia.<\/p>\n<p><img fetchpriority=\"high\" decoding=\"async\" class=\"aligncenter wp-image-7292\" src=\"https:\/\/www.sellersunionagent.com\/wp-content\/uploads\/2022\/06\/large-resuable-lunch-bags-exporter-9.jpg\" alt=\"Eksporter toreb na lunch\" width=\"600\" height=\"600\" \/><img decoding=\"async\" class=\"aligncenter wp-image-7294\" src=\"https:\/\/www.sellersunionagent.com\/wp-content\/uploads\/2022\/06\/large-resuable-lunch-bags-exporter-7.jpg\" alt=\"Eksporter toreb na lunch\" width=\"600\" height=\"600\" \/><img decoding=\"async\" class=\"aligncenter wp-image-7305\" src=\"https:\/\/www.sellersunionagent.com\/wp-content\/uploads\/2022\/06\/large-resuable-lunch-bags-exporter-1.jpg\" alt=\"Eksporter toreb na lunch\" width=\"600\" height=\"541\" \/><img loading=\"lazy\" decoding=\"async\" class=\"aligncenter wp-image-7299\" src=\"https:\/\/www.sellersunionagent.com\/wp-content\/uploads\/2022\/06\/large-resuable-lunch-bags-exporter-3.jpg\" alt=\"Eksporter toreb na lunch\" width=\"600\" height=\"601\" \/><\/p>\n<p><img loading=\"lazy\" decoding=\"async\" class=\"aligncenter wp-image-7306\" src=\"https:\/\/www.sellersunionagent.com\/wp-content\/uploads\/2022\/06\/large-resuable-lunch-bags-exporter.jpg\" alt=\"Eksporter toreb na lunch\" width=\"600\" height=\"600\" \/><\/p>","protected":false},"excerpt":{"rendered":"<p><strong>Typ<\/strong>: Torba na lunch<\/p>\n<p><strong>Rozmiar elementu<\/strong>29*16*23cm<\/p>\n<p><strong>Waga przedmiotu<\/strong>: 224g<br \/>\n<strong>Zdolno\u015b\u0107 dostawcza<\/strong>: 50000 sztuk na miesi\u0105c<br \/>\n<strong>MOQ<\/strong>: 100szt.<\/p>\n<p>&nbsp;<\/p>\n<p>Jako dobry eksporter toreb na lunch, zawsze utrzymujemy \u015bci\u015ble wyselekcjonowane wsp\u00f3\u0142pracuj\u0105ce fabryki do wytwarzania produkt\u00f3w, a dobra reputacja decyduje o wysokiej jako\u015bci i wysokich standardach naszych towar\u00f3w.<\/p>","protected":false},"featured_media":7292,"comment_status":"open","ping_status":"closed","template":"","meta":{"_acf_changed":false},"product_brand":[],"product_cat":[28],"product_tag":[85,86],"class_list":{"0":"post-7291","1":"product","2":"type-product","3":"status-publish","4":"has-post-thumbnail","6":"product_cat-lunch-bag","7":"product_tag-lunch-bags","8":"product_tag-resuable","10":"first","11":"instock","12":"shipping-taxable","13":"product-type-simple","14":"swiper-slide"},"acf":[],"_links":{"self":[{"href":"https:\/\/www.sellersunionagent.com\/pl\/wp-json\/wp\/v2\/product\/7291","targetHints":{"allow":["GET"]}}],"collection":[{"href":"https:\/\/www.sellersunionagent.com\/pl\/wp-json\/wp\/v2\/product"}],"about":[{"href":"https:\/\/www.sellersunionagent.com\/pl\/wp-json\/wp\/v2\/types\/product"}],"replies":[{"embeddable":true,"href":"https:\/\/www.sellersunionagent.com\/pl\/wp-json\/wp\/v2\/comments?post=7291"}],"wp:featuredmedia":[{"embeddable":true,"href":"https:\/\/www.sellersunionagent.com\/pl\/wp-json\/wp\/v2\/media\/7292"}],"wp:attachment":[{"href":"https:\/\/www.sellersunionagent.com\/pl\/wp-json\/wp\/v2\/media?parent=7291"}],"wp:term":[{"taxonomy":"product_brand","embeddable":true,"href":"https:\/\/www.sellersunionagent.com\/pl\/wp-json\/wp\/v2\/product_brand?post=7291"},{"taxonomy":"product_cat","embeddable":true,"href":"https:\/\/www.sellersunionagent.com\/pl\/wp-json\/wp\/v2\/product_cat?post=7291"},{"taxonomy":"product_tag","embeddable":true,"href":"https:\/\/www.sellersunionagent.com\/pl\/wp-json\/wp\/v2\/product_tag?post=7291"}],"curies":[{"name":"wp","href":"https:\/\/api.w.org\/{rel}","templated":true}]}}