{"id":7274,"date":"2022-06-25T11:26:41","date_gmt":"2022-06-25T03:26:41","guid":{"rendered":"https:\/\/sellersunionagent.com\/?post_type=product&#038;p=7274"},"modified":"2022-07-07T17:38:13","modified_gmt":"2022-07-07T09:38:13","slug":"nowa-modna-przenosna-rodzinna-izolowana-torba-na-lunch","status":"publish","type":"product","link":"https:\/\/www.sellersunionagent.com\/pl\/new-fashion-portable-family-insulated-lunch-bag\/","title":{"rendered":"Nowa modna przeno\u015bna rodzinna izolowana torba na lunch"},"content":{"rendered":"<h2>Nowa modna przeno\u015bna rodzinna izolowana torba na lunch<\/h2>\n<p>POJEMNO\u015a\u0106: Dwa rozmiary do wyboru. Zosta\u0142 zaprojektowany z my\u015bl\u0105 o maksymalnej wydajno\u015bci przechowywania i mo\u017cna go \u0142atwo umie\u015bci\u0107 w przek\u0105skach.<\/p>\n<p>&nbsp;<\/p>\n<p>WYSOKIEJ JAKO\u015aCI MATERIA\u0141Y: Zastosowano wysokiej jako\u015bci tkaniny Oxford, wewn\u0119trzna podszewka z folii aluminiowej utrzymuje ciep\u0142o i \u015bwie\u017co\u015b\u0107, co jest bezpieczne i przyjazne dla \u015brodowiska. Sk\u00f3rzana podszewka dodaje torbie tekstury.<\/p>\n<p>&nbsp;<\/p>\n<p>PROSTA I LEKKA: Ta nowa modna przeno\u015bna torba na lunch ma r\u0119czny zamek b\u0142yskawiczny i wygodn\u0105 r\u0105czk\u0119. Zapewnia d\u0142ugotrwa\u0142\u0105 wytrzyma\u0142o\u015b\u0107 w codziennych czynno\u015bciach i jest \u0142atwa do przenoszenia.<\/p>\n<p><img fetchpriority=\"high\" decoding=\"async\" class=\"aligncenter wp-image-7279\" src=\"https:\/\/www.sellersunionagent.com\/wp-content\/uploads\/2022\/06\/new-fashion-portable-family-insulated-lunch-bag-7.jpg\" alt=\"Nowa moda\" width=\"600\" height=\"600\" \/><img decoding=\"async\" class=\"aligncenter wp-image-7281\" src=\"https:\/\/www.sellersunionagent.com\/wp-content\/uploads\/2022\/06\/new-fashion-portable-family-insulated-lunch-bag-5.png\" alt=\"Nowa moda\" width=\"600\" height=\"600\" \/><img decoding=\"async\" class=\"aligncenter wp-image-7280\" src=\"https:\/\/www.sellersunionagent.com\/wp-content\/uploads\/2022\/06\/new-fashion-portable-family-insulated-lunch-bag-6.png\" alt=\"Nowa moda\" width=\"600\" height=\"600\" \/><\/p>\n<p><img loading=\"lazy\" decoding=\"async\" class=\"aligncenter wp-image-7277\" src=\"https:\/\/www.sellersunionagent.com\/wp-content\/uploads\/2022\/06\/new-fashion-portable-family-insulated-lunch-bag-1.jpg\" alt=\"Nowa moda\" width=\"600\" height=\"629\" \/><\/p>\n<p><img loading=\"lazy\" decoding=\"async\" class=\"aligncenter wp-image-7284\" src=\"https:\/\/www.sellersunionagent.com\/wp-content\/uploads\/2022\/06\/new-fashion-portable-family-insulated-lunch-bag-3.jpg\" alt=\"Nowa moda\" width=\"600\" height=\"652\" \/><\/p>","protected":false},"excerpt":{"rendered":"<p><strong>Typ<\/strong>: Torba na lunch<\/p>\n<p><strong>Rozmiar elementu<\/strong>: L:27*16*19cm\/S:22*14*17cm<\/p>\n<p><strong>Waga przedmiotu<\/strong>: 168g\/128g<br \/>\n<strong>Zdolno\u015b\u0107 dostawcza<\/strong>: 50000 sztuk na miesi\u0105c<br \/>\n<strong>MOQ<\/strong>: 100szt.<\/p>\n<p>&nbsp;<\/p>\n<p>Nowy styl mody! Wyselekcjonowane materia\u0142y, najwy\u017csza jako\u015b\u0107 wykonania, absolutnie nie pozwol\u0105 Ci rozczarowa\u0107 si\u0119 wyborem!<\/p>","protected":false},"featured_media":7275,"comment_status":"open","ping_status":"closed","template":"","meta":{"_acf_changed":false},"product_brand":[],"product_cat":[28],"product_tag":[41,82,83],"class_list":{"0":"post-7274","1":"product","2":"type-product","3":"status-publish","4":"has-post-thumbnail","6":"product_cat-lunch-bag","7":"product_tag-lunch-bag","8":"product_tag-new-fashion-style","9":"product_tag-portable-bag","11":"first","12":"instock","13":"shipping-taxable","14":"product-type-simple","15":"swiper-slide"},"acf":[],"_links":{"self":[{"href":"https:\/\/www.sellersunionagent.com\/pl\/wp-json\/wp\/v2\/product\/7274","targetHints":{"allow":["GET"]}}],"collection":[{"href":"https:\/\/www.sellersunionagent.com\/pl\/wp-json\/wp\/v2\/product"}],"about":[{"href":"https:\/\/www.sellersunionagent.com\/pl\/wp-json\/wp\/v2\/types\/product"}],"replies":[{"embeddable":true,"href":"https:\/\/www.sellersunionagent.com\/pl\/wp-json\/wp\/v2\/comments?post=7274"}],"wp:featuredmedia":[{"embeddable":true,"href":"https:\/\/www.sellersunionagent.com\/pl\/wp-json\/wp\/v2\/media\/7275"}],"wp:attachment":[{"href":"https:\/\/www.sellersunionagent.com\/pl\/wp-json\/wp\/v2\/media?parent=7274"}],"wp:term":[{"taxonomy":"product_brand","embeddable":true,"href":"https:\/\/www.sellersunionagent.com\/pl\/wp-json\/wp\/v2\/product_brand?post=7274"},{"taxonomy":"product_cat","embeddable":true,"href":"https:\/\/www.sellersunionagent.com\/pl\/wp-json\/wp\/v2\/product_cat?post=7274"},{"taxonomy":"product_tag","embeddable":true,"href":"https:\/\/www.sellersunionagent.com\/pl\/wp-json\/wp\/v2\/product_tag?post=7274"}],"curies":[{"name":"wp","href":"https:\/\/api.w.org\/{rel}","templated":true}]}}