{"id":7262,"date":"2022-06-23T16:53:44","date_gmt":"2022-06-23T08:53:44","guid":{"rendered":"https:\/\/sellersunionagent.com\/?post_type=product&#038;p=7262"},"modified":"2026-01-06T14:29:45","modified_gmt":"2026-01-06T06:29:45","slug":"hurtowa-torba-do-prania-w-podrozy-z-zamkiem-blyskawicznym","status":"publish","type":"product","link":"https:\/\/www.sellersunionagent.com\/pl\/wholesale-washing-bag-for-travel-with-zipper\/","title":{"rendered":"Hurtowa torba do prania na podr\u00f3\u017c z zamkiem b\u0142yskawicznym"},"content":{"rendered":"<h2 id=\"title\" class=\"a-size-large a-spacing-none\"><span id=\"productTitle\" class=\"a-size-large product-title-word-break\">Podr\u00f3\u017cna kosmetyczka Przeno\u015bna, wszechstronna torba na suwak dla kobiet\u00a0<\/span><\/h2>\n<p><strong>Typ przedmiotu:<\/strong> Torba do prania<\/p>\n<p><strong>Pozycja nr:<\/strong> RH829\/830\/834<br \/>\n<strong>Rozmiar:<\/strong> 21*13*8cm<\/p>\n<p><strong>Waga: <\/strong>104g<\/p>\n<p><strong>Materia\u0142: <\/strong>TPU<\/p>\n<p>&nbsp;<\/p>\n<p>&nbsp;<\/p>\n<ul>\n<li>\u3010MATERIA\u0141 NAJWY\u017bSZEJ JAKO\u015aCI\u3011 Wykonana z wodoodpornej sk\u00f3ry PU i po\u0142\u0105czona z wysokiej jako\u015bci metalowym zamkiem b\u0142yskawicznym, kosmetyczka jest \u0142atwa do czyszczenia i dobrze zapobiega zamoczeniu lub zsuni\u0119ciu si\u0119 rzeczy znajduj\u0105cych si\u0119 w \u015brodku.<\/li>\n<\/ul>\n<p>&nbsp;<\/p>\n<p>&nbsp;<\/p>\n<ul>\n<li>\u3010POR\u0118CZNA\u3011 Dzi\u0119ki niewielkim rozmiarom i niewielkiej wadze kosmetyczka mie\u015bci si\u0119 w wi\u0119kszo\u015bci torebek i jest \u0142atwa do przenoszenia w dowolne miejsce.<\/li>\n<\/ul>\n<p>&nbsp;<\/p>\n<p>&nbsp;<\/p>\n<ul>\n<li>\u3010PERFECT GIFT\u3011 Znakomity wygl\u0105d i praktyczno\u015b\u0107 kosmetyczki sprawiaj\u0105, \u017ce jest to \u015bwietny prezent dla przyjaci\u00f3\u0142 i wszystkich, kt\u00f3rych kochasz w wyj\u0105tkowym czasie, na przyk\u0142ad na Dzie\u0144 Matki.<\/li>\n<\/ul>\n<p>&nbsp;<\/p>\n<p><img fetchpriority=\"high\" decoding=\"async\" class=\"aligncenter wp-image-7268\" src=\"https:\/\/www.sellersunionagent.com\/wp-content\/uploads\/2022\/06\/wholesale-washing-bag-for-travel-with-zipper.png\" alt=\"\" width=\"600\" height=\"594\" \/><\/p>\n<p data-wp-editing=\"1\"><img decoding=\"async\" class=\"aligncenter wp-image-9426\" src=\"https:\/\/www.sellersunionagent.com\/wp-content\/uploads\/2022\/06\/\u5fae\u4fe1\u56fe\u7247_20220714112819.png\" alt=\"Dostawca hurtowy\" width=\"600\" height=\"445\" \/> <img decoding=\"async\" class=\"aligncenter wp-image-9427\" src=\"https:\/\/www.sellersunionagent.com\/wp-content\/uploads\/2022\/06\/\u5fae\u4fe1\u56fe\u7247_202207141128191.png\" alt=\"Dostawca hurtowy\" width=\"600\" height=\"429\" \/> <img loading=\"lazy\" decoding=\"async\" class=\"aligncenter wp-image-9428\" src=\"https:\/\/www.sellersunionagent.com\/wp-content\/uploads\/2022\/06\/\u5fae\u4fe1\u56fe\u7247_202207141128192.png\" alt=\"Dostawca hurtowy\" width=\"600\" height=\"439\" \/> <img loading=\"lazy\" decoding=\"async\" class=\"aligncenter wp-image-9429\" src=\"https:\/\/www.sellersunionagent.com\/wp-content\/uploads\/2022\/06\/\u5fae\u4fe1\u56fe\u7247_202207141128193.png\" alt=\"Dostawca hurtowy\" width=\"600\" height=\"429\" \/> +<img loading=\"lazy\" decoding=\"async\" class=\"aligncenter wp-image-9431\" src=\"https:\/\/www.sellersunionagent.com\/wp-content\/uploads\/2022\/06\/\u5fae\u4fe1\u56fe\u7247_202207141128195.png\" alt=\"Dostawca hurtowy\" width=\"600\" height=\"435\" \/><\/p>\n<p>&nbsp;<\/p>","protected":false},"excerpt":{"rendered":"<p><strong>MOQ<\/strong>:  100 szt.<br \/>\n<strong>Bezp\u0142atna pr\u00f3bka<\/strong>:  Obs\u0142ugiwane<br \/>\n<strong>Personalizacja<\/strong>logo \/ kolor \/ materia\u0142y \/ opakowanie itp.<br \/>\n<strong>Zni\u017cka<\/strong>:  Pierwsze zam\u00f3wienia ju\u017c od 10% taniej.<br \/>\n<strong>Wska\u017anik terminowo\u015bci dostaw<\/strong>:\u00a0 100%<br \/>\n<strong>Przesy\u0142ki og\u00f3\u0142em<\/strong>:  10000 szt.<br \/>\n<strong>Wysy\u0142ka<\/strong>: Fracht morski Fracht l\u0105dowy<\/p>\n<p>&nbsp;<\/p>\n<p>Jestem spokojny, samowystarczalny, koj\u0105cy i elegancki, czasem troch\u0119 wyciszony, ale to sprawia, \u017ce ludzie coraz bardziej mnie lubi\u0105.<\/p>","protected":false},"featured_media":7267,"comment_status":"open","ping_status":"closed","template":"","meta":{"_acf_changed":false},"product_brand":[],"product_cat":[33],"product_tag":[60,53,61,66,50,65],"class_list":{"0":"post-7262","1":"product","2":"type-product","3":"status-publish","4":"has-post-thumbnail","6":"product_cat-toiletry-bag","7":"product_tag-portable","8":"product_tag-professional-supplier","9":"product_tag-washing-bag","10":"product_tag-water-resistant","11":"product_tag-wholesale","12":"product_tag-women","14":"first","15":"instock","16":"shipping-taxable","17":"purchasable","18":"product-type-simple","19":"swiper-slide"},"acf":[],"_links":{"self":[{"href":"https:\/\/www.sellersunionagent.com\/pl\/wp-json\/wp\/v2\/product\/7262","targetHints":{"allow":["GET"]}}],"collection":[{"href":"https:\/\/www.sellersunionagent.com\/pl\/wp-json\/wp\/v2\/product"}],"about":[{"href":"https:\/\/www.sellersunionagent.com\/pl\/wp-json\/wp\/v2\/types\/product"}],"replies":[{"embeddable":true,"href":"https:\/\/www.sellersunionagent.com\/pl\/wp-json\/wp\/v2\/comments?post=7262"}],"wp:featuredmedia":[{"embeddable":true,"href":"https:\/\/www.sellersunionagent.com\/pl\/wp-json\/wp\/v2\/media\/7267"}],"wp:attachment":[{"href":"https:\/\/www.sellersunionagent.com\/pl\/wp-json\/wp\/v2\/media?parent=7262"}],"wp:term":[{"taxonomy":"product_brand","embeddable":true,"href":"https:\/\/www.sellersunionagent.com\/pl\/wp-json\/wp\/v2\/product_brand?post=7262"},{"taxonomy":"product_cat","embeddable":true,"href":"https:\/\/www.sellersunionagent.com\/pl\/wp-json\/wp\/v2\/product_cat?post=7262"},{"taxonomy":"product_tag","embeddable":true,"href":"https:\/\/www.sellersunionagent.com\/pl\/wp-json\/wp\/v2\/product_tag?post=7262"}],"curies":[{"name":"wp","href":"https:\/\/api.w.org\/{rel}","templated":true}]}}