{"id":7249,"date":"2022-06-22T18:04:00","date_gmt":"2022-06-22T10:04:00","guid":{"rendered":"https:\/\/sellersunionagent.com\/?post_type=product&#038;p=7249"},"modified":"2022-07-14T11:14:01","modified_gmt":"2022-07-14T03:14:01","slug":"wielofunkcyjna-przenosna-kosmetyczka-z-wieloma-kieszeniami","status":"publish","type":"product","link":"https:\/\/www.sellersunionagent.com\/pl\/multifunctional-portable-toiletry-bag-with-many-pockets\/","title":{"rendered":"Wielofunkcyjna przeno\u015bna kosmetyczka z wieloma kieszeniami"},"content":{"rendered":"<h2 id=\"title\" class=\"a-size-large a-spacing-none\"><span id=\"productTitle\" class=\"a-size-large product-title-word-break\">Du\u017ca wisz\u0105ca kosmetyczka podr\u00f3\u017cna dla kobiet - wszechstronny organizer na przybory toaletowe i kosmetyki do makija\u017cu z wieloma kieszeniami<\/span><\/h2>\n<p>&nbsp;<\/p>\n<p>&nbsp;<\/p>\n<ul>\n<li><strong>IDEALNA KOSMETYCZKA PODR\u00d3\u017bNA DLA KOBIET:<\/strong> Przyjazny w podr\u00f3\u017cy organizer na przybory toaletowe i kosmetyki z wieloma zapinanymi na zamek, przezroczystymi kieszeniami: \u0142atwy do zobaczenia i zabrania.<\/li>\n<\/ul>\n<p>&nbsp;<\/p>\n<p>&nbsp;<\/p>\n<ul>\n<li><strong>NAPRAWD\u0118 DU\u017bA, WISZ\u0104CA KOSMETYCZKA PODR\u00d3\u017bNA:<\/strong> Z \u0142atwo\u015bci\u0105 zmieszcz\u0105 si\u0119 w niej standardowej wielko\u015bci butelki z kosmetykami. Ta \u0142adnie wygl\u0105daj\u0105ca i bardzo praktyczna kosmetyczka wyposa\u017cona jest w: wygodne g\u00f3rne uchwyty do przenoszenia, jedn\u0105 przedni\u0105 du\u017c\u0105 kiesze\u0144 zapinan\u0105 na zamek b\u0142yskawiczny, g\u00f3rny zamek b\u0142yskawiczny, trzy du\u017ce przezroczyste przegrody zapinane na zamek b\u0142yskawiczny oraz jedn\u0105 praktyczn\u0105, odpinan\u0105 torebk\u0119 i stabilny metalowy wieszak.<\/li>\n<\/ul>\n<p>&nbsp;<\/p>\n<p>&nbsp;<\/p>\n<ul>\n<li><strong>\u0141ATWE PODR\u00d3\u017bOWANIE:<\/strong> Torby na przybory toaletowe i kosmetyczki od Bag&amp;Carry s\u0105 niezb\u0119dne dla wszystkich aktywnych podr\u00f3\u017cnik\u00f3w i stanowi\u0105 idealny prezent dla rodziny i przyjaci\u00f3\u0142. To \u015bwietny i elegancki spos\u00f3b na przechowywanie przybor\u00f3w toaletowych i innych rzeczy.<\/li>\n<\/ul>\n<p>&nbsp;<\/p>\n<p><img fetchpriority=\"high\" decoding=\"async\" class=\"aligncenter wp-image-7251\" src=\"https:\/\/www.sellersunionagent.com\/wp-content\/uploads\/2022\/06\/multifunctional-portable-toiletry-bag-with-many-pockets-8.jpg\" alt=\"\" width=\"600\" height=\"600\" \/> <img decoding=\"async\" class=\"aligncenter wp-image-7252\" src=\"https:\/\/www.sellersunionagent.com\/wp-content\/uploads\/2022\/06\/multifunctional-portable-toiletry-bag-with-many-pockets-7.jpg\" alt=\"\" width=\"600\" height=\"600\" \/> <img decoding=\"async\" class=\"aligncenter wp-image-7253\" src=\"https:\/\/www.sellersunionagent.com\/wp-content\/uploads\/2022\/06\/multifunctional-portable-toiletry-bag-with-many-pockets-6.jpg\" alt=\"\" width=\"600\" height=\"600\" \/> <img loading=\"lazy\" decoding=\"async\" class=\"aligncenter wp-image-7254\" src=\"https:\/\/www.sellersunionagent.com\/wp-content\/uploads\/2022\/06\/multifunctional-portable-toiletry-bag-with-many-pockets-5.jpg\" alt=\"\" width=\"600\" height=\"600\" \/> <img loading=\"lazy\" decoding=\"async\" class=\"aligncenter wp-image-7255\" src=\"https:\/\/www.sellersunionagent.com\/wp-content\/uploads\/2022\/06\/multifunctional-portable-toiletry-bag-with-many-pockets-4.jpg\" alt=\"\" width=\"600\" height=\"600\" \/> <img loading=\"lazy\" decoding=\"async\" class=\"aligncenter wp-image-7250\" src=\"https:\/\/www.sellersunionagent.com\/wp-content\/uploads\/2022\/06\/multifunctional-portable-toiletry-bag-with-many-pockets-9.jpg\" alt=\"\" width=\"600\" height=\"600\" \/><\/p>","protected":false},"excerpt":{"rendered":"<p><strong>Typ:<\/strong> Torba do prania Pozycja<br \/>\n<strong>Rozmiar:<\/strong> 25*13*21cm<br \/>\n<strong>Zdolno\u015b\u0107 dostawcza:<\/strong> 50000 sztuk na miesi\u0105c<br \/>\n<strong>MOQ:<\/strong> 500cs<\/p>\n<p><strong>Kolor:<\/strong> Czerwony\/fioletowy\/niebieski\/czarny\/szary\/granatowy<\/p>\n<p><strong>Materia\u0142:<\/strong> Tkanina 600D Oxford<\/p>","protected":false},"featured_media":7257,"comment_status":"open","ping_status":"closed","template":"","meta":{"_acf_changed":false},"product_brand":[],"product_cat":[33],"product_tag":[79,61,50],"class_list":{"0":"post-7249","1":"product","2":"type-product","3":"status-publish","4":"has-post-thumbnail","6":"product_cat-toiletry-bag","7":"product_tag-organization","8":"product_tag-washing-bag","9":"product_tag-wholesale","11":"first","12":"instock","13":"shipping-taxable","14":"product-type-simple","15":"swiper-slide"},"acf":[],"_links":{"self":[{"href":"https:\/\/www.sellersunionagent.com\/pl\/wp-json\/wp\/v2\/product\/7249","targetHints":{"allow":["GET"]}}],"collection":[{"href":"https:\/\/www.sellersunionagent.com\/pl\/wp-json\/wp\/v2\/product"}],"about":[{"href":"https:\/\/www.sellersunionagent.com\/pl\/wp-json\/wp\/v2\/types\/product"}],"replies":[{"embeddable":true,"href":"https:\/\/www.sellersunionagent.com\/pl\/wp-json\/wp\/v2\/comments?post=7249"}],"wp:featuredmedia":[{"embeddable":true,"href":"https:\/\/www.sellersunionagent.com\/pl\/wp-json\/wp\/v2\/media\/7257"}],"wp:attachment":[{"href":"https:\/\/www.sellersunionagent.com\/pl\/wp-json\/wp\/v2\/media?parent=7249"}],"wp:term":[{"taxonomy":"product_brand","embeddable":true,"href":"https:\/\/www.sellersunionagent.com\/pl\/wp-json\/wp\/v2\/product_brand?post=7249"},{"taxonomy":"product_cat","embeddable":true,"href":"https:\/\/www.sellersunionagent.com\/pl\/wp-json\/wp\/v2\/product_cat?post=7249"},{"taxonomy":"product_tag","embeddable":true,"href":"https:\/\/www.sellersunionagent.com\/pl\/wp-json\/wp\/v2\/product_tag?post=7249"}],"curies":[{"name":"wp","href":"https:\/\/api.w.org\/{rel}","templated":true}]}}