{"id":7237,"date":"2022-06-22T18:05:18","date_gmt":"2022-06-22T10:05:18","guid":{"rendered":"https:\/\/sellersunionagent.com\/?post_type=product&#038;p=7237"},"modified":"2022-07-14T11:19:48","modified_gmt":"2022-07-14T03:19:48","slug":"podrozna-kosmetyczka-organizer-duza-kosmetyczka","status":"publish","type":"product","link":"https:\/\/www.sellersunionagent.com\/pl\/travel-toiletry-bag-organizer-large-washing-case\/","title":{"rendered":"Podr\u00f3\u017cna kosmetyczka, du\u017ca walizka na pranie"},"content":{"rendered":"<h2 class=\"a-size-large a-spacing-none\"><span class=\"a-size-large product-title-word-break\">Podr\u00f3\u017cna kosmetyczka, du\u017ca kosmetyczka dla kobiet, wodoodporny pojemnik na akcesoria, pe\u0142nowymiarowy szampon, szczotkowany zestaw - s\u0142onecznik<\/span><\/h2>\n<p>&nbsp;<\/p>\n<p>&nbsp;<\/p>\n<ul>\n<li><strong>Du\u017ca pojemno\u015b\u0107:<\/strong> Ta kosmetyczka zapewnia wystarczaj\u0105co du\u017co miejsca, aby pomie\u015bci\u0107 wszystkie niezb\u0119dne przybory podr\u00f3\u017cne: pe\u0142nowymiarowy szampon, kosmetyki do makija\u017cu, szczoteczk\u0119 do z\u0119b\u00f3w itp. Tylko jedna torba podr\u00f3\u017cna pomie\u015bci wszystko, czego potrzebujesz w jednym miejscu, nie zajmuj\u0105c du\u017co miejsca.<\/li>\n<\/ul>\n<p>&nbsp;<\/p>\n<p>&nbsp;<\/p>\n<ul>\n<li><strong>Szczelna konstrukcja:<\/strong> Ka\u017cda g\u0142\u00f3wna kiesze\u0144 jest wyposa\u017cona w wodoodporn\u0105 os\u0142on\u0119 z PVC, elastyczne paski i ma\u0142e woreczki, kt\u00f3re utrzymuj\u0105 butelki w pozycji pionowej, zapobiegaj\u0105 wyciekaniu p\u0142ynu z kosmetyczki podr\u00f3\u017cnej do walizki podczas podr\u00f3\u017cy i u\u0142atwiaj\u0105 czyszczenie.<\/li>\n<\/ul>\n<p>&nbsp;<\/p>\n<p>&nbsp;<\/p>\n<ul>\n<li><strong>Idealny organizer na przybory toaletowe:<\/strong> Wysokiej jako\u015bci wodoodporny materia\u0142, mi\u0119kkie wy\u015bcie\u0142ane wn\u0119trze, wytrzyma\u0142e zamki b\u0142yskawiczne, wygodne bawe\u0142niane uchwyty. Te detale sk\u0142adaj\u0105 si\u0119 na wysokiej jako\u015bci kosmetyczk\u0119 podr\u00f3\u017cn\u0105. Wspania\u0142y prezent dla rodziny lub przyjaci\u00f3\u0142 podczas przygotowywania podr\u00f3\u017cy do domu, noclegu, podr\u00f3\u017cy i zaj\u0119\u0107 na \u015bwie\u017cym powietrzu.<\/li>\n<\/ul>\n<p>&nbsp;<\/p>\n<p>&nbsp;<\/p>\n<p><img fetchpriority=\"high\" decoding=\"async\" class=\"aligncenter wp-image-7238\" src=\"https:\/\/www.sellersunionagent.com\/wp-content\/uploads\/2022\/06\/travel-toiletry-bag-organizer-large-washing-case-12.jpg\" alt=\"\" width=\"600\" height=\"600\" \/> <img decoding=\"async\" class=\"aligncenter wp-image-7239\" src=\"https:\/\/www.sellersunionagent.com\/wp-content\/uploads\/2022\/06\/travel-toiletry-bag-organizer-large-washing-case-11.jpg\" alt=\"\" width=\"600\" height=\"600\" \/> <img decoding=\"async\" class=\"aligncenter wp-image-7244\" src=\"https:\/\/www.sellersunionagent.com\/wp-content\/uploads\/2022\/06\/travel-toiletry-bag-organizer-large-washing-case-5.jpg\" alt=\"\" width=\"600\" height=\"600\" \/> <img loading=\"lazy\" decoding=\"async\" class=\"aligncenter wp-image-7243\" src=\"https:\/\/www.sellersunionagent.com\/wp-content\/uploads\/2022\/06\/travel-toiletry-bag-organizer-large-washing-case-6.jpg\" alt=\"\" width=\"600\" height=\"600\" \/> <img loading=\"lazy\" decoding=\"async\" class=\"aligncenter wp-image-7242\" src=\"https:\/\/www.sellersunionagent.com\/wp-content\/uploads\/2022\/06\/travel-toiletry-bag-organizer-large-washing-case-7.jpg\" alt=\"\" width=\"600\" height=\"600\" \/> <img loading=\"lazy\" decoding=\"async\" class=\"aligncenter wp-image-7241\" src=\"https:\/\/www.sellersunionagent.com\/wp-content\/uploads\/2022\/06\/travel-toiletry-bag-organizer-large-washing-case-8.jpg\" alt=\"\" width=\"600\" height=\"600\" \/> <img loading=\"lazy\" decoding=\"async\" class=\"aligncenter wp-image-7240\" src=\"https:\/\/www.sellersunionagent.com\/wp-content\/uploads\/2022\/06\/travel-toiletry-bag-organizer-large-washing-case-9.jpg\" alt=\"\" width=\"600\" height=\"600\" \/><\/p>","protected":false},"excerpt":{"rendered":"<p><strong>Typ:<\/strong> Torba do prania Pozycja<br \/>\n<strong>Rozmiar:<\/strong> 23*17.5*12.5cm<br \/>\n<strong>Zdolno\u015b\u0107 dostawcza:<\/strong> 50000 sztuk na miesi\u0105c<br \/>\n<strong>MOQ:<\/strong> 500cs<\/p>\n<p><strong>Kolor:<\/strong> R\u00f3\u017cowy\/winny\/purpurowy\/szary\/niebieski\/czarny<\/p>","protected":false},"featured_media":7260,"comment_status":"open","ping_status":"closed","template":"","meta":{"_acf_changed":false},"product_brand":[],"product_cat":[33],"product_tag":[75,61,50],"class_list":{"0":"post-7237","1":"product","2":"type-product","3":"status-publish","4":"has-post-thumbnail","6":"product_cat-toiletry-bag","7":"product_tag-new-product","8":"product_tag-washing-bag","9":"product_tag-wholesale","11":"first","12":"instock","13":"shipping-taxable","14":"product-type-simple","15":"swiper-slide"},"acf":[],"_links":{"self":[{"href":"https:\/\/www.sellersunionagent.com\/pl\/wp-json\/wp\/v2\/product\/7237","targetHints":{"allow":["GET"]}}],"collection":[{"href":"https:\/\/www.sellersunionagent.com\/pl\/wp-json\/wp\/v2\/product"}],"about":[{"href":"https:\/\/www.sellersunionagent.com\/pl\/wp-json\/wp\/v2\/types\/product"}],"replies":[{"embeddable":true,"href":"https:\/\/www.sellersunionagent.com\/pl\/wp-json\/wp\/v2\/comments?post=7237"}],"wp:featuredmedia":[{"embeddable":true,"href":"https:\/\/www.sellersunionagent.com\/pl\/wp-json\/wp\/v2\/media\/7260"}],"wp:attachment":[{"href":"https:\/\/www.sellersunionagent.com\/pl\/wp-json\/wp\/v2\/media?parent=7237"}],"wp:term":[{"taxonomy":"product_brand","embeddable":true,"href":"https:\/\/www.sellersunionagent.com\/pl\/wp-json\/wp\/v2\/product_brand?post=7237"},{"taxonomy":"product_cat","embeddable":true,"href":"https:\/\/www.sellersunionagent.com\/pl\/wp-json\/wp\/v2\/product_cat?post=7237"},{"taxonomy":"product_tag","embeddable":true,"href":"https:\/\/www.sellersunionagent.com\/pl\/wp-json\/wp\/v2\/product_tag?post=7237"}],"curies":[{"name":"wp","href":"https:\/\/api.w.org\/{rel}","templated":true}]}}