{"id":7226,"date":"2022-06-22T17:33:09","date_gmt":"2022-06-22T09:33:09","guid":{"rendered":"https:\/\/sellersunionagent.com\/?post_type=product&#038;p=7226"},"modified":"2026-01-06T14:29:46","modified_gmt":"2026-01-06T06:29:46","slug":"torba-do-prania-na-podroz-sluzbowa-do-domu","status":"publish","type":"product","link":"https:\/\/www.sellersunionagent.com\/pl\/washing-bag-for-business-trip-home-travel\/","title":{"rendered":"Torba do prania na podr\u00f3\u017c s\u0142u\u017cbow\u0105 do domu\u00a0"},"content":{"rendered":"<h2 id=\"title\" class=\"a-size-large a-spacing-none\"><span id=\"productTitle\" class=\"a-size-large product-title-word-break\">Damska kosmetyczka z haczykiem, przeno\u015bna kosmetyczka podr\u00f3\u017cna<\/span><\/h2>\n<p><strong>Typ: <\/strong>Torba do prania<\/p>\n<p><strong>Pozycja nr:<\/strong> RH530<\/p>\n<p><strong>Typ:<\/strong> Torba do prania Pozycja<br \/>\n<strong>Rozmiar:<\/strong> 25 * 22 * 7,5 cm<br \/>\n<strong>Zdolno\u015b\u0107 dostawcza:<\/strong> 50000 sztuk na miesi\u0105c<\/p>\n<p><strong>Kolor:<\/strong> r\u00f3\u017cowy\/zielony owocowy\/niebieski\/szary\/czarny\/ciemnozielony<\/p>\n<p><strong>Materia\u0142:<\/strong> Obracanie pami\u0119ci<\/p>\n<p>&nbsp;<\/p>\n<p>&nbsp;<\/p>\n<ul>\n<li>Wisz\u0105ca konstrukcja\u3011: Wbudowany du\u017cy obrotowy hak do zawieszania mo\u017cna \u0142atwo zawiesi\u0107 na drzwiach \u0142azienki i ustawi\u0107 pionowo, aby utrzyma\u0107 butelki w pozycji pionowej, aby zapobiec przepe\u0142nieniu, u\u0142atwiaj\u0105c przegl\u0105danie i dost\u0119p do przechowywanej zawarto\u015bci.<\/li>\n<\/ul>\n<p>&nbsp;<\/p>\n<p>&nbsp;<\/p>\n<ul>\n<li>Doskona\u0142y materia\u0142 i wodoodporno\u015b\u0107\u3011: Wodoodporna tkanina utrzymuje zestaw kosmetyk\u00f3w w czysto\u015bci i sucho\u015bci przed przypadkowymi rozpryskami wody, mo\u017cna j\u0105 zabra\u0107 pod prysznic, powiesi\u0107, poszuka\u0107 od\u017cywki, p\u0142ynu do mycia twarzy itp. \u0141atwo wytrzyj wycieki i rozlane p\u0142yny, aby torba by\u0142a zawsze czysta.<\/li>\n<\/ul>\n<p>&nbsp;<\/p>\n<p>&nbsp;<\/p>\n<ul>\n<li>\u3010Du\u017ca pojemno\u015b\u0107\u3011: Torba na przybory toaletowe oferuje wystarczaj\u0105co du\u017co miejsca na wszystkie przedmioty, takie jak p\u0142yn do p\u0142ukania jamy ustnej, szczoteczka do z\u0119b\u00f3w, maszynki do golenia, kosmetyki, szampon, balsam, produkty kosmetyczne, butelki w rozmiarze podr\u00f3\u017cnym i inne potrzebne przedmioty, przegr\u00f3dki s\u0105 \u015bwietne dla wszystkich r\u00f3\u017cnych rozmiar\u00f3w i typ\u00f3w produkt\u00f3w, co pozwala na segmentacj\u0119 wszystkich tych rzeczy, gdy ich potrzebujesz lub u\u017cywasz.<\/li>\n<\/ul>\n<p>&nbsp;<\/p>\n<p>&nbsp;<\/p>\n<ul>\n<li>\u3010Wielofunkcyjny, unikalny design\u3011: Pozwala uzyska\u0107 torb\u0119 na przybory toaletowe, zestaw do golenia lub kosmetyczk\u0119 \/ kosmetyczk\u0119, wszystko w jednym. To \u015bwietny wyb\u00f3r na wyjazdy s\u0142u\u017cbowe, podr\u00f3\u017ce, si\u0142owni\u0119, kemping, do u\u017cytku domowego i nie tylko.<\/li>\n<\/ul>\n<p>&nbsp;<\/p>\n<p>&nbsp;<\/p>\n<ul>\n<li>Obs\u0142uga klienta\u3011: Skontaktuj si\u0119 z nami swobodnie, je\u015bli masz jakie\u015b sugestie lub pytania dotycz\u0105ce naszego produktu. Naszym celem jest udzielenie satysfakcjonuj\u0105cej odpowiedzi w ci\u0105gu 24 godzin. Zapewniamy wysokiej jako\u015bci kosmetyczk\u0119 i najlepsz\u0105 obs\u0142ug\u0119.<\/li>\n<\/ul>\n<p>&nbsp;<\/p>\n<p>&nbsp;<\/p>\n<p><img fetchpriority=\"high\" decoding=\"async\" class=\"aligncenter wp-image-7227\" src=\"https:\/\/www.sellersunionagent.com\/wp-content\/uploads\/2022\/06\/washing-bag-for-business-trip-home-travel-9.jpg\" alt=\"\" width=\"600\" height=\"600\" \/>\u00a0<img decoding=\"async\" class=\"aligncenter wp-image-7228\" src=\"https:\/\/www.sellersunionagent.com\/wp-content\/uploads\/2022\/06\/washing-bag-for-business-trip-home-travel-8.jpg\" alt=\"\" width=\"600\" height=\"600\" \/> <img decoding=\"async\" class=\"aligncenter wp-image-7229\" src=\"https:\/\/www.sellersunionagent.com\/wp-content\/uploads\/2022\/06\/washing-bag-for-business-trip-home-travel-7.jpg\" alt=\"\" width=\"600\" height=\"600\" \/>\u00a0 \u00a0 \u00a0 \u00a0 \u00a0 \u00a0 \u00a0 \u00a0 \u00a0 \u00a0 \u00a0 \u00a0 \u00a0 \u00a0 \u00a0 \u00a0 \u00a0 \u00a0 \u00a0 \u00a0 \u00a0 \u00a0 \u00a0 \u00a0 \u00a0 \u00a0 \u00a0 \u00a0 \u00a0 \u00a0 \u00a0 \u00a0 \u00a0 \u00a0 \u00a0 \u00a0 \u00a0 \u00a0 \u00a0<img loading=\"lazy\" decoding=\"async\" class=\"aligncenter wp-image-7230\" src=\"https:\/\/www.sellersunionagent.com\/wp-content\/uploads\/2022\/06\/washing-bag-for-business-trip-home-travel-6.jpg\" alt=\"\" width=\"600\" height=\"600\" \/>\u00a0\u00a0 \u00a0<img loading=\"lazy\" decoding=\"async\" class=\"aligncenter wp-image-7231\" src=\"https:\/\/www.sellersunionagent.com\/wp-content\/uploads\/2022\/06\/washing-bag-for-business-trip-home-travel-5.jpg\" alt=\"\" width=\"600\" height=\"600\" \/> <img loading=\"lazy\" decoding=\"async\" class=\"aligncenter wp-image-7232\" src=\"https:\/\/www.sellersunionagent.com\/wp-content\/uploads\/2022\/06\/washing-bag-for-business-trip-home-travel-4.jpg\" alt=\"\" width=\"600\" height=\"600\" \/><\/p>","protected":false},"excerpt":{"rendered":"<p><strong>MOQ<\/strong>:  500 szt.<br \/>\n<strong>Bezp\u0142atna pr\u00f3bka<\/strong>:  Obs\u0142ugiwane<br \/>\n<strong>Personalizacja<\/strong>logo \/ kolor \/ materia\u0142y \/ opakowanie itp.<br \/>\n<strong>Zni\u017cka<\/strong>:  Pierwsze zam\u00f3wienia ju\u017c od 10% taniej.<br \/>\n<strong>Wska\u017anik terminowo\u015bci dostaw<\/strong>:\u00a0 100%<br \/>\n<strong>Przesy\u0142ki og\u00f3\u0142em<\/strong>:  10000 szt.<br \/>\n<strong>Wysy\u0142ka<\/strong>: Fracht morski Fracht l\u0105dowy<\/p>","protected":false},"featured_media":7233,"comment_status":"open","ping_status":"closed","template":"","meta":{"_acf_changed":false},"product_brand":[],"product_cat":[33],"product_tag":[71,80,59],"class_list":{"0":"post-7226","1":"product","2":"type-product","3":"status-publish","4":"has-post-thumbnail","6":"product_cat-toiletry-bag","7":"product_tag-durable","8":"product_tag-hot-sales","9":"product_tag-multifunctional","11":"first","12":"instock","13":"shipping-taxable","14":"purchasable","15":"product-type-simple","16":"swiper-slide"},"acf":[],"_links":{"self":[{"href":"https:\/\/www.sellersunionagent.com\/pl\/wp-json\/wp\/v2\/product\/7226","targetHints":{"allow":["GET"]}}],"collection":[{"href":"https:\/\/www.sellersunionagent.com\/pl\/wp-json\/wp\/v2\/product"}],"about":[{"href":"https:\/\/www.sellersunionagent.com\/pl\/wp-json\/wp\/v2\/types\/product"}],"replies":[{"embeddable":true,"href":"https:\/\/www.sellersunionagent.com\/pl\/wp-json\/wp\/v2\/comments?post=7226"}],"wp:featuredmedia":[{"embeddable":true,"href":"https:\/\/www.sellersunionagent.com\/pl\/wp-json\/wp\/v2\/media\/7233"}],"wp:attachment":[{"href":"https:\/\/www.sellersunionagent.com\/pl\/wp-json\/wp\/v2\/media?parent=7226"}],"wp:term":[{"taxonomy":"product_brand","embeddable":true,"href":"https:\/\/www.sellersunionagent.com\/pl\/wp-json\/wp\/v2\/product_brand?post=7226"},{"taxonomy":"product_cat","embeddable":true,"href":"https:\/\/www.sellersunionagent.com\/pl\/wp-json\/wp\/v2\/product_cat?post=7226"},{"taxonomy":"product_tag","embeddable":true,"href":"https:\/\/www.sellersunionagent.com\/pl\/wp-json\/wp\/v2\/product_tag?post=7226"}],"curies":[{"name":"wp","href":"https:\/\/api.w.org\/{rel}","templated":true}]}}