{"id":7215,"date":"2022-06-22T17:19:45","date_gmt":"2022-06-22T09:19:45","guid":{"rendered":"https:\/\/sellersunionagent.com\/?post_type=product&#038;p=7215"},"modified":"2022-07-14T10:58:34","modified_gmt":"2022-07-14T02:58:34","slug":"organizer-podrozny-do-prania-o-duzej-pojemnosci","status":"publish","type":"product","link":"https:\/\/www.sellersunionagent.com\/pl\/large-capacity-washing-travel-organizer\/","title":{"rendered":"Gor\u0105co sprzedaj\u0105cy si\u0119 organizer podr\u00f3\u017cny do prania o du\u017cej pojemno\u015bci"},"content":{"rendered":"<h2 id=\"title\" class=\"a-size-large a-spacing-none a-color-secondary\"><span id=\"productTitle\" class=\"a-size-large product-title-word-break\">Wisz\u0105ca kosmetyczka podr\u00f3\u017cna, organizer na przybory toaletowe o du\u017cej pojemno\u015bci dla kobiet<\/span><\/h2>\n<p>&nbsp;<\/p>\n<p>&nbsp;<\/p>\n<ul>\n<li>Du\u017ca pojemno\u015b\u0107 - w jednym miejscu mo\u017cna umie\u015bci\u0107 kosmetyki do makija\u017cu, szampon, szczoteczk\u0119 do z\u0119b\u00f3w, past\u0119 itp. Wygodna w podr\u00f3\u017cy, poniewa\u017c wszystkie niezb\u0119dne rzeczy znajduj\u0105 si\u0119 w jednej torbie.<\/li>\n<\/ul>\n<p>&nbsp;<\/p>\n<p>&nbsp;<\/p>\n<ul>\n<li>Solidna konstrukcja z haczykiem - Wbudowany haczyk umo\u017cliwia zawieszenie zestawu toaletowego na wieszaku na r\u0119czniki, wieszaku na ubrania lub gdziekolwiek jest dost\u0119pny, dzi\u0119ki czemu przybory toaletowe i kosmetyki s\u0105 dobrze wyeksponowane, co zapewnia \u0142atwy dost\u0119p i oszcz\u0119dno\u015b\u0107 miejsca.<\/li>\n<\/ul>\n<p>&nbsp;<\/p>\n<p>&nbsp;<\/p>\n<p><img fetchpriority=\"high\" decoding=\"async\" class=\"aligncenter wp-image-7219\" src=\"https:\/\/www.sellersunionagent.com\/wp-content\/uploads\/2022\/06\/hot-selling-large-capacity-washing-travel-organizer-6.jpg\" alt=\"\" width=\"600\" height=\"600\" \/><\/p>\n<p><img decoding=\"async\" class=\"aligncenter wp-image-7221\" src=\"https:\/\/www.sellersunionagent.com\/wp-content\/uploads\/2022\/06\/hot-selling-large-capacity-washing-travel-organizer-4.jpg\" alt=\"\" width=\"600\" height=\"600\" \/><\/p>\n<p><img decoding=\"async\" class=\"aligncenter wp-image-7220\" src=\"https:\/\/www.sellersunionagent.com\/wp-content\/uploads\/2022\/06\/hot-selling-large-capacity-washing-travel-organizer-5.jpg\" alt=\"\" width=\"600\" height=\"600\" \/><\/p>\n<p><img loading=\"lazy\" decoding=\"async\" class=\"aligncenter wp-image-7218\" src=\"https:\/\/www.sellersunionagent.com\/wp-content\/uploads\/2022\/06\/hot-selling-large-capacity-washing-travel-organizer-7.jpg\" alt=\"\" width=\"600\" height=\"600\" \/><\/p>\n<p><img loading=\"lazy\" decoding=\"async\" class=\"aligncenter wp-image-7217\" src=\"https:\/\/www.sellersunionagent.com\/wp-content\/uploads\/2022\/06\/hot-selling-large-capacity-washing-travel-organizer-8.jpg\" alt=\"\" width=\"600\" height=\"600\" \/><\/p>\n<p><img loading=\"lazy\" decoding=\"async\" class=\"aligncenter wp-image-7216\" src=\"https:\/\/www.sellersunionagent.com\/wp-content\/uploads\/2022\/06\/hot-selling-large-capacity-washing-travel-organizer-9.jpg\" alt=\"\" width=\"600\" height=\"600\" \/><\/p>","protected":false},"excerpt":{"rendered":"<p><strong>Typ:<\/strong> Torba do prania Pozycja<br \/>\n<strong>Rozmiar:<\/strong> 25*10*17cm<br \/>\n<strong>Zdolno\u015b\u0107 dostawcza:<\/strong> 50000 sztuk na miesi\u0105c<br \/>\n<strong>MOQ:<\/strong> 500cs<\/p>\n<p><strong>Kolor:<\/strong>Bordowy, fioletowy, czarny, b\u0142\u0119kitny, szary, granatowy<\/p>","protected":false},"featured_media":7222,"comment_status":"open","ping_status":"closed","template":"","meta":{"_acf_changed":false},"product_brand":[],"product_cat":[33],"product_tag":[63],"class_list":{"0":"post-7215","1":"product","2":"type-product","3":"status-publish","4":"has-post-thumbnail","6":"product_cat-toiletry-bag","7":"product_tag-washing-baghangingtoiletry-bag","9":"first","10":"instock","11":"shipping-taxable","12":"product-type-simple","13":"swiper-slide"},"acf":[],"_links":{"self":[{"href":"https:\/\/www.sellersunionagent.com\/pl\/wp-json\/wp\/v2\/product\/7215","targetHints":{"allow":["GET"]}}],"collection":[{"href":"https:\/\/www.sellersunionagent.com\/pl\/wp-json\/wp\/v2\/product"}],"about":[{"href":"https:\/\/www.sellersunionagent.com\/pl\/wp-json\/wp\/v2\/types\/product"}],"replies":[{"embeddable":true,"href":"https:\/\/www.sellersunionagent.com\/pl\/wp-json\/wp\/v2\/comments?post=7215"}],"wp:featuredmedia":[{"embeddable":true,"href":"https:\/\/www.sellersunionagent.com\/pl\/wp-json\/wp\/v2\/media\/7222"}],"wp:attachment":[{"href":"https:\/\/www.sellersunionagent.com\/pl\/wp-json\/wp\/v2\/media?parent=7215"}],"wp:term":[{"taxonomy":"product_brand","embeddable":true,"href":"https:\/\/www.sellersunionagent.com\/pl\/wp-json\/wp\/v2\/product_brand?post=7215"},{"taxonomy":"product_cat","embeddable":true,"href":"https:\/\/www.sellersunionagent.com\/pl\/wp-json\/wp\/v2\/product_cat?post=7215"},{"taxonomy":"product_tag","embeddable":true,"href":"https:\/\/www.sellersunionagent.com\/pl\/wp-json\/wp\/v2\/product_tag?post=7215"}],"curies":[{"name":"wp","href":"https:\/\/api.w.org\/{rel}","templated":true}]}}