{"id":7204,"date":"2022-06-22T17:11:51","date_gmt":"2022-06-22T09:11:51","guid":{"rendered":"https:\/\/sellersunionagent.com\/?post_type=product&#038;p=7204"},"modified":"2022-07-14T10:46:40","modified_gmt":"2022-07-14T02:46:40","slug":"podrozna-kosmetyczka-dla-kobiet-i-mezczyzn","status":"publish","type":"product","link":"https:\/\/www.sellersunionagent.com\/pl\/travel-makeup-washing-bag-for-women-men\/","title":{"rendered":"\u00a0Hurtowa podr\u00f3\u017cna kosmetyczka dla kobiet i m\u0119\u017cczyzn"},"content":{"rendered":"<h2 id=\"title\" class=\"a-size-large a-spacing-none a-color-secondary\"><span id=\"productTitle\" class=\"a-size-large product-title-word-break\">Podr\u00f3\u017cna kosmetyczka dla kobiet i m\u0119\u017cczyzn, torba lotniskowa zgodna z wymogami linii lotniczych<\/span><\/h2>\n<p>&nbsp;<\/p>\n<p>&nbsp;<\/p>\n<ul>\n<li>Przeno\u015bna i wielokrotnego u\u017cytku - ta \u0107wier\u0107litrowa torba idealnie pasuje do butelek podr\u00f3\u017cnych, \u015bwietnie nadaje si\u0119 r\u00f3wnie\u017c do przechowywania kosmetyk\u00f3w, przybor\u00f3w toaletowych, zabawek i drobiazg\u00f3w; Wskaz\u00f3wki dotycz\u0105ce usuwania zapachu ma\u0142ej kosmetyczki podr\u00f3\u017cnej: Najpierw umyj zewn\u0119trzn\u0105 i wewn\u0119trzn\u0105 stron\u0119 przezroczystej torby do makija\u017cu wod\u0105 z myd\u0142em; Rozpakuj torb\u0119, a nast\u0119pnie pozostaw j\u0105 w dobrze wentylowanym miejscu na kilka dni.<\/li>\n<\/ul>\n<p>&nbsp;<\/p>\n<p>&nbsp;<\/p>\n<ul>\n<li>Lekki i idealny prezent dla przyjaciela - Idealny rozmiar, aby zmie\u015bci\u0107 si\u0119 w baga\u017cu podr\u0119cznym podczas podr\u00f3\u017cy lub wakacji; Ta praktyczna torba do prania jest najlepszym wyborem jako prezent dla przyjaciela i rodziny. W przypadku jakichkolwiek problem\u00f3w zwi\u0105zanych z jako\u015bci\u0105, prosimy o kontakt.<\/li>\n<\/ul>\n<p><img fetchpriority=\"high\" decoding=\"async\" class=\"aligncenter wp-image-7205\" src=\"https:\/\/www.sellersunionagent.com\/wp-content\/uploads\/2022\/06\/wholesale-travel-makeup-washing-bag-for-women-men-8.jpg\" alt=\"\" width=\"600\" height=\"418\" \/> <img decoding=\"async\" class=\"aligncenter wp-image-7206\" src=\"https:\/\/www.sellersunionagent.com\/wp-content\/uploads\/2022\/06\/wholesale-travel-makeup-washing-bag-for-women-men-7.jpg\" alt=\"\" width=\"600\" height=\"412\" \/> <img decoding=\"async\" class=\"aligncenter wp-image-7207\" src=\"https:\/\/www.sellersunionagent.com\/wp-content\/uploads\/2022\/06\/wholesale-travel-makeup-washing-bag-for-women-men-6.jpg\" alt=\"\" width=\"600\" height=\"411\" \/> <img loading=\"lazy\" decoding=\"async\" class=\"aligncenter wp-image-7208\" src=\"https:\/\/www.sellersunionagent.com\/wp-content\/uploads\/2022\/06\/wholesale-travel-makeup-washing-bag-for-women-men-5.jpg\" alt=\"\" width=\"600\" height=\"412\" \/> <img loading=\"lazy\" decoding=\"async\" class=\"aligncenter wp-image-7209\" src=\"https:\/\/www.sellersunionagent.com\/wp-content\/uploads\/2022\/06\/wholesale-travel-makeup-washing-bag-for-women-men-4.jpg\" alt=\"\" width=\"600\" height=\"425\" \/><\/p>","protected":false},"excerpt":{"rendered":"<p><strong>Typ:<\/strong> Torba do prania Pozycja<br \/>\n<strong>Rozmiar:<\/strong> 24,5*7,5*13cm<\/p>\n<p><strong>Waga: <\/strong>235g<br \/>\n<strong>Zdolno\u015b\u0107 dostawcza:<\/strong> 50000 sztuk na miesi\u0105c<br \/>\n<strong>MOQ:<\/strong> 500cs<\/p>\n<p><strong>Kolor:<\/strong>Niebieski, bordowy, r\u00f3\u017cowy, fioletowy, lakier, szary, czarny<\/p>","protected":false},"featured_media":7210,"comment_status":"open","ping_status":"closed","template":"","meta":{"_acf_changed":false},"product_brand":[],"product_cat":[33],"product_tag":[71,44,61],"class_list":{"0":"post-7204","1":"product","2":"type-product","3":"status-publish","4":"has-post-thumbnail","6":"product_cat-toiletry-bag","7":"product_tag-durable","8":"product_tag-hot-selling","9":"product_tag-washing-bag","11":"first","12":"instock","13":"shipping-taxable","14":"product-type-simple","15":"swiper-slide"},"acf":[],"_links":{"self":[{"href":"https:\/\/www.sellersunionagent.com\/pl\/wp-json\/wp\/v2\/product\/7204","targetHints":{"allow":["GET"]}}],"collection":[{"href":"https:\/\/www.sellersunionagent.com\/pl\/wp-json\/wp\/v2\/product"}],"about":[{"href":"https:\/\/www.sellersunionagent.com\/pl\/wp-json\/wp\/v2\/types\/product"}],"replies":[{"embeddable":true,"href":"https:\/\/www.sellersunionagent.com\/pl\/wp-json\/wp\/v2\/comments?post=7204"}],"wp:featuredmedia":[{"embeddable":true,"href":"https:\/\/www.sellersunionagent.com\/pl\/wp-json\/wp\/v2\/media\/7210"}],"wp:attachment":[{"href":"https:\/\/www.sellersunionagent.com\/pl\/wp-json\/wp\/v2\/media?parent=7204"}],"wp:term":[{"taxonomy":"product_brand","embeddable":true,"href":"https:\/\/www.sellersunionagent.com\/pl\/wp-json\/wp\/v2\/product_brand?post=7204"},{"taxonomy":"product_cat","embeddable":true,"href":"https:\/\/www.sellersunionagent.com\/pl\/wp-json\/wp\/v2\/product_cat?post=7204"},{"taxonomy":"product_tag","embeddable":true,"href":"https:\/\/www.sellersunionagent.com\/pl\/wp-json\/wp\/v2\/product_tag?post=7204"}],"curies":[{"name":"wp","href":"https:\/\/api.w.org\/{rel}","templated":true}]}}