{"id":6708,"date":"2022-06-02T07:27:02","date_gmt":"2022-06-01T23:27:02","guid":{"rendered":"https:\/\/sellersunionagent.com\/?post_type=product&#038;p=6708"},"modified":"2022-07-11T14:19:35","modified_gmt":"2022-07-11T06:19:35","slug":"china-popular-export-mans-traveling-bag","status":"publish","type":"product","link":"https:\/\/www.sellersunionagent.com\/pl\/china-popular-export-mans-traveling-bag\/","title":{"rendered":"Chiny Popularna m\u0119ska torba podr\u00f3\u017cna eksportowa"},"content":{"rendered":"<h1>Chiny Popularna m\u0119ska torba podr\u00f3\u017cna eksportowa<\/h1>\n<p>There are many women makeup bags are selling in the marketplace. However, the male also have their demands on traveling bag or makeup bags. Today, here is the latest design of man&#8217;s traveling bag from China manufacturer. This product is quite popular right now for our e-commerce clients. The product pictures are shown as below for providing more details.<\/p>\n<p>&nbsp;<\/p>\n<p>&nbsp;<\/p>\n<p>Large capacity &amp; organized compartments:Size 25*23*10cm.\u00a0There are two main compartments which can storage the big size of the skincare products. The following four small pockets to store all of your little stuff.<\/p>\n<p>&nbsp;<\/p>\n<p>&nbsp;<\/p>\n<p>Fashion design &amp; multicolors: This bag have a chic looking with following the latest fashion design. We offer different colors and even accept the customized color if you can reach to the MOQ.<\/p>\n<p>&nbsp;<\/p>\n<p>&nbsp;<\/p>\n<p>Smooth YKK zipper &amp; handy handles: used the YKK zipper to make the use experience more happier. The combination of zipper &amp; zipper ear makes it easier to hold and zip up and down. This traveling\u00a0bag is in a perfect size that can be packed up and tucked away in the suitcase.<\/p>\n<p>&nbsp;<\/p>\n<p>&nbsp;<\/p>\n<p><img fetchpriority=\"high\" decoding=\"async\" class=\"aligncenter wp-image-6712\" src=\"https:\/\/www.sellersunionagent.com\/wp-content\/uploads\/2022\/06\/traveling-bag-7.jpg\" alt=\"\" width=\"600\" height=\"600\" \/><\/p>\n<p><img decoding=\"async\" class=\"aligncenter wp-image-6717\" src=\"https:\/\/www.sellersunionagent.com\/wp-content\/uploads\/2022\/06\/traveling-bag-2.jpg\" alt=\"\" width=\"600\" height=\"600\" \/><\/p>\n<p><img decoding=\"async\" class=\"aligncenter wp-image-6718\" src=\"https:\/\/www.sellersunionagent.com\/wp-content\/uploads\/2022\/06\/traveling-bag-1.jpg\" alt=\"\" width=\"600\" height=\"600\" \/><\/p>\n<p><img loading=\"lazy\" decoding=\"async\" class=\"aligncenter wp-image-6719\" src=\"https:\/\/www.sellersunionagent.com\/wp-content\/uploads\/2022\/06\/traveling-bag.jpg\" alt=\"\" width=\"600\" height=\"600\" \/><\/p>\n<p>&nbsp;<\/p>","protected":false},"excerpt":{"rendered":"<p><strong>Typ<\/strong>: kosmetyczka<\/p>\n<p><strong>Rozmiar elementu<\/strong>: 25*23*10cm<\/p>\n<p><strong>Waga przedmiotu<\/strong>: 350g<\/p>\n<p><strong>Kolory<\/strong>: jak na zdj\u0119ciu<\/p>\n<p>&nbsp;<\/p>\n<p>Us\u0142uga dostosowywania<\/p>\n<p>Akceptujemy wymagania OEM i ODM. Je\u015bli masz jakie\u015b kreacje, prze\u015blij nam swoje zapytania. W ka\u017cdej chwili s\u0142u\u017cymy pomoc\u0105.<\/p>","protected":false},"featured_media":6793,"comment_status":"open","ping_status":"closed","template":"","meta":{"_acf_changed":false},"product_brand":[],"product_cat":[30],"product_tag":[47,78,23],"class_list":{"0":"post-6708","1":"product","2":"type-product","3":"status-publish","4":"has-post-thumbnail","6":"product_cat-makeup-bag","7":"product_tag-hot-sale","8":"product_tag-makeup-bag","9":"product_tag-new-arrival","11":"first","12":"instock","13":"shipping-taxable","14":"product-type-simple","15":"swiper-slide"},"acf":[],"_links":{"self":[{"href":"https:\/\/www.sellersunionagent.com\/pl\/wp-json\/wp\/v2\/product\/6708","targetHints":{"allow":["GET"]}}],"collection":[{"href":"https:\/\/www.sellersunionagent.com\/pl\/wp-json\/wp\/v2\/product"}],"about":[{"href":"https:\/\/www.sellersunionagent.com\/pl\/wp-json\/wp\/v2\/types\/product"}],"replies":[{"embeddable":true,"href":"https:\/\/www.sellersunionagent.com\/pl\/wp-json\/wp\/v2\/comments?post=6708"}],"wp:featuredmedia":[{"embeddable":true,"href":"https:\/\/www.sellersunionagent.com\/pl\/wp-json\/wp\/v2\/media\/6793"}],"wp:attachment":[{"href":"https:\/\/www.sellersunionagent.com\/pl\/wp-json\/wp\/v2\/media?parent=6708"}],"wp:term":[{"taxonomy":"product_brand","embeddable":true,"href":"https:\/\/www.sellersunionagent.com\/pl\/wp-json\/wp\/v2\/product_brand?post=6708"},{"taxonomy":"product_cat","embeddable":true,"href":"https:\/\/www.sellersunionagent.com\/pl\/wp-json\/wp\/v2\/product_cat?post=6708"},{"taxonomy":"product_tag","embeddable":true,"href":"https:\/\/www.sellersunionagent.com\/pl\/wp-json\/wp\/v2\/product_tag?post=6708"}],"curies":[{"name":"wp","href":"https:\/\/api.w.org\/{rel}","templated":true}]}}