{"id":6698,"date":"2022-06-02T07:16:35","date_gmt":"2022-06-01T23:16:35","guid":{"rendered":"https:\/\/sellersunionagent.com\/?post_type=product&#038;p=6698"},"modified":"2022-07-11T14:20:14","modified_gmt":"2022-07-11T06:20:14","slug":"chinese-factory-women-portable-makeup-bag","status":"publish","type":"product","link":"https:\/\/www.sellersunionagent.com\/pl\/chinese-factory-women-portable-makeup-bag\/","title":{"rendered":"Przeno\u015bna kosmetyczka damska z chi\u0144skiej fabryki"},"content":{"rendered":"<h1>Przeno\u015bna kosmetyczka damska z chi\u0144skiej fabryki<\/h1>\n<p>&nbsp;<\/p>\n<p>&nbsp;<\/p>\n<p>Portable makeup bags are meant to have small capacity to help people who need to use the makeup tools anytime. Girls like to refine the make-up when they carry this little portable makeup bag. They are four colors are available: green, yellow, pink and blue. So many portable makeup bags can be found in the website at the sort of \u201cmakeup bag\u201d.<\/p>\n<p>&nbsp;<\/p>\n<p>&nbsp;<\/p>\n<p>Portable and light: 24*20*8cm. Only 400g in total. Very easy to carry for girls and females.<\/p>\n<p>&nbsp;<\/p>\n<p>&nbsp;<\/p>\n<p>Durable waterproof &amp; Leak-proof chamber: Wear-Resistant\u00a0polyester\u00a0on the exterior makes it easy to wash and clean.<\/p>\n<p>&nbsp;<\/p>\n<p>&nbsp;<\/p>\n<p>Multi-functional: can be used as a portable makeup bag also as a travel bag or a household storage bag.<\/p>\n<p>&nbsp;<\/p>\n<p>&nbsp;<\/p>\n<p>Easy to grab: special design on appearance with smoothie zipper.<\/p>\n<p>&nbsp;<\/p>\n<p>&nbsp;<\/p>\n<p><img fetchpriority=\"high\" decoding=\"async\" class=\"aligncenter wp-image-6700\" src=\"https:\/\/www.sellersunionagent.com\/wp-content\/uploads\/2022\/06\/women-portable-makeup-bag-7.jpg\" alt=\"\" width=\"600\" height=\"600\" \/><\/p>\n<p><img decoding=\"async\" class=\"aligncenter wp-image-6701\" src=\"https:\/\/www.sellersunionagent.com\/wp-content\/uploads\/2022\/06\/women-portable-makeup-bag-6.jpg\" alt=\"\" width=\"600\" height=\"600\" \/><\/p>\n<p><img decoding=\"async\" class=\"aligncenter wp-image-6702\" src=\"https:\/\/www.sellersunionagent.com\/wp-content\/uploads\/2022\/06\/women-portable-makeup-bag-5.jpg\" alt=\"\" width=\"600\" height=\"600\" \/><\/p>\n<p><img loading=\"lazy\" decoding=\"async\" class=\"aligncenter wp-image-6704\" src=\"https:\/\/www.sellersunionagent.com\/wp-content\/uploads\/2022\/06\/women-portable-makeup-bag-3.jpg\" alt=\"\" width=\"600\" height=\"600\" \/><\/p>","protected":false},"excerpt":{"rendered":"<p><strong>Typ<\/strong>: kosmetyczka<\/p>\n<p><strong>Rozmiar elementu<\/strong>:\u00a0 24*20*8cm<\/p>\n<p><strong>Waga przedmiotu<\/strong>: 400g<\/p>\n<p><strong>Kolory<\/strong>: jak na zdj\u0119ciu<\/p>\n<p>&nbsp;<\/p>\n<p>Us\u0142uga dostosowywania<\/p>\n<p>Akceptujemy wymagania OEM i ODM. Je\u015bli masz jakie\u015b kreacje, prze\u015blij nam swoje zapytania. W ka\u017cdej chwili s\u0142u\u017cymy pomoc\u0105.<\/p>","protected":false},"featured_media":6707,"comment_status":"open","ping_status":"closed","template":"","meta":{"_acf_changed":false},"product_brand":[],"product_cat":[30],"product_tag":[80,81],"class_list":{"0":"post-6698","1":"product","2":"type-product","3":"status-publish","4":"has-post-thumbnail","6":"product_cat-makeup-bag","7":"product_tag-hot-sales","8":"product_tag-makeup-bags","10":"first","11":"instock","12":"shipping-taxable","13":"product-type-simple","14":"swiper-slide"},"acf":[],"_links":{"self":[{"href":"https:\/\/www.sellersunionagent.com\/pl\/wp-json\/wp\/v2\/product\/6698","targetHints":{"allow":["GET"]}}],"collection":[{"href":"https:\/\/www.sellersunionagent.com\/pl\/wp-json\/wp\/v2\/product"}],"about":[{"href":"https:\/\/www.sellersunionagent.com\/pl\/wp-json\/wp\/v2\/types\/product"}],"replies":[{"embeddable":true,"href":"https:\/\/www.sellersunionagent.com\/pl\/wp-json\/wp\/v2\/comments?post=6698"}],"wp:featuredmedia":[{"embeddable":true,"href":"https:\/\/www.sellersunionagent.com\/pl\/wp-json\/wp\/v2\/media\/6707"}],"wp:attachment":[{"href":"https:\/\/www.sellersunionagent.com\/pl\/wp-json\/wp\/v2\/media?parent=6698"}],"wp:term":[{"taxonomy":"product_brand","embeddable":true,"href":"https:\/\/www.sellersunionagent.com\/pl\/wp-json\/wp\/v2\/product_brand?post=6698"},{"taxonomy":"product_cat","embeddable":true,"href":"https:\/\/www.sellersunionagent.com\/pl\/wp-json\/wp\/v2\/product_cat?post=6698"},{"taxonomy":"product_tag","embeddable":true,"href":"https:\/\/www.sellersunionagent.com\/pl\/wp-json\/wp\/v2\/product_tag?post=6698"}],"curies":[{"name":"wp","href":"https:\/\/api.w.org\/{rel}","templated":true}]}}