{"id":6676,"date":"2022-06-02T06:58:39","date_gmt":"2022-06-01T22:58:39","guid":{"rendered":"https:\/\/sellersunionagent.com\/?post_type=product&#038;p=6676"},"modified":"2022-07-11T14:26:54","modified_gmt":"2022-07-11T06:26:54","slug":"chiny-nowe-przenosne-torby-do-makijazu","status":"publish","type":"product","link":"https:\/\/www.sellersunionagent.com\/pl\/china-new-design-portable-makeup-bags\/","title":{"rendered":"Chiny Nowe przeno\u015bne torby do makija\u017cu"},"content":{"rendered":"<h1>Chiny Nowe przeno\u015bne torby do makija\u017cu<\/h1>\n<p>&nbsp;<\/p>\n<p>&nbsp;<\/p>\n<p>Ten typ torby do makija\u017cu jest przeznaczony dla os\u00f3b, kt\u00f3re s\u0105 profesjonalistami w makija\u017cu lub maj\u0105 wiele narz\u0119dzi do makija\u017cu. Jak by\u0107 mo\u017ce wiesz, wiele dziewcz\u0105t uwielbia makija\u017c i lubi otrzymywa\u0107 produkty do makija\u017cu w prezencie. Zdj\u0119cie pokazane powy\u017cej to typowa torba do makija\u017cu o du\u017cej pojemno\u015bci, kt\u00f3ra mo\u017ce pomie\u015bci\u0107 oko\u0142o 3 podk\u0142ad\u00f3w, 5 szminek, 5 r\u00f3\u017c\u00f3w i tak dalej. Co za du\u017ca pojemno\u015b\u0107! Je\u015bli masz wiele narz\u0119dzi do makija\u017cu i nie chcesz przechowywa\u0107 ich w niechlujny spos\u00f3b, zakup tej du\u017cej torby do makija\u017cu jest najlepszym wyborem. Na naszej stronie internetowej dost\u0119pnych jest wiele styl\u00f3w. Zawsze znajdziesz ten, kt\u00f3ry Ci si\u0119 podoba.<\/p>\n<p>&nbsp;<\/p>\n<p>&nbsp;<\/p>\n<p>Mn\u00f3stwo miejsca do przechowywania: ta kosmetyczka jest ju\u017c wystarczaj\u0105co du\u017ca, aby pomie\u015bci\u0107 codzienne produkty do makija\u017cu, takie jak podk\u0142ad, szminki, p\u0119dzle, r\u00f3\u017c itp. Wszystkie produkty do makija\u017cu b\u0119d\u0105 dobrze zorganizowane w tej torbie.<\/p>\n<p>&nbsp;<\/p>\n<p>&nbsp;<\/p>\n<p>Wymiary i struktura: 25 * 8 * 16,5 CM. Du\u017ca pojemno\u015b\u0107 mo\u017ce pomie\u015bci\u0107 wszystkie produkty do makija\u017cu. G\u0142\u00f3wna komora mo\u017ce r\u00f3wnie\u017c pomie\u015bci\u0107 du\u017ce produkty do piel\u0119gnacji sk\u00f3ry. Dost\u0119pnych jest 6 ma\u0142ych kieszeni do przechowywania rzeczy, kt\u00f3re nie powoduj\u0105 ba\u0142aganu.<\/p>\n<p>&nbsp;<\/p>\n<p>&nbsp;<\/p>\n<p><img fetchpriority=\"high\" decoding=\"async\" class=\"aligncenter wp-image-6688\" src=\"https:\/\/www.sellersunionagent.com\/wp-content\/uploads\/2022\/06\/portable-makeup-bags.jpg\" alt=\"\" width=\"600\" height=\"600\" \/><\/p>\n<p><img decoding=\"async\" class=\"aligncenter wp-image-6686\" src=\"https:\/\/www.sellersunionagent.com\/wp-content\/uploads\/2022\/06\/portable-makeup-bags-2.jpg\" alt=\"\" width=\"600\" height=\"600\" \/><\/p>\n<p><img decoding=\"async\" class=\"aligncenter wp-image-6685\" src=\"https:\/\/www.sellersunionagent.com\/wp-content\/uploads\/2022\/06\/portable-makeup-bags-3.jpg\" alt=\"\" width=\"600\" height=\"362\" \/><\/p>\n<p><img loading=\"lazy\" decoding=\"async\" class=\"aligncenter wp-image-6684\" src=\"https:\/\/www.sellersunionagent.com\/wp-content\/uploads\/2022\/06\/portable-makeup-bags-4.jpg\" alt=\"\" width=\"600\" height=\"564\" \/><\/p>","protected":false},"excerpt":{"rendered":"<p><strong>Typ<\/strong>: kosmetyczka<\/p>\n<p><strong>Rozmiar elementu<\/strong>25*8*16,5 CM<\/p>\n<p><strong>Waga przedmiotu<\/strong>: 350g<\/p>\n<p><strong>Kolory<\/strong>: jak na zdj\u0119ciu<\/p>\n<p>&nbsp;<\/p>\n<p>Us\u0142uga dostosowywania<\/p>\n<p>Akceptujemy wymagania OEM i ODM. Je\u015bli masz jakie\u015b kreacje, prze\u015blij nam swoje zapytania. W ka\u017cdej chwili s\u0142u\u017cymy pomoc\u0105.<\/p>","protected":false},"featured_media":6687,"comment_status":"open","ping_status":"closed","template":"","meta":{"_acf_changed":false},"product_brand":[],"product_cat":[30],"product_tag":[47,78,79],"class_list":{"0":"post-6676","1":"product","2":"type-product","3":"status-publish","4":"has-post-thumbnail","6":"product_cat-makeup-bag","7":"product_tag-hot-sale","8":"product_tag-makeup-bag","9":"product_tag-organization","11":"first","12":"instock","13":"shipping-taxable","14":"product-type-simple","15":"swiper-slide"},"acf":[],"_links":{"self":[{"href":"https:\/\/www.sellersunionagent.com\/pl\/wp-json\/wp\/v2\/product\/6676","targetHints":{"allow":["GET"]}}],"collection":[{"href":"https:\/\/www.sellersunionagent.com\/pl\/wp-json\/wp\/v2\/product"}],"about":[{"href":"https:\/\/www.sellersunionagent.com\/pl\/wp-json\/wp\/v2\/types\/product"}],"replies":[{"embeddable":true,"href":"https:\/\/www.sellersunionagent.com\/pl\/wp-json\/wp\/v2\/comments?post=6676"}],"wp:featuredmedia":[{"embeddable":true,"href":"https:\/\/www.sellersunionagent.com\/pl\/wp-json\/wp\/v2\/media\/6687"}],"wp:attachment":[{"href":"https:\/\/www.sellersunionagent.com\/pl\/wp-json\/wp\/v2\/media?parent=6676"}],"wp:term":[{"taxonomy":"product_brand","embeddable":true,"href":"https:\/\/www.sellersunionagent.com\/pl\/wp-json\/wp\/v2\/product_brand?post=6676"},{"taxonomy":"product_cat","embeddable":true,"href":"https:\/\/www.sellersunionagent.com\/pl\/wp-json\/wp\/v2\/product_cat?post=6676"},{"taxonomy":"product_tag","embeddable":true,"href":"https:\/\/www.sellersunionagent.com\/pl\/wp-json\/wp\/v2\/product_tag?post=6676"}],"curies":[{"name":"wp","href":"https:\/\/api.w.org\/{rel}","templated":true}]}}