{"id":6664,"date":"2022-06-02T06:48:42","date_gmt":"2022-06-01T22:48:42","guid":{"rendered":"https:\/\/sellersunionagent.com\/?post_type=product&#038;p=6664"},"modified":"2022-07-11T14:28:17","modified_gmt":"2022-07-11T06:28:17","slug":"manufacturer-discount-on-summer-makeup-bags","status":"publish","type":"product","link":"https:\/\/www.sellersunionagent.com\/pl\/manufacturer-discount-on-summer-makeup-bags\/","title":{"rendered":"Zni\u017cka producenta na letnie torby do makija\u017cu"},"content":{"rendered":"<h1>Zni\u017cka producenta na letnie torby do makija\u017cu<\/h1>\n<p>Draw string design: usually the makeup bags are using the zipper to open\/close the bag, however, for this one we used the draw string design to make it looked specical;<\/p>\n<p>&nbsp;<\/p>\n<p>&nbsp;<\/p>\n<p>Dimenstion: 19*25*12cm<\/p>\n<p>&nbsp;<\/p>\n<p>&nbsp;<\/p>\n<p>Quick drying material: this makeup bag used the polyester instead of tranditional cloth material. This technology makes the bag have a lighter weight and quick drying features.<\/p>\n<p>&nbsp;<\/p>\n<p>&nbsp;<\/p>\n<p><span class=\"a-list-item\">Perfect Travel Cosmetic Bag\uff1aThis marble makeup bag set is portable and lightweight, easy to carry. You can bring your cosmetics to anywhere.<\/span><\/p>\n<p>&nbsp;<\/p>\n<p>&nbsp;<\/p>\n<p>Top\u00a0Material: Made of high-quality PU Leather material with marble print, these makeup bags is scratch-resistant, durable and water-resistant, the sturdy gold zipper can keep your beauty products in place.<\/p>\n<p>&nbsp;<\/p>\n<p><img fetchpriority=\"high\" decoding=\"async\" class=\"aligncenter wp-image-9257 size-full\" src=\"https:\/\/www.sellersunionagent.com\/wp-content\/uploads\/2022\/06\/9893f7f1101f72b829f60f599bc6d72.png\" alt=\"Manufacturer Discount\" width=\"725\" height=\"758\" \/><img decoding=\"async\" class=\"aligncenter wp-image-9258 size-full\" src=\"https:\/\/www.sellersunionagent.com\/wp-content\/uploads\/2022\/06\/c561289fd805144e472cb46fa35a8a3.png\" alt=\"Manufacturer Discount\" width=\"616\" height=\"414\" \/><img decoding=\"async\" class=\"aligncenter wp-image-9261\" src=\"https:\/\/www.sellersunionagent.com\/wp-content\/uploads\/2022\/06\/629deb1d48af802bcf68eb49a3da5d9.png\" alt=\"Manufacturer Discount\" width=\"600\" height=\"772\" \/><img loading=\"lazy\" decoding=\"async\" class=\"aligncenter wp-image-9264\" src=\"https:\/\/www.sellersunionagent.com\/wp-content\/uploads\/2022\/06\/5b802b1d7a638a96b213364c8616059.png\" alt=\"Manufacturer Discount\" width=\"600\" height=\"767\" \/><img loading=\"lazy\" decoding=\"async\" class=\"aligncenter wp-image-9260 size-full\" src=\"https:\/\/www.sellersunionagent.com\/wp-content\/uploads\/2022\/06\/b3ec665f2e4dcaaf76074c030eb426d.png\" alt=\"Manufacturer Discount\" width=\"588\" height=\"814\" \/><br \/>\n<img loading=\"lazy\" decoding=\"async\" class=\"aligncenter wp-image-6668\" src=\"https:\/\/www.sellersunionagent.com\/wp-content\/uploads\/2022\/06\/summer-makeup-bags-7.jpg\" alt=\"\" width=\"600\" height=\"600\" \/><\/p>\n<p><img loading=\"lazy\" decoding=\"async\" class=\"aligncenter wp-image-6665\" src=\"https:\/\/www.sellersunionagent.com\/wp-content\/uploads\/2022\/06\/summer-makeup-bags-10.jpg\" alt=\"\" width=\"600\" height=\"600\" \/><\/p>\n<p><img loading=\"lazy\" decoding=\"async\" class=\"aligncenter wp-image-6666\" src=\"https:\/\/www.sellersunionagent.com\/wp-content\/uploads\/2022\/06\/summer-makeup-bags-9.jpg\" alt=\"\" width=\"600\" height=\"600\" \/><\/p>\n<p><img loading=\"lazy\" decoding=\"async\" class=\"aligncenter wp-image-6667\" src=\"https:\/\/www.sellersunionagent.com\/wp-content\/uploads\/2022\/06\/summer-makeup-bags-8.jpg\" alt=\"\" width=\"600\" height=\"600\" \/><\/p>\n<p>&nbsp;<\/p>\n<p>&nbsp;<\/p>","protected":false},"excerpt":{"rendered":"<p><strong>Typ<\/strong>: kosmetyczka<\/p>\n<p><strong>Numer pozycji<\/strong>: RH187<\/p>\n<p><strong>Rozmiar elementu<\/strong>: 19*25*12cm<\/p>\n<p><strong>Waga przedmiotu<\/strong>: 103g<\/p>\n<p><strong>Kolory<\/strong>: jak na zdj\u0119ciu<\/p>\n<p>&nbsp;<\/p>\n<p>Us\u0142uga dostosowywania<\/p>\n<p>Akceptujemy wymagania OEM i ODM. Je\u015bli masz jakie\u015b kreacje, prze\u015blij nam swoje zapytania. W ka\u017cdej chwili s\u0142u\u017cymy pomoc\u0105.<\/p>","protected":false},"featured_media":6675,"comment_status":"open","ping_status":"closed","template":"","meta":{"_acf_changed":false},"product_brand":[],"product_cat":[30],"product_tag":[47,78,79],"class_list":{"0":"post-6664","1":"product","2":"type-product","3":"status-publish","4":"has-post-thumbnail","6":"product_cat-makeup-bag","7":"product_tag-hot-sale","8":"product_tag-makeup-bag","9":"product_tag-organization","11":"first","12":"instock","13":"shipping-taxable","14":"product-type-simple","15":"swiper-slide"},"acf":[],"_links":{"self":[{"href":"https:\/\/www.sellersunionagent.com\/pl\/wp-json\/wp\/v2\/product\/6664","targetHints":{"allow":["GET"]}}],"collection":[{"href":"https:\/\/www.sellersunionagent.com\/pl\/wp-json\/wp\/v2\/product"}],"about":[{"href":"https:\/\/www.sellersunionagent.com\/pl\/wp-json\/wp\/v2\/types\/product"}],"replies":[{"embeddable":true,"href":"https:\/\/www.sellersunionagent.com\/pl\/wp-json\/wp\/v2\/comments?post=6664"}],"wp:featuredmedia":[{"embeddable":true,"href":"https:\/\/www.sellersunionagent.com\/pl\/wp-json\/wp\/v2\/media\/6675"}],"wp:attachment":[{"href":"https:\/\/www.sellersunionagent.com\/pl\/wp-json\/wp\/v2\/media?parent=6664"}],"wp:term":[{"taxonomy":"product_brand","embeddable":true,"href":"https:\/\/www.sellersunionagent.com\/pl\/wp-json\/wp\/v2\/product_brand?post=6664"},{"taxonomy":"product_cat","embeddable":true,"href":"https:\/\/www.sellersunionagent.com\/pl\/wp-json\/wp\/v2\/product_cat?post=6664"},{"taxonomy":"product_tag","embeddable":true,"href":"https:\/\/www.sellersunionagent.com\/pl\/wp-json\/wp\/v2\/product_tag?post=6664"}],"curies":[{"name":"wp","href":"https:\/\/api.w.org\/{rel}","templated":true}]}}