{"id":6654,"date":"2022-06-02T06:35:39","date_gmt":"2022-06-01T22:35:39","guid":{"rendered":"https:\/\/sellersunionagent.com\/?post_type=product&#038;p=6654"},"modified":"2022-07-12T10:29:21","modified_gmt":"2022-07-12T02:29:21","slug":"przenosna-kosmetyczka-od-chinskiej-firmy-eksportowej","status":"publish","type":"product","link":"https:\/\/www.sellersunionagent.com\/pl\/must-have-portable-makeup-bag-from-china-export-company\/","title":{"rendered":"Niezb\u0119dna przeno\u015bna kosmetyczka od chi\u0144skiej firmy eksportowej"},"content":{"rendered":"<h1>Niezb\u0119dna przeno\u015bna kosmetyczka od chi\u0144skiej firmy eksportowej<\/h1>\n<p>&nbsp;<\/p>\n<p>&nbsp;<\/p>\n<p>\u0141atwa do z\u0142o\u017cenia: jako przeno\u015bna kosmetyczka, \u0142atwa do z\u0142o\u017cenia i przenoszenia jest bardzo wa\u017cna dla dziewcz\u0105t. Poniewa\u017c kiedy dziewcz\u0119ta planuj\u0105 zakup nowej kosmetyczki, mog\u0105 martwi\u0107 si\u0119 o wygod\u0119 produkt\u00f3w.<\/p>\n<p>&nbsp;<\/p>\n<p>&nbsp;<\/p>\n<p>Wielokrotne projektowanie mody: wielokrotnie zmieniali\u015bmy nasze rysunki projektowe tylko dlatego, \u017ce chcemy zaprojektowa\u0107 najnowsze i najpopularniejsze torby do makija\u017cu, aby wprowadzi\u0107 je na nasz\u0105 stron\u0119 internetow\u0105. Zesp\u00f3\u0142 projektant\u00f3w po\u0142\u0105czy\u0142 nowe czynniki modowe i doda\u0142 je do naszych kosmetyczek.<\/p>\n<p>&nbsp;<\/p>\n<p>Idealna podr\u00f3\u017cna kosmetyczka \uff1a Ten uroczy zestaw do makija\u017cu jest przeno\u015bny i lekki, \u0142atwy do przenoszenia. Mo\u017cesz zabra\u0107 sw\u00f3j makija\u017c w dowolne miejsce. Jego wymiary to: 22 * 14 * 12 CM, a konstrukcja jest pojedyncza. Waga produktu jest bardzo lekka i wynosi zaledwie 135 gram\u00f3w.<\/p>\n<p>&nbsp;<\/p>\n<p>&nbsp;<\/p>\n<p><img fetchpriority=\"high\" decoding=\"async\" class=\"aligncenter wp-image-6656\" src=\"https:\/\/www.sellersunionagent.com\/wp-content\/uploads\/2022\/06\/portable-makeup-bag-8.jpg\" alt=\"\" width=\"600\" height=\"450\" \/><\/p>\n<p><img decoding=\"async\" class=\"aligncenter wp-image-6658\" src=\"https:\/\/www.sellersunionagent.com\/wp-content\/uploads\/2022\/06\/portable-makeup-bag-6.jpg\" alt=\"\" width=\"600\" height=\"450\" \/><\/p>\n<p><img decoding=\"async\" class=\"aligncenter wp-image-6655\" src=\"https:\/\/www.sellersunionagent.com\/wp-content\/uploads\/2022\/06\/portable-makeup-bag-10.jpg\" alt=\"\" width=\"600\" height=\"450\" \/><\/p>\n<p><img loading=\"lazy\" decoding=\"async\" class=\"aligncenter wp-image-6659\" src=\"https:\/\/www.sellersunionagent.com\/wp-content\/uploads\/2022\/06\/portable-makeup-bag-4.jpg\" alt=\"\" width=\"600\" height=\"600\" \/><img loading=\"lazy\" decoding=\"async\" class=\"aligncenter wp-image-6657\" src=\"https:\/\/www.sellersunionagent.com\/wp-content\/uploads\/2022\/06\/portable-makeup-bag-9.jpg\" alt=\"\" width=\"600\" height=\"450\" \/> <img loading=\"lazy\" decoding=\"async\" class=\"aligncenter wp-image-9272\" src=\"https:\/\/www.sellersunionagent.com\/wp-content\/uploads\/2022\/06\/1P0A7620-1.jpg\" alt=\"OEM\/ODM\" width=\"600\" height=\"600\" \/><\/p>\n<p>&nbsp;<\/p>","protected":false},"excerpt":{"rendered":"<p><strong>Typ<\/strong>: kosmetyczka<\/p>\n<p><strong>Rozmiar elementu<\/strong>22*14*12CM<\/p>\n<p><strong>Waga przedmiotu<\/strong>: 135g<\/p>\n<p><strong>Kolory<\/strong>: R\u00f3\u017cowy\/\u017b\u00f3\u0142ty\/Czerwony\/Zielony\/Niebieski<\/p>\n<p>&nbsp;<\/p>\n<p>Us\u0142uga dostosowywania<\/p>\n<p>Akceptujemy wymagania OEM i ODM. Je\u015bli masz jakie\u015b kreacje, prze\u015blij nam swoje zapytania. W ka\u017cdej chwili s\u0142u\u017cymy pomoc\u0105.<\/p>","protected":false},"featured_media":6660,"comment_status":"open","ping_status":"closed","template":"","meta":{"_acf_changed":false},"product_brand":[],"product_cat":[30],"product_tag":[47,78],"class_list":{"0":"post-6654","1":"product","2":"type-product","3":"status-publish","4":"has-post-thumbnail","6":"product_cat-makeup-bag","7":"product_tag-hot-sale","8":"product_tag-makeup-bag","10":"first","11":"instock","12":"shipping-taxable","13":"product-type-simple","14":"swiper-slide"},"acf":[],"_links":{"self":[{"href":"https:\/\/www.sellersunionagent.com\/pl\/wp-json\/wp\/v2\/product\/6654","targetHints":{"allow":["GET"]}}],"collection":[{"href":"https:\/\/www.sellersunionagent.com\/pl\/wp-json\/wp\/v2\/product"}],"about":[{"href":"https:\/\/www.sellersunionagent.com\/pl\/wp-json\/wp\/v2\/types\/product"}],"replies":[{"embeddable":true,"href":"https:\/\/www.sellersunionagent.com\/pl\/wp-json\/wp\/v2\/comments?post=6654"}],"wp:featuredmedia":[{"embeddable":true,"href":"https:\/\/www.sellersunionagent.com\/pl\/wp-json\/wp\/v2\/media\/6660"}],"wp:attachment":[{"href":"https:\/\/www.sellersunionagent.com\/pl\/wp-json\/wp\/v2\/media?parent=6654"}],"wp:term":[{"taxonomy":"product_brand","embeddable":true,"href":"https:\/\/www.sellersunionagent.com\/pl\/wp-json\/wp\/v2\/product_brand?post=6654"},{"taxonomy":"product_cat","embeddable":true,"href":"https:\/\/www.sellersunionagent.com\/pl\/wp-json\/wp\/v2\/product_cat?post=6654"},{"taxonomy":"product_tag","embeddable":true,"href":"https:\/\/www.sellersunionagent.com\/pl\/wp-json\/wp\/v2\/product_tag?post=6654"}],"curies":[{"name":"wp","href":"https:\/\/api.w.org\/{rel}","templated":true}]}}