{"id":6626,"date":"2022-06-02T04:12:54","date_gmt":"2022-06-01T20:12:54","guid":{"rendered":"https:\/\/sellersunionagent.com\/?post_type=product&#038;p=6626"},"modified":"2022-08-31T14:22:25","modified_gmt":"2022-08-31T06:22:25","slug":"worki-na-pranie-do-organizacji-domu-zamawiane-luzem","status":"publish","type":"product","link":"https:\/\/www.sellersunionagent.com\/pl\/bulk-order-home-organization-laundry-bags\/","title":{"rendered":"Organizacja domu na zam\u00f3wienie hurtowe: Worki na pranie"},"content":{"rendered":"<h1>Organizacja domu na zam\u00f3wienie hurtowe: Worki na pranie<\/h1>\n<p>Du\u017ca pojemno\u015b\u0107: z \u0142atwo\u015bci\u0105 pomie\u015bci ponad 10 pranych ubra\u0144 jednocze\u015bnie;<\/p>\n<p>&nbsp;<\/p>\n<p>&nbsp;<\/p>\n<p>Niewielka waga: tylko 350 gram\u00f3w dla ka\u017cdego produktu. Mo\u017cna go bardzo \u0142atwo przenosi\u0107;<\/p>\n<p>&nbsp;<\/p>\n<p>&nbsp;<\/p>\n<p>Konstrukcja ze sznurkiem: blokuje kurz i brud przed ubraniami;<\/p>\n<p>&nbsp;<\/p>\n<p>&nbsp;<\/p>\n<p>Wodoodporna konstrukcja: u\u017cyli\u015bmy wodoodpornych materia\u0142\u00f3w, aby zapobiec zamoczeniu odzie\u017cy przez wod\u0119;<\/p>\n<p>&nbsp;<\/p>\n<p>&nbsp;<\/p>\n<p>Dost\u0119pny z dwoma uchwytami: do przenoszenia produktu w dowolnym miejscu w domu.<\/p>\n<p>&nbsp;<\/p>\n<p>&nbsp;<\/p>\n<p><img fetchpriority=\"high\" decoding=\"async\" class=\"aligncenter wp-image-6633\" src=\"https:\/\/www.sellersunionagent.com\/wp-content\/uploads\/2022\/06\/laundry-bags-1.jpg\" alt=\"\" width=\"600\" height=\"599\" \/><\/p>\n<p><img decoding=\"async\" class=\"aligncenter wp-image-6632\" src=\"https:\/\/www.sellersunionagent.com\/wp-content\/uploads\/2022\/06\/laundry-bags-2.jpg\" alt=\"\" width=\"600\" height=\"600\" \/><\/p>\n<p><img decoding=\"async\" class=\"aligncenter wp-image-6634\" src=\"https:\/\/www.sellersunionagent.com\/wp-content\/uploads\/2022\/06\/laundry-bags.jpg\" alt=\"\" width=\"600\" height=\"600\" \/><\/p>","protected":false},"excerpt":{"rendered":"<p><strong>Typ<\/strong>: Przechowywanie w domu<\/p>\n<p><strong>Rozmiar elementu<\/strong>: 35*38*50cm<\/p>\n<p><strong>Waga przedmiotu<\/strong>\uff1a 350g<\/p>\n<p><strong>Kolory<\/strong>: Czarny\/Szary\/R\u00f3\u017cowy\/NiebieskiWaga przedmiotu: 350g<\/p>\n<p>&nbsp;<\/p>\n<p>Us\u0142uga dostosowywania<\/p>\n<p>Akceptujemy wymagania OEM i ODM. Je\u015bli masz jakie\u015b kreacje, prze\u015blij nam swoje zapytania. W ka\u017cdej chwili s\u0142u\u017cymy pomoc\u0105.<\/p>","protected":false},"featured_media":6744,"comment_status":"open","ping_status":"closed","template":"","meta":{"_acf_changed":false},"product_brand":[],"product_cat":[31,189],"product_tag":[70,47,76],"class_list":{"0":"post-6626","1":"product","2":"type-product","3":"status-publish","4":"has-post-thumbnail","6":"product_cat-home-storage","7":"product_cat-bathroom","8":"product_tag-home-storage","9":"product_tag-hot-sale","10":"product_tag-laundry-bag","12":"first","13":"instock","14":"shipping-taxable","15":"product-type-simple","16":"swiper-slide"},"acf":[],"_links":{"self":[{"href":"https:\/\/www.sellersunionagent.com\/pl\/wp-json\/wp\/v2\/product\/6626","targetHints":{"allow":["GET"]}}],"collection":[{"href":"https:\/\/www.sellersunionagent.com\/pl\/wp-json\/wp\/v2\/product"}],"about":[{"href":"https:\/\/www.sellersunionagent.com\/pl\/wp-json\/wp\/v2\/types\/product"}],"replies":[{"embeddable":true,"href":"https:\/\/www.sellersunionagent.com\/pl\/wp-json\/wp\/v2\/comments?post=6626"}],"wp:featuredmedia":[{"embeddable":true,"href":"https:\/\/www.sellersunionagent.com\/pl\/wp-json\/wp\/v2\/media\/6744"}],"wp:attachment":[{"href":"https:\/\/www.sellersunionagent.com\/pl\/wp-json\/wp\/v2\/media?parent=6626"}],"wp:term":[{"taxonomy":"product_brand","embeddable":true,"href":"https:\/\/www.sellersunionagent.com\/pl\/wp-json\/wp\/v2\/product_brand?post=6626"},{"taxonomy":"product_cat","embeddable":true,"href":"https:\/\/www.sellersunionagent.com\/pl\/wp-json\/wp\/v2\/product_cat?post=6626"},{"taxonomy":"product_tag","embeddable":true,"href":"https:\/\/www.sellersunionagent.com\/pl\/wp-json\/wp\/v2\/product_tag?post=6626"}],"curies":[{"name":"wp","href":"https:\/\/api.w.org\/{rel}","templated":true}]}}