{"id":6614,"date":"2022-06-02T04:01:23","date_gmt":"2022-06-01T20:01:23","guid":{"rendered":"https:\/\/sellersunionagent.com\/?post_type=product&#038;p=6614"},"modified":"2022-08-31T14:22:34","modified_gmt":"2022-08-31T06:22:34","slug":"large-capacity-distributor-underwear-home-storage-bag","status":"publish","type":"product","link":"https:\/\/www.sellersunionagent.com\/pl\/large-capacity-distributor-underwear-home-storage-bag\/","title":{"rendered":"Du\u017ca pojemno\u015b\u0107: torba do przechowywania bielizny dla dystrybutora"},"content":{"rendered":"<h1>Big capacity: distributor underwear home storage bag<\/h1>\n<p>Unbelievable big capacity: can storage more than 12 bras and 24 underwear at the same time.<\/p>\n<p>&nbsp;<\/p>\n<p>&nbsp;<\/p>\n<p>Diversity of bra and underwear: can fit in many different style and size of the bras and underwear in our home storage bag.<\/p>\n<p>&nbsp;<\/p>\n<p>&nbsp;<\/p>\n<p>Quick lead time: about 3-7 days for sample and 5-10 days for bulk order depends on the quantities.<\/p>\n<p>&nbsp;<\/p>\n<p>&nbsp;<\/p>\n<p>Dimension:\u00a0 48 cm *80 cm.<\/p>\n<p>&nbsp;<\/p>\n<p>&nbsp;<\/p>\n<p><img fetchpriority=\"high\" decoding=\"async\" class=\"aligncenter wp-image-6620\" src=\"https:\/\/www.sellersunionagent.com\/wp-content\/uploads\/2022\/06\/underwear-home-storage-bag-7.jpg\" alt=\"\" width=\"600\" height=\"600\" \/><\/p>\n<p><img decoding=\"async\" class=\"aligncenter wp-image-6619\" src=\"https:\/\/www.sellersunionagent.com\/wp-content\/uploads\/2022\/06\/underwear-home-storage-bag-8.jpg\" alt=\"\" width=\"600\" height=\"600\" \/><\/p>\n<p><img decoding=\"async\" class=\"aligncenter wp-image-6618\" src=\"https:\/\/www.sellersunionagent.com\/wp-content\/uploads\/2022\/06\/underwear-home-storage-bag-9.jpg\" alt=\"\" width=\"600\" height=\"600\" \/><\/p>\n<p><img loading=\"lazy\" decoding=\"async\" class=\"aligncenter wp-image-6617\" src=\"https:\/\/www.sellersunionagent.com\/wp-content\/uploads\/2022\/06\/underwear-home-storage-bag-10.jpg\" alt=\"\" width=\"600\" height=\"600\" \/><\/p>\n<p>&nbsp;<\/p>","protected":false},"excerpt":{"rendered":"<p><strong>Typ<\/strong>: Przechowywanie w domu<\/p>\n<p><strong>Rozmiar elementu<\/strong>: 40*78cm<\/p>\n<p><strong>Waga przedmiotu<\/strong>: 350g<\/p>\n<p><strong>Kolory<\/strong>: Pink\/Grey<\/p>\n<p>&nbsp;<\/p>\n<p>Us\u0142uga dostosowywania<\/p>\n<p>Akceptujemy wymagania OEM i ODM. Je\u015bli masz jakie\u015b kreacje, prze\u015blij nam swoje zapytania. W ka\u017cdej chwili s\u0142u\u017cymy pomoc\u0105.<\/p>","protected":false},"featured_media":6732,"comment_status":"open","ping_status":"closed","template":"","meta":{"_acf_changed":false},"product_brand":[],"product_cat":[31,187],"product_tag":[70,47],"class_list":{"0":"post-6614","1":"product","2":"type-product","3":"status-publish","4":"has-post-thumbnail","6":"product_cat-home-storage","7":"product_cat-bedroom","8":"product_tag-home-storage","9":"product_tag-hot-sale","11":"first","12":"instock","13":"shipping-taxable","14":"product-type-simple","15":"swiper-slide"},"acf":[],"_links":{"self":[{"href":"https:\/\/www.sellersunionagent.com\/pl\/wp-json\/wp\/v2\/product\/6614","targetHints":{"allow":["GET"]}}],"collection":[{"href":"https:\/\/www.sellersunionagent.com\/pl\/wp-json\/wp\/v2\/product"}],"about":[{"href":"https:\/\/www.sellersunionagent.com\/pl\/wp-json\/wp\/v2\/types\/product"}],"replies":[{"embeddable":true,"href":"https:\/\/www.sellersunionagent.com\/pl\/wp-json\/wp\/v2\/comments?post=6614"}],"wp:featuredmedia":[{"embeddable":true,"href":"https:\/\/www.sellersunionagent.com\/pl\/wp-json\/wp\/v2\/media\/6732"}],"wp:attachment":[{"href":"https:\/\/www.sellersunionagent.com\/pl\/wp-json\/wp\/v2\/media?parent=6614"}],"wp:term":[{"taxonomy":"product_brand","embeddable":true,"href":"https:\/\/www.sellersunionagent.com\/pl\/wp-json\/wp\/v2\/product_brand?post=6614"},{"taxonomy":"product_cat","embeddable":true,"href":"https:\/\/www.sellersunionagent.com\/pl\/wp-json\/wp\/v2\/product_cat?post=6614"},{"taxonomy":"product_tag","embeddable":true,"href":"https:\/\/www.sellersunionagent.com\/pl\/wp-json\/wp\/v2\/product_tag?post=6614"}],"curies":[{"name":"wp","href":"https:\/\/api.w.org\/{rel}","templated":true}]}}