{"id":6604,"date":"2022-06-02T03:48:03","date_gmt":"2022-06-01T19:48:03","guid":{"rendered":"https:\/\/sellersunionagent.com\/?post_type=product&#038;p=6604"},"modified":"2022-08-31T14:22:42","modified_gmt":"2022-08-31T06:22:42","slug":"torba-na-pranie-ze-znizka-na-zamowienie-hurtowe","status":"publish","type":"product","link":"https:\/\/www.sellersunionagent.com\/pl\/bulk-order-discount-laundry-bag\/","title":{"rendered":"Rabat na zam\u00f3wienie hurtowe - torba na pranie"},"content":{"rendered":"<h1>Rabat na zam\u00f3wienie hurtowe - torba na pranie<\/h1>\n<p>Widoczny uchwyt do przenoszenia: Po lewej i prawej stronie produktu znajduj\u0105 si\u0119 dwa uchwyty, kt\u00f3re u\u0142atwiaj\u0105 przenoszenie torby na pranie;<\/p>\n<p>&nbsp;<\/p>\n<p>&nbsp;<\/p>\n<p>Niewielka waga: Waga torby na pranie do u\u017cytku domowego jest bardzo lekka, a nie ci\u0119\u017cka. Dzi\u0119ki temu mo\u017cna j\u0105 \u0142atwo przenosi\u0107;<\/p>\n<p>&nbsp;<\/p>\n<p>&nbsp;<\/p>\n<p>Modny wygl\u0105d: do wyboru jest sze\u015b\u0107 kolor\u00f3w i styl\u00f3w. Po prostu wybierz ten, kt\u00f3ry Ci si\u0119 podoba!<\/p>\n<p>&nbsp;<\/p>\n<p>&nbsp;<\/p>\n<p>Du\u017cy rozmiar: Bardzo du\u017ca pojemno\u015b\u0107 jest wystarczaj\u0105co du\u017ca, aby pomie\u015bci\u0107 przeci\u0119tny \u0142adunek prania.<\/p>\n<p>&nbsp;<\/p>\n<p>&nbsp;<\/p>\n<p>Wysokiej jako\u015bci materia\u0142 - wykonany z wysokiej jako\u015bci lnu jako surowca; tkanin\u0119 lnian\u0105 mo\u017cna pra\u0107<\/p>\n<p>&nbsp;<\/p>\n<p>&nbsp;<\/p>\n<p><img fetchpriority=\"high\" decoding=\"async\" class=\"aligncenter wp-image-6607\" src=\"https:\/\/www.sellersunionagent.com\/wp-content\/uploads\/2022\/06\/discount-laundry-bag-6.jpg\" alt=\"\" width=\"600\" height=\"600\" \/><\/p>\n<p><img decoding=\"async\" class=\"aligncenter wp-image-6608\" src=\"https:\/\/www.sellersunionagent.com\/wp-content\/uploads\/2022\/06\/discount-laundry-bag-5.jpg\" alt=\"\" width=\"600\" height=\"600\" \/><\/p>\n<p><img decoding=\"async\" class=\"aligncenter wp-image-6606\" src=\"https:\/\/www.sellersunionagent.com\/wp-content\/uploads\/2022\/06\/discount-laundry-bag-7.jpg\" alt=\"\" width=\"600\" height=\"614\" \/><\/p>\n<p><img loading=\"lazy\" decoding=\"async\" class=\"aligncenter wp-image-6605\" src=\"https:\/\/www.sellersunionagent.com\/wp-content\/uploads\/2022\/06\/discount-laundry-bag-8.jpg\" alt=\"\" width=\"600\" height=\"657\" \/><\/p>\n<p><img loading=\"lazy\" decoding=\"async\" class=\"aligncenter wp-image-6609\" src=\"https:\/\/www.sellersunionagent.com\/wp-content\/uploads\/2022\/06\/discount-laundry-bag-4.jpg\" alt=\"\" width=\"600\" height=\"488\" \/><\/p>","protected":false},"excerpt":{"rendered":"<p><strong>Typ<\/strong>: Przechowywanie w domu<\/p>\n<p><strong>Rozmiar elementu<\/strong>:  35*45cm<\/p>\n<p><strong>Waga przedmiotu<\/strong>: 400g<\/p>\n<p><strong>Kolory<\/strong>: Czarny\/Zielony\/Niebieski<\/p>\n<p>&nbsp;<\/p>\n<p>Us\u0142uga dostosowywania<\/p>\n<p>Akceptujemy wymagania OEM i ODM. Je\u015bli masz jakie\u015b kreacje, prze\u015blij nam swoje zapytania. W ka\u017cdej chwili s\u0142u\u017cymy pomoc\u0105.<\/p>","protected":false},"featured_media":6613,"comment_status":"open","ping_status":"closed","template":"","meta":{"_acf_changed":false},"product_brand":[],"product_cat":[31,186],"product_tag":[70,47,76],"class_list":{"0":"post-6604","1":"product","2":"type-product","3":"status-publish","4":"has-post-thumbnail","6":"product_cat-home-storage","7":"product_cat-living-room","8":"product_tag-home-storage","9":"product_tag-hot-sale","10":"product_tag-laundry-bag","12":"first","13":"instock","14":"shipping-taxable","15":"product-type-simple","16":"swiper-slide"},"acf":[],"_links":{"self":[{"href":"https:\/\/www.sellersunionagent.com\/pl\/wp-json\/wp\/v2\/product\/6604","targetHints":{"allow":["GET"]}}],"collection":[{"href":"https:\/\/www.sellersunionagent.com\/pl\/wp-json\/wp\/v2\/product"}],"about":[{"href":"https:\/\/www.sellersunionagent.com\/pl\/wp-json\/wp\/v2\/types\/product"}],"replies":[{"embeddable":true,"href":"https:\/\/www.sellersunionagent.com\/pl\/wp-json\/wp\/v2\/comments?post=6604"}],"wp:featuredmedia":[{"embeddable":true,"href":"https:\/\/www.sellersunionagent.com\/pl\/wp-json\/wp\/v2\/media\/6613"}],"wp:attachment":[{"href":"https:\/\/www.sellersunionagent.com\/pl\/wp-json\/wp\/v2\/media?parent=6604"}],"wp:term":[{"taxonomy":"product_brand","embeddable":true,"href":"https:\/\/www.sellersunionagent.com\/pl\/wp-json\/wp\/v2\/product_brand?post=6604"},{"taxonomy":"product_cat","embeddable":true,"href":"https:\/\/www.sellersunionagent.com\/pl\/wp-json\/wp\/v2\/product_cat?post=6604"},{"taxonomy":"product_tag","embeddable":true,"href":"https:\/\/www.sellersunionagent.com\/pl\/wp-json\/wp\/v2\/product_tag?post=6604"}],"curies":[{"name":"wp","href":"https:\/\/api.w.org\/{rel}","templated":true}]}}