{"id":6580,"date":"2022-06-01T22:01:32","date_gmt":"2022-06-01T14:01:32","guid":{"rendered":"https:\/\/sellersunionagent.com\/?post_type=product&#038;p=6580"},"modified":"2022-08-31T14:22:59","modified_gmt":"2022-08-31T06:22:59","slug":"hurtowa-torba-na-ubrania-o-duzej-pojemnosci-do-przechowywania-w-domu","status":"publish","type":"product","link":"https:\/\/www.sellersunionagent.com\/pl\/wholesale-large-capacity-clothes-storage-bag-for-home-storage\/","title":{"rendered":"Hurtowa torba do przechowywania ubra\u0144 o du\u017cej pojemno\u015bci do przechowywania w domu"},"content":{"rendered":"<h2>Sk\u0142adane torby na ubrania o du\u017cej pojemno\u015bci do przechowywania w domu<\/h2>\n<p>&nbsp;<\/p>\n<p>&nbsp;<\/p>\n<ul>\n<li>Wolnostoj\u0105cy: Wystarczy rozci\u0105gn\u0105\u0107 kosz na bielizn\u0119, a sam stanie i utrzyma si\u0119 w pozycji pionowej bez konieczno\u015bci monta\u017cu.<\/li>\n<\/ul>\n<p>&nbsp;<\/p>\n<p>&nbsp;<\/p>\n<ul>\n<li>Rozmiar: ok. 32 * 25 * 50 CM, prosimy o dok\u0142adne sprawdzenie rozmiaru przed zakupem.<\/li>\n<\/ul>\n<p>&nbsp;<\/p>\n<p>&nbsp;<\/p>\n<ul>\n<li>Sk\u0142adana konstrukcja: Kosz na pranie mo\u017cna \u0142atwo z\u0142o\u017cy\u0107, aby zaoszcz\u0119dzi\u0107 miejsce, gdy nie jest u\u017cywany, idealny do akademik\u00f3w, kamper\u00f3w, apartament\u00f3w, hoteli, \u017c\u0142obk\u00f3w i pomieszcze\u0144 gospodarczych.<\/li>\n<\/ul>\n<p>&nbsp;<\/p>\n<p>&nbsp;<\/p>\n<ul>\n<li>Nie u\u017cywaj pralki do czyszczenia kosza do przechowywania, poniewa\u017c spowoduje to uszkodzenie pow\u0142oki PE.<\/li>\n<\/ul>\n<p>&nbsp;<\/p>\n<p><img fetchpriority=\"high\" decoding=\"async\" class=\"aligncenter wp-image-6584\" src=\"https:\/\/www.sellersunionagent.com\/wp-content\/uploads\/2022\/06\/clothes-storage-bag-4.jpg\" alt=\"\" width=\"600\" height=\"800\" \/> <img decoding=\"async\" class=\"aligncenter wp-image-6585\" src=\"https:\/\/www.sellersunionagent.com\/wp-content\/uploads\/2022\/06\/clothes-storage-bag-3.jpg\" alt=\"\" width=\"600\" height=\"767\" \/><img decoding=\"async\" class=\"aligncenter wp-image-9048\" src=\"https:\/\/www.sellersunionagent.com\/wp-content\/uploads\/2022\/06\/\u8be6\u60c5-07-7.jpg\" alt=\"dealer\" width=\"600\" height=\"624\" \/><\/p>\n<p>&nbsp;<\/p>\n<p>&nbsp;<\/p>","protected":false},"excerpt":{"rendered":"<p><strong>Typ:<\/strong> Torba do prania Pozycja<br \/>\n<strong>Rozmiar: <\/strong>32*25*50CM<br \/>\n<strong>Waga:<\/strong>430g<br \/>\n<strong>Zdolno\u015b\u0107 dostawcza:<\/strong> 50000 sztuk na miesi\u0105c<br \/>\n<strong>MOQ:<\/strong> 500cs<\/p>","protected":false},"featured_media":6583,"comment_status":"open","ping_status":"closed","template":"","meta":{"_acf_changed":false},"product_brand":[],"product_cat":[31,186],"product_tag":[74,70,50],"class_list":{"0":"post-6580","1":"product","2":"type-product","3":"status-publish","4":"has-post-thumbnail","6":"product_cat-home-storage","7":"product_cat-living-room","8":"product_tag-clothes-storage","9":"product_tag-home-storage","10":"product_tag-wholesale","12":"first","13":"instock","14":"shipping-taxable","15":"product-type-simple","16":"swiper-slide"},"acf":[],"_links":{"self":[{"href":"https:\/\/www.sellersunionagent.com\/pl\/wp-json\/wp\/v2\/product\/6580","targetHints":{"allow":["GET"]}}],"collection":[{"href":"https:\/\/www.sellersunionagent.com\/pl\/wp-json\/wp\/v2\/product"}],"about":[{"href":"https:\/\/www.sellersunionagent.com\/pl\/wp-json\/wp\/v2\/types\/product"}],"replies":[{"embeddable":true,"href":"https:\/\/www.sellersunionagent.com\/pl\/wp-json\/wp\/v2\/comments?post=6580"}],"wp:featuredmedia":[{"embeddable":true,"href":"https:\/\/www.sellersunionagent.com\/pl\/wp-json\/wp\/v2\/media\/6583"}],"wp:attachment":[{"href":"https:\/\/www.sellersunionagent.com\/pl\/wp-json\/wp\/v2\/media?parent=6580"}],"wp:term":[{"taxonomy":"product_brand","embeddable":true,"href":"https:\/\/www.sellersunionagent.com\/pl\/wp-json\/wp\/v2\/product_brand?post=6580"},{"taxonomy":"product_cat","embeddable":true,"href":"https:\/\/www.sellersunionagent.com\/pl\/wp-json\/wp\/v2\/product_cat?post=6580"},{"taxonomy":"product_tag","embeddable":true,"href":"https:\/\/www.sellersunionagent.com\/pl\/wp-json\/wp\/v2\/product_tag?post=6580"}],"curies":[{"name":"wp","href":"https:\/\/api.w.org\/{rel}","templated":true}]}}