{"id":6568,"date":"2022-06-01T21:50:13","date_gmt":"2022-06-01T13:50:13","guid":{"rendered":"https:\/\/sellersunionagent.com\/?post_type=product&#038;p=6568"},"modified":"2022-08-31T14:23:07","modified_gmt":"2022-08-31T06:23:07","slug":"najlepsze-pojemniki-do-przechowywania-w-domu-do-uporzadkowania-przestrzeni","status":"publish","type":"product","link":"https:\/\/www.sellersunionagent.com\/pl\/the-best-home-storage-containers-to-organize-your-space\/","title":{"rendered":"Najlepsze pojemniki do przechowywania w domu do uporz\u0105dkowania przestrzeni"},"content":{"rendered":"<h2>Hurtowy trwa\u0142y i przyjazny dla \u015brodowiska kosz do przechowywania w domu<\/h2>\n<p>&nbsp;<\/p>\n<p>&nbsp;<\/p>\n<ul>\n<li>Odpowiedni do wszystkich szaf: Jest wygodnie zaprojektowany, aby pasowa\u0142 do wszystkich rodzaj\u00f3w szaf. Pomie\u015bci ubrania, koce, pluszowe zabawki, ksi\u0105\u017cki, zdj\u0119cia i wszystko inne.<\/li>\n<\/ul>\n<p>&nbsp;<\/p>\n<p>&nbsp;<\/p>\n<ul>\n<li>\u0141atwo\u015b\u0107 przenoszenia: Kompaktowa konstrukcja torby do przechowywania umo\u017cliwia \u0142atwe przenoszenie mi\u0119dzy p\u00f3\u0142kami wysoko lub nisko. A kiedy ich potrzebujesz, po prostu wyjmij torby do przechowywania odzie\u017cy z szafy.<\/li>\n<\/ul>\n<p>&nbsp;<\/p>\n<p>&nbsp;<\/p>\n<ul>\n<li>Wysokiej jako\u015bci materia\u0142: Jest wystarczaj\u0105co trwa\u0142y, aby wytrzyma\u0107 przedmioty o r\u00f3\u017cnych kszta\u0142tach i rozmiarach.<\/li>\n<\/ul>\n<p>&nbsp;<\/p>\n<p>&nbsp;<\/p>\n<ul>\n<li>Wzmocniony uchwyt: Nasze uchwyty s\u0105 szyte i wzmocnione dodatkowymi 3 warstwami w\u0142\u00f3kniny, kt\u00f3ra wzmacnia i zwi\u0119ksza no\u015bno\u015b\u0107. Teraz mo\u017cesz podnosi\u0107 ci\u0119\u017ckie przedmioty przy minimalnym wysi\u0142ku.<\/li>\n<\/ul>\n<p>&nbsp;<\/p>\n<p>&nbsp;<\/p>\n<p><img fetchpriority=\"high\" decoding=\"async\" class=\"aligncenter wp-image-6570\" src=\"https:\/\/www.sellersunionagent.com\/wp-content\/uploads\/2022\/06\/home-storage-containers-8-300x300.jpg\" alt=\"\" width=\"500\" height=\"500\" \/> <img decoding=\"async\" class=\"aligncenter wp-image-6571\" src=\"https:\/\/www.sellersunionagent.com\/wp-content\/uploads\/2022\/06\/home-storage-containers-7-300x300.jpg\" alt=\"\" width=\"500\" height=\"500\" \/> <img decoding=\"async\" class=\"aligncenter wp-image-6572\" src=\"https:\/\/www.sellersunionagent.com\/wp-content\/uploads\/2022\/06\/home-storage-containers-6-300x300.jpg\" alt=\"\" width=\"500\" height=\"500\" \/> <img loading=\"lazy\" decoding=\"async\" class=\"aligncenter wp-image-6573\" src=\"https:\/\/www.sellersunionagent.com\/wp-content\/uploads\/2022\/06\/home-storage-containers-5-300x300.jpg\" alt=\"\" width=\"500\" height=\"500\" \/><\/p>\n<p>&nbsp;<\/p>","protected":false},"excerpt":{"rendered":"<p><strong>Typ:<\/strong> Przedmiot do przechowywania w domu<br \/>\n<strong>ROZMIAR PRZEDMIOTU\uff1a<\/strong>S 35*28*18cm\/M 40*30*25cm<br \/>\n<strong>Zdolno\u015b\u0107 dostawcza:<\/strong> 50000 sztuk na miesi\u0105c<br \/>\n<strong>MOQ:<\/strong> 500cs<\/p>\n<p>Dwie trzecie \u017cycia sp\u0119dzamy w domu. Seria Heart of Home jest dost\u0119pna w r\u00f3\u017cnych kolorach i rozmiarach, aby zaspokoi\u0107 wszystkie potrzeby zwi\u0105zane ze stylem i ochron\u0105 przed wiatrem. Mo\u017cesz cieszy\u0107 si\u0119 \u017cyciem we w\u0142asnym tempie i sp\u0119dza\u0107 ciep\u0142e chwile we wsp\u00f3lnym domu.<\/p>","protected":false},"featured_media":6578,"comment_status":"open","ping_status":"closed","template":"","meta":{"_acf_changed":false},"product_brand":[],"product_cat":[31,186],"product_tag":[73],"class_list":{"0":"post-6568","1":"product","2":"type-product","3":"status-publish","4":"has-post-thumbnail","6":"product_cat-home-storage","7":"product_cat-living-room","8":"product_tag-home-storagewholesaledurable","10":"first","11":"instock","12":"shipping-taxable","13":"product-type-simple","14":"swiper-slide"},"acf":[],"_links":{"self":[{"href":"https:\/\/www.sellersunionagent.com\/pl\/wp-json\/wp\/v2\/product\/6568","targetHints":{"allow":["GET"]}}],"collection":[{"href":"https:\/\/www.sellersunionagent.com\/pl\/wp-json\/wp\/v2\/product"}],"about":[{"href":"https:\/\/www.sellersunionagent.com\/pl\/wp-json\/wp\/v2\/types\/product"}],"replies":[{"embeddable":true,"href":"https:\/\/www.sellersunionagent.com\/pl\/wp-json\/wp\/v2\/comments?post=6568"}],"wp:featuredmedia":[{"embeddable":true,"href":"https:\/\/www.sellersunionagent.com\/pl\/wp-json\/wp\/v2\/media\/6578"}],"wp:attachment":[{"href":"https:\/\/www.sellersunionagent.com\/pl\/wp-json\/wp\/v2\/media?parent=6568"}],"wp:term":[{"taxonomy":"product_brand","embeddable":true,"href":"https:\/\/www.sellersunionagent.com\/pl\/wp-json\/wp\/v2\/product_brand?post=6568"},{"taxonomy":"product_cat","embeddable":true,"href":"https:\/\/www.sellersunionagent.com\/pl\/wp-json\/wp\/v2\/product_cat?post=6568"},{"taxonomy":"product_tag","embeddable":true,"href":"https:\/\/www.sellersunionagent.com\/pl\/wp-json\/wp\/v2\/product_tag?post=6568"}],"curies":[{"name":"wp","href":"https:\/\/api.w.org\/{rel}","templated":true}]}}