{"id":6551,"date":"2022-06-01T21:30:45","date_gmt":"2022-06-01T13:30:45","guid":{"rendered":"https:\/\/sellersunionagent.com\/?post_type=product&#038;p=6551"},"modified":"2022-08-31T14:23:27","modified_gmt":"2022-08-31T06:23:27","slug":"trwale-odporne-na-kurz-worki-do-przechowywania-butow-w-domu","status":"publish","type":"product","link":"https:\/\/www.sellersunionagent.com\/pl\/durable-dust-proof-shoe-storage-bags-home-storage\/","title":{"rendered":"Trwa\u0142e, odporne na kurz worki do przechowywania but\u00f3w w domu"},"content":{"rendered":"<h2>Trwa\u0142e, odporne na kurz torby do przechowywania but\u00f3w mieszcz\u0105 3 pary but\u00f3w na podr\u00f3\u017c<\/h2>\n<p>&nbsp;<\/p>\n<p>&nbsp;<\/p>\n<ul>\n<li>OCHRONA - Ta torba na buty chroni buty przed kurzem i plamami. Zatrzymuje zapach but\u00f3w wewn\u0105trz i oddziela plamy na butach od innych ubra\u0144, aby zapewni\u0107 porz\u0105dek w innych ubraniach. Jest wyj\u0105tkowo pomocny do u\u017cytku domowego i podr\u00f3\u017cy.<\/li>\n<\/ul>\n<p>&nbsp;<\/p>\n<p>&nbsp;<\/p>\n<ul>\n<li>YKK ZIPPER - Najwy\u017cszej jako\u015bci zamki b\u0142yskawiczne zapewniaj\u0105 dobr\u0105 ochron\u0119 obuwia podczas podr\u00f3\u017cy lub na si\u0142owni, a centralny zamek b\u0142yskawiczny u\u0142atwia wk\u0142adanie i wyjmowanie przedmiot\u00f3w.<\/li>\n<\/ul>\n<p>&nbsp;<\/p>\n<p>&nbsp;<\/p>\n<ul>\n<li>POJEMNO\u015a\u0106 PAKOWANIA - Jedna torba na buty z \u0142atwo\u015bci\u0105 pomie\u015bci dwie pary sanda\u0142\u00f3w lub jedn\u0105 par\u0119 but\u00f3w turystycznych. W zale\u017cno\u015bci od rodzaju i rozmiaru but\u00f3w mo\u017cna zmie\u015bci\u0107 wi\u0119cej lub mniej.<\/li>\n<\/ul>\n<p><img fetchpriority=\"high\" decoding=\"async\" class=\"aligncenter wp-image-9348\" src=\"https:\/\/www.sellersunionagent.com\/wp-content\/uploads\/2022\/06\/518538463835100603ec64854b7c220.jpg\" alt=\"Przechowywanie w domu\" width=\"600\" height=\"600\" \/><img decoding=\"async\" class=\"aligncenter wp-image-9338\" src=\"https:\/\/www.sellersunionagent.com\/wp-content\/uploads\/2022\/06\/3dce0363d9f01bacbc201d9cfe6e3ea.png\" alt=\"Przechowywanie w domu\" width=\"600\" height=\"600\" \/><img decoding=\"async\" class=\"aligncenter wp-image-9337\" src=\"https:\/\/www.sellersunionagent.com\/wp-content\/uploads\/2022\/06\/d8fed338397f87612e705d98a5c55b0.png\" alt=\"Przechowywanie w domu\" width=\"600\" height=\"621\" \/> <img loading=\"lazy\" decoding=\"async\" class=\"aligncenter wp-image-9341\" src=\"https:\/\/www.sellersunionagent.com\/wp-content\/uploads\/2022\/06\/fdfeb41b6297e59fea2ec104a92b0b6.png\" alt=\"Przechowywanie w domu\" width=\"600\" height=\"420\" \/><br \/>\n<img loading=\"lazy\" decoding=\"async\" class=\"aligncenter wp-image-9339\" src=\"https:\/\/www.sellersunionagent.com\/wp-content\/uploads\/2022\/06\/d3450524a934239d69943fdff46dc5d.png\" alt=\"Przechowywanie w domu\" width=\"600\" height=\"600\" \/> <img loading=\"lazy\" decoding=\"async\" class=\"aligncenter wp-image-9336\" src=\"https:\/\/www.sellersunionagent.com\/wp-content\/uploads\/2022\/06\/a4d7af0f82b2c9434b0cfafab45fc2d.png\" alt=\"Przechowywanie w domu\" width=\"600\" height=\"356\" \/> \u00a0<img loading=\"lazy\" decoding=\"async\" class=\"aligncenter wp-image-9335\" src=\"https:\/\/www.sellersunionagent.com\/wp-content\/uploads\/2022\/06\/91840d0696b97d5560258afcf50741f.png\" alt=\"Przechowywanie w domu\" width=\"600\" height=\"545\" \/> <img loading=\"lazy\" decoding=\"async\" class=\"aligncenter wp-image-9334\" src=\"https:\/\/www.sellersunionagent.com\/wp-content\/uploads\/2022\/06\/78e4854fbb9b6bfd9d309a934edd8e9.png\" alt=\"Przechowywanie w domu\" width=\"600\" height=\"368\" \/><\/p>\n<p>&nbsp;<\/p>","protected":false},"excerpt":{"rendered":"<p><strong>Typ:<\/strong> Przedmiot do przechowywania w domu<\/p>\n<p><strong>Liczba<\/strong>: RH206<\/p>\n<p><strong>Rozmiar:<\/strong> 22*12*30cm<\/p>\n<p><strong>Styl:<\/strong> sekcja pionowa<\/p>\n<p><strong>Zastosowanie:<\/strong> rodzina, podr\u00f3\u017ce<\/p>\n<p><strong>Kolor:<\/strong> czerwony, r\u00f3\u017cowy, pomara\u0144czowy, niebieski, szary, ciemnoniebieski<\/p>\n<p><strong>Materia\u0142:<\/strong> Poliester<\/p>\n<p><strong>Rozmiar:<\/strong> \u015bredni<\/p>\n<p><strong>Kszta\u0142t:<\/strong> Kwadrat<\/p>\n<p><strong>Zdolno\u015b\u0107 dostawcza:<\/strong> 50000 sztuk na miesi\u0105c<\/p>\n<p><strong>MOQ:<\/strong> 500cs<\/p>","protected":false},"featured_media":9348,"comment_status":"open","ping_status":"closed","template":"","meta":{"_acf_changed":false},"product_brand":[],"product_cat":[31,187],"product_tag":[71,70,69],"class_list":{"0":"post-6551","1":"product","2":"type-product","3":"status-publish","4":"has-post-thumbnail","6":"product_cat-home-storage","7":"product_cat-bedroom","8":"product_tag-durable","9":"product_tag-home-storage","10":"product_tag-shoe-storage-bags","12":"first","13":"instock","14":"shipping-taxable","15":"product-type-simple","16":"swiper-slide"},"acf":[],"_links":{"self":[{"href":"https:\/\/www.sellersunionagent.com\/pl\/wp-json\/wp\/v2\/product\/6551","targetHints":{"allow":["GET"]}}],"collection":[{"href":"https:\/\/www.sellersunionagent.com\/pl\/wp-json\/wp\/v2\/product"}],"about":[{"href":"https:\/\/www.sellersunionagent.com\/pl\/wp-json\/wp\/v2\/types\/product"}],"replies":[{"embeddable":true,"href":"https:\/\/www.sellersunionagent.com\/pl\/wp-json\/wp\/v2\/comments?post=6551"}],"wp:featuredmedia":[{"embeddable":true,"href":"https:\/\/www.sellersunionagent.com\/pl\/wp-json\/wp\/v2\/media\/9348"}],"wp:attachment":[{"href":"https:\/\/www.sellersunionagent.com\/pl\/wp-json\/wp\/v2\/media?parent=6551"}],"wp:term":[{"taxonomy":"product_brand","embeddable":true,"href":"https:\/\/www.sellersunionagent.com\/pl\/wp-json\/wp\/v2\/product_brand?post=6551"},{"taxonomy":"product_cat","embeddable":true,"href":"https:\/\/www.sellersunionagent.com\/pl\/wp-json\/wp\/v2\/product_cat?post=6551"},{"taxonomy":"product_tag","embeddable":true,"href":"https:\/\/www.sellersunionagent.com\/pl\/wp-json\/wp\/v2\/product_tag?post=6551"}],"curies":[{"name":"wp","href":"https:\/\/api.w.org\/{rel}","templated":true}]}}