{"id":6537,"date":"2022-06-01T21:21:05","date_gmt":"2022-06-01T13:21:05","guid":{"rendered":"https:\/\/sellersunionagent.com\/?post_type=product&#038;p=6537"},"modified":"2022-07-14T10:44:49","modified_gmt":"2022-07-14T02:44:49","slug":"hurtowa-duza-torba-do-prania-z-zamkiem-blyskawicznym","status":"publish","type":"product","link":"https:\/\/www.sellersunionagent.com\/pl\/wholesale-large-washing-bag-zipper-travel-organizer\/","title":{"rendered":"Hurtowa du\u017ca torba do prania Organizer podr\u00f3\u017cny na zamek b\u0142yskawiczny"},"content":{"rendered":"<h2>Du\u017ca torba na pranie z zamkiem b\u0142yskawicznym Organizer podr\u00f3\u017cny dla kobiet i dziewcz\u0105t<\/h2>\n<p>&nbsp;<\/p>\n<ul>\n<li>POKOJOWA KOMORA G\u0141\u00d3WNA - Jedna komora g\u0142\u00f3wna z wieloma ma\u0142ymi kieszonkami pozwala uporz\u0105dkowa\u0107 kosmetyki do makija\u017cu. Jedna du\u017ca komora z \u0142atwo\u015bci\u0105 pomie\u015bci kosmetyki podr\u00f3\u017cne lub du\u017ce produkty do piel\u0119gnacji sk\u00f3ry. Kieszenie boczne mieszcz\u0105 korektor, szminki lub inne drobne przedmioty.<\/li>\n<\/ul>\n<p>&nbsp;<\/p>\n<ul>\n<li>WODOODPORNO\u015a\u0106 - wodoodporna i trwa\u0142a tkanina chroni sprz\u0119t przed rozlaniem, \u0142atwa do wycierania.<\/li>\n<\/ul>\n<p>&nbsp;<\/p>\n<ul>\n<li>WYSOKA JAKO\u015a\u0106 - Gruby materia\u0142, \u0142adna podszewka, niezawodne podw\u00f3jne zamki b\u0142yskawiczne, zapi\u0119cie na zamek b\u0142yskawiczny.<\/li>\n<\/ul>\n<p>&nbsp;<\/p>\n<ul>\n<li>Uroczy prezent - idealny do codziennego u\u017cytku lub podr\u00f3\u017cy. Ka\u017cda z tych du\u017cych torebek ma \u017cywy kolor.<\/li>\n<\/ul>\n<p><img fetchpriority=\"high\" decoding=\"async\" class=\"aligncenter wp-image-6545\" src=\"https:\/\/www.sellersunionagent.com\/wp-content\/uploads\/2022\/06\/large-washing-bag-zipper-travel-organizer-5.jpg\" alt=\"\" width=\"600\" height=\"400\" \/> <img decoding=\"async\" class=\"aligncenter wp-image-6544\" src=\"https:\/\/www.sellersunionagent.com\/wp-content\/uploads\/2022\/06\/large-washing-bag-zipper-travel-organizer-6.jpg\" alt=\"\" width=\"600\" height=\"400\" \/> <img decoding=\"async\" class=\"aligncenter wp-image-6542\" src=\"https:\/\/www.sellersunionagent.com\/wp-content\/uploads\/2022\/06\/large-washing-bag-zipper-travel-organizer-8.jpg\" alt=\"\" width=\"600\" height=\"400\" \/> <img loading=\"lazy\" decoding=\"async\" class=\"aligncenter wp-image-6543\" src=\"https:\/\/www.sellersunionagent.com\/wp-content\/uploads\/2022\/06\/large-washing-bag-zipper-travel-organizer-7.jpg\" alt=\"\" width=\"600\" height=\"400\" \/> <img loading=\"lazy\" decoding=\"async\" class=\"aligncenter wp-image-6541\" src=\"https:\/\/www.sellersunionagent.com\/wp-content\/uploads\/2022\/06\/large-washing-bag-zipper-travel-organizer-9.jpg\" alt=\"\" width=\"600\" height=\"400\" \/> <img loading=\"lazy\" decoding=\"async\" class=\"aligncenter wp-image-6540\" src=\"https:\/\/www.sellersunionagent.com\/wp-content\/uploads\/2022\/06\/large-washing-bag-zipper-travel-organizer-10.jpg\" alt=\"\" width=\"600\" height=\"400\" \/> <img loading=\"lazy\" decoding=\"async\" class=\"aligncenter wp-image-6539\" src=\"https:\/\/www.sellersunionagent.com\/wp-content\/uploads\/2022\/06\/large-washing-bag-zipper-travel-organizer-11.jpg\" alt=\"\" width=\"600\" height=\"400\" \/><\/p>","protected":false},"excerpt":{"rendered":"<p><strong>Typ:<\/strong> Torba do prania Pozycja<br \/>\n<strong>Rozmiar:<\/strong> z\u0142o\u017cony 24,5*17*3cm\/otwarty 49,2*24,5cm<br \/>\n<strong>Zdolno\u015b\u0107 dostawcza:<\/strong> 50000 sztuk na miesi\u0105c<br \/>\n<strong>MOQ:<\/strong> 500cs<\/p>","protected":false},"featured_media":6538,"comment_status":"open","ping_status":"closed","template":"","meta":{"_acf_changed":false},"product_brand":[],"product_cat":[33],"product_tag":[68,61,50],"class_list":{"0":"post-6537","1":"product","2":"type-product","3":"status-publish","4":"has-post-thumbnail","6":"product_cat-toiletry-bag","7":"product_tag-large","8":"product_tag-washing-bag","9":"product_tag-wholesale","11":"first","12":"instock","13":"shipping-taxable","14":"product-type-simple","15":"swiper-slide"},"acf":[],"_links":{"self":[{"href":"https:\/\/www.sellersunionagent.com\/pl\/wp-json\/wp\/v2\/product\/6537","targetHints":{"allow":["GET"]}}],"collection":[{"href":"https:\/\/www.sellersunionagent.com\/pl\/wp-json\/wp\/v2\/product"}],"about":[{"href":"https:\/\/www.sellersunionagent.com\/pl\/wp-json\/wp\/v2\/types\/product"}],"replies":[{"embeddable":true,"href":"https:\/\/www.sellersunionagent.com\/pl\/wp-json\/wp\/v2\/comments?post=6537"}],"wp:featuredmedia":[{"embeddable":true,"href":"https:\/\/www.sellersunionagent.com\/pl\/wp-json\/wp\/v2\/media\/6538"}],"wp:attachment":[{"href":"https:\/\/www.sellersunionagent.com\/pl\/wp-json\/wp\/v2\/media?parent=6537"}],"wp:term":[{"taxonomy":"product_brand","embeddable":true,"href":"https:\/\/www.sellersunionagent.com\/pl\/wp-json\/wp\/v2\/product_brand?post=6537"},{"taxonomy":"product_cat","embeddable":true,"href":"https:\/\/www.sellersunionagent.com\/pl\/wp-json\/wp\/v2\/product_cat?post=6537"},{"taxonomy":"product_tag","embeddable":true,"href":"https:\/\/www.sellersunionagent.com\/pl\/wp-json\/wp\/v2\/product_tag?post=6537"}],"curies":[{"name":"wp","href":"https:\/\/api.w.org\/{rel}","templated":true}]}}