{"id":6527,"date":"2022-06-01T21:11:01","date_gmt":"2022-06-01T13:11:01","guid":{"rendered":"https:\/\/sellersunionagent.com\/?post_type=product&#038;p=6527"},"modified":"2026-01-06T14:29:49","modified_gmt":"2026-01-06T06:29:49","slug":"torba-na-przybory-toaletowe-wodoodporny-organizer-podrozny","status":"publish","type":"product","link":"https:\/\/www.sellersunionagent.com\/pl\/toiletry-bag-washing-bag-water-resistant-travel-organizer\/","title":{"rendered":"Torba na przybory toaletowe Wodoodporny organizer podr\u00f3\u017cny"},"content":{"rendered":"<h2>Torba na przybory toaletowe Wodoodporny organizer podr\u00f3\u017cny Akcesoria Szampon na przybory toaletowe wielko\u015bci podr\u00f3\u017cnej<\/h2>\n<p><strong>Typ przedmiotu:<\/strong> Torba do prania<\/p>\n<p><strong>Pozycja nr.<\/strong>: RH522<br \/>\n<strong>Rozmiar:<\/strong> 24*53cm<br \/>\n<strong>Materia\u0142:<\/strong> Poliester 300D<br \/>\n<strong>Zdolno\u015b\u0107 dostawcza:<\/strong> 50000 sztuk na miesi\u0105c<\/p>\n<p>&nbsp;<\/p>\n<p>&nbsp;<\/p>\n<p>\u3010Portabilno\u015b\u0107\u3011 Te przeno\u015bne torby do prania s\u0105 lekkie, nasze torby do prania s\u0105 wygodne do pakowania i przenoszenia w torebce, plecaku lub baga\u017cu. Jest idealny do turystyki, wakacji, randek, imprez, podr\u00f3\u017cy s\u0142u\u017cbowych, zaj\u0119\u0107 na \u015bwie\u017cym powietrzu i innych okazji.<\/p>\n<p>&nbsp;<\/p>\n<p>\u3010G\u0142adki zamek b\u0142yskawiczny i pasek na uchwyt\u3011 Konstrukcja z du\u017cym zamkiem b\u0142yskawicznym mo\u017ce spe\u0142ni\u0107 Twoje wymagania do r\u00f3\u017cnych cel\u00f3w. Solidny, g\u0142adki zamek b\u0142yskawiczny zapewnia, \u017ce przybory toaletowe lub inne rzeczy pozostan\u0105 w \u015brodku. Pasek z uchwytem zapewnia wi\u0119ksz\u0105 wygod\u0119 podczas u\u017cytkowania.<\/p>\n<p>&nbsp;<\/p>\n<p>Wielofunkcyjna torba\u3011 Nasza torba z organizerem do prania mo\u017ce by\u0107 u\u017cywana jako ma\u0142e torby do przechowywania w domu, podr\u00f3\u017cy, firmie, torebce, a nawet torbie papierniczej lub torbie szkolnej. Z \u0142atwo\u015bci\u0105 zmie\u015bcisz w niej p\u0142yny, szampon, balsam, szczoteczk\u0119 do z\u0119b\u00f3w, maszynk\u0119 do golenia, krem do golenia, perfumy, kosmetyki, lekarstwa, artyku\u0142y papiernicze i inne drobne przedmioty.<\/p>\n<p>&nbsp;<\/p>\n<p><img fetchpriority=\"high\" decoding=\"async\" class=\"aligncenter wp-image-9440\" src=\"https:\/\/www.sellersunionagent.com\/wp-content\/uploads\/2022\/06\/RH-522-5.jpg\" alt=\"Organizator podr\u00f3\u017cy\" width=\"600\" height=\"386\" \/><img decoding=\"async\" class=\"aligncenter wp-image-9435\" src=\"https:\/\/www.sellersunionagent.com\/wp-content\/uploads\/2022\/06\/RH-522-11-1.jpg\" alt=\"Organizator podr\u00f3\u017cy\" width=\"600\" height=\"598\" \/><br \/>\n<img decoding=\"async\" class=\"aligncenter wp-image-9439\" src=\"https:\/\/www.sellersunionagent.com\/wp-content\/uploads\/2022\/06\/RH-522-18.jpg\" alt=\"Organizator podr\u00f3\u017cy\" width=\"600\" height=\"600\" \/> <img loading=\"lazy\" decoding=\"async\" class=\"aligncenter wp-image-9438\" src=\"https:\/\/www.sellersunionagent.com\/wp-content\/uploads\/2022\/06\/RH-522-17.jpg\" alt=\"Organizator podr\u00f3\u017cy\" width=\"600\" height=\"600\" \/> <img loading=\"lazy\" decoding=\"async\" class=\"aligncenter wp-image-9437\" src=\"https:\/\/www.sellersunionagent.com\/wp-content\/uploads\/2022\/06\/RH-522-15.jpg\" alt=\"Organizator podr\u00f3\u017cy\" width=\"600\" height=\"600\" \/> <img loading=\"lazy\" decoding=\"async\" class=\"aligncenter wp-image-9434\" src=\"https:\/\/www.sellersunionagent.com\/wp-content\/uploads\/2022\/06\/RH-522-21-1.jpg\" alt=\"Organizator podr\u00f3\u017cy\" width=\"600\" height=\"600\" \/><br \/>\n<img loading=\"lazy\" decoding=\"async\" class=\"aligncenter wp-image-9433\" src=\"https:\/\/www.sellersunionagent.com\/wp-content\/uploads\/2022\/06\/RH-522-1-1.jpg\" alt=\"Organizator podr\u00f3\u017cy\" width=\"600\" height=\"600\" \/><img loading=\"lazy\" decoding=\"async\" class=\"aligncenter wp-image-9436\" src=\"https:\/\/www.sellersunionagent.com\/wp-content\/uploads\/2022\/06\/RH-522-8.jpg\" alt=\"Organizator podr\u00f3\u017cy\" width=\"600\" height=\"600\" \/><img loading=\"lazy\" decoding=\"async\" class=\"aligncenter wp-image-6530\" src=\"https:\/\/www.sellersunionagent.com\/wp-content\/uploads\/2022\/06\/water-resistant-travel-organizer-6.jpg\" alt=\"\" width=\"600\" height=\"400\" \/><\/p>\n<p><img loading=\"lazy\" decoding=\"async\" class=\"aligncenter wp-image-6533\" src=\"https:\/\/www.sellersunionagent.com\/wp-content\/uploads\/2022\/06\/water-resistant-travel-organizer-3.jpg\" alt=\"\" width=\"600\" height=\"409\" \/><\/p>\n<p><img loading=\"lazy\" decoding=\"async\" class=\"aligncenter wp-image-6532\" src=\"https:\/\/www.sellersunionagent.com\/wp-content\/uploads\/2022\/06\/water-resistant-travel-organizer-4.jpg\" alt=\"\" width=\"600\" height=\"407\" \/><\/p>","protected":false},"excerpt":{"rendered":"<p><strong>MOQ<\/strong>:  500 szt.<br \/>\n<strong>Bezp\u0142atna pr\u00f3bka<\/strong>: Obs\u0142ugiwane<br \/>\n<strong>Personalizacja<\/strong>logo \/ kolor \/ materia\u0142y \/ opakowanie itp.<br \/>\n<strong>Zni\u017cka<\/strong>:  Pierwsze zam\u00f3wienia ju\u017c od 10% taniej.<br \/>\n<strong>Wska\u017anik terminowo\u015bci dostaw<\/strong>:\u00a0 100%<br \/>\n<strong>Przesy\u0142ki og\u00f3\u0142em<\/strong>:  10000 szt.<br \/>\n<strong>Wysy\u0142ka<\/strong>: Fracht morski Fracht l\u0105dowy<\/p>","protected":false},"featured_media":6528,"comment_status":"open","ping_status":"closed","template":"","meta":{"_acf_changed":false},"product_brand":[],"product_cat":[33],"product_tag":[67,61,66],"class_list":{"0":"post-6527","1":"product","2":"type-product","3":"status-publish","4":"has-post-thumbnail","6":"product_cat-toiletry-bag","7":"product_tag-travel-organizer","8":"product_tag-washing-bag","9":"product_tag-water-resistant","11":"first","12":"instock","13":"shipping-taxable","14":"purchasable","15":"product-type-simple","16":"swiper-slide"},"acf":[],"_links":{"self":[{"href":"https:\/\/www.sellersunionagent.com\/pl\/wp-json\/wp\/v2\/product\/6527","targetHints":{"allow":["GET"]}}],"collection":[{"href":"https:\/\/www.sellersunionagent.com\/pl\/wp-json\/wp\/v2\/product"}],"about":[{"href":"https:\/\/www.sellersunionagent.com\/pl\/wp-json\/wp\/v2\/types\/product"}],"replies":[{"embeddable":true,"href":"https:\/\/www.sellersunionagent.com\/pl\/wp-json\/wp\/v2\/comments?post=6527"}],"wp:featuredmedia":[{"embeddable":true,"href":"https:\/\/www.sellersunionagent.com\/pl\/wp-json\/wp\/v2\/media\/6528"}],"wp:attachment":[{"href":"https:\/\/www.sellersunionagent.com\/pl\/wp-json\/wp\/v2\/media?parent=6527"}],"wp:term":[{"taxonomy":"product_brand","embeddable":true,"href":"https:\/\/www.sellersunionagent.com\/pl\/wp-json\/wp\/v2\/product_brand?post=6527"},{"taxonomy":"product_cat","embeddable":true,"href":"https:\/\/www.sellersunionagent.com\/pl\/wp-json\/wp\/v2\/product_cat?post=6527"},{"taxonomy":"product_tag","embeddable":true,"href":"https:\/\/www.sellersunionagent.com\/pl\/wp-json\/wp\/v2\/product_tag?post=6527"}],"curies":[{"name":"wp","href":"https:\/\/api.w.org\/{rel}","templated":true}]}}