{"id":6502,"date":"2022-06-01T19:01:49","date_gmt":"2022-06-01T11:01:49","guid":{"rendered":"https:\/\/sellersunionagent.com\/?post_type=product&#038;p=6502"},"modified":"2022-07-13T18:23:51","modified_gmt":"2022-07-13T10:23:51","slug":"hurtowa-torba-do-prania-o-duzej-pojemnosci","status":"publish","type":"product","link":"https:\/\/www.sellersunionagent.com\/pl\/wholesale-large-capacity-washing-bag\/","title":{"rendered":"Hurtowa torba do prania o du\u017cej pojemno\u015bci"},"content":{"rendered":"<h1 id=\"title\" class=\"a-size-large a-spacing-none\"><span id=\"productTitle\" class=\"a-size-large product-title-word-break\">Living Washing Bag Travel Hanging Toiletry Bag Organizers Kit Zestaw Dopp z haczykiem<\/span><\/h1>\n<p>\u0141atwy do przenoszenia i czyszczenia\u3011 - Rozmiar: 24 * 11 * 16 cali. Waga: 180 g. Ta przeno\u015bna torba podr\u00f3\u017cna idealnie pasuje do walizki lub baga\u017cu i nigdy nie zajmuje zbyt wiele miejsca. Wodoodporny materia\u0142 pozwala r\u00f3wnie\u017c na \u0142atwe czyszczenie. Delikatnie przetrzyj mokrym r\u0119cznikiem, aby \u0142atwo usun\u0105\u0107 plamy z makija\u017cu. Wytrzyma\u0142y i wodoodporny materia\u0142 oraz lekka konstrukcja sprawiaj\u0105, \u017ce podr\u00f3\u017c jest bezpieczniejsza i wygodniejsza. Naprawd\u0119 doskona\u0142a kosmetyczka podr\u00f3\u017cna i organizer na kosmetyki do makija\u017cu.<\/p>\n<p>&nbsp;<\/p>\n<p>\u3010Gwarancja satysfakcji\u3011 - Problemy z jako\u015bci\u0105 wyst\u0119puj\u0105 w ci\u0105gu jednego roku od wymiany, do\u017cywotnia gwarancja, poniewa\u017c naszym zamiarem jest oferowanie najlepszej obs\u0142ugi klienta na Amazon. Mo\u017cesz wi\u0119c bez obaw wybra\u0107 nasz\u0105 wisz\u0105c\u0105 kosmetyczk\u0119 podr\u00f3\u017cn\u0105. Je\u015bli nie jeste\u015b 100% zadowolony z jakiegokolwiek aspektu naszego produktu, otrzymasz pe\u0142ny zwrot pieni\u0119dzy. Je\u015bli wyst\u0105pi\u0105 jakiekolwiek problemy, skontaktuj si\u0119 z nami, a my odpowiemy w ci\u0105gu 24 godzin, aby je rozwi\u0105za\u0107.<\/p>\n<p><img fetchpriority=\"high\" decoding=\"async\" class=\"aligncenter wp-image-6509\" src=\"https:\/\/www.sellersunionagent.com\/wp-content\/uploads\/2022\/06\/wholesale-large-capacity-washing-bag-3.jpg\" alt=\"\" width=\"500\" height=\"500\" \/> <img decoding=\"async\" class=\"aligncenter wp-image-6512\" src=\"https:\/\/www.sellersunionagent.com\/wp-content\/uploads\/2022\/06\/wholesale-large-capacity-washing-bag.jpg\" alt=\"\" width=\"500\" height=\"500\" \/> <img decoding=\"async\" class=\"aligncenter wp-image-6511\" src=\"https:\/\/www.sellersunionagent.com\/wp-content\/uploads\/2022\/06\/wholesale-large-capacity-washing-bag-1.jpg\" alt=\"\" width=\"500\" height=\"500\" \/> <img loading=\"lazy\" decoding=\"async\" class=\"aligncenter wp-image-6510\" src=\"https:\/\/www.sellersunionagent.com\/wp-content\/uploads\/2022\/06\/wholesale-large-capacity-washing-bag-2.jpg\" alt=\"\" width=\"500\" height=\"500\" \/> <img loading=\"lazy\" decoding=\"async\" class=\"aligncenter wp-image-6508\" src=\"https:\/\/www.sellersunionagent.com\/wp-content\/uploads\/2022\/06\/wholesale-large-capacity-washing-bag-4.jpg\" alt=\"\" width=\"500\" height=\"500\" \/> <img loading=\"lazy\" decoding=\"async\" class=\"aligncenter wp-image-6507\" src=\"https:\/\/www.sellersunionagent.com\/wp-content\/uploads\/2022\/06\/wholesale-large-capacity-washing-bag-5.jpg\" alt=\"\" width=\"500\" height=\"500\" \/><\/p>","protected":false},"excerpt":{"rendered":"<p><strong>Typ:<\/strong> Torba do prania Pozycja<br \/>\n<strong>Rozmiar:<\/strong> 24*11*16 cali<br \/>\n<strong>Waga przedmiotu: <\/strong>180g<br \/>\n<strong>Zdolno\u015b\u0107 dostawcza:<\/strong> 50000 sztuk na miesi\u0105c<br \/>\n<strong>MOQ:<\/strong> 500cs<\/p>","protected":false},"featured_media":6505,"comment_status":"open","ping_status":"closed","template":"","meta":{"_acf_changed":false},"product_brand":[],"product_cat":[33],"product_tag":[48,61,50],"class_list":{"0":"post-6502","1":"product","2":"type-product","3":"status-publish","4":"has-post-thumbnail","6":"product_cat-toiletry-bag","7":"product_tag-large-capacity","8":"product_tag-washing-bag","9":"product_tag-wholesale","11":"first","12":"instock","13":"shipping-taxable","14":"product-type-simple","15":"swiper-slide"},"acf":[],"_links":{"self":[{"href":"https:\/\/www.sellersunionagent.com\/pl\/wp-json\/wp\/v2\/product\/6502","targetHints":{"allow":["GET"]}}],"collection":[{"href":"https:\/\/www.sellersunionagent.com\/pl\/wp-json\/wp\/v2\/product"}],"about":[{"href":"https:\/\/www.sellersunionagent.com\/pl\/wp-json\/wp\/v2\/types\/product"}],"replies":[{"embeddable":true,"href":"https:\/\/www.sellersunionagent.com\/pl\/wp-json\/wp\/v2\/comments?post=6502"}],"wp:featuredmedia":[{"embeddable":true,"href":"https:\/\/www.sellersunionagent.com\/pl\/wp-json\/wp\/v2\/media\/6505"}],"wp:attachment":[{"href":"https:\/\/www.sellersunionagent.com\/pl\/wp-json\/wp\/v2\/media?parent=6502"}],"wp:term":[{"taxonomy":"product_brand","embeddable":true,"href":"https:\/\/www.sellersunionagent.com\/pl\/wp-json\/wp\/v2\/product_brand?post=6502"},{"taxonomy":"product_cat","embeddable":true,"href":"https:\/\/www.sellersunionagent.com\/pl\/wp-json\/wp\/v2\/product_cat?post=6502"},{"taxonomy":"product_tag","embeddable":true,"href":"https:\/\/www.sellersunionagent.com\/pl\/wp-json\/wp\/v2\/product_tag?post=6502"}],"curies":[{"name":"wp","href":"https:\/\/api.w.org\/{rel}","templated":true}]}}