{"id":6461,"date":"2022-06-01T18:25:45","date_gmt":"2022-06-01T10:25:45","guid":{"rendered":"https:\/\/sellersunionagent.com\/?post_type=product&#038;p=6461"},"modified":"2026-01-06T14:29:50","modified_gmt":"2026-01-06T06:29:50","slug":"torba-na-pranie-wielofunkcyjna-przenosna-torba-podrozna-wiszaca-torba-organizer","status":"publish","type":"product","link":"https:\/\/www.sellersunionagent.com\/pl\/washing-bag-multifunction-portable-pouch-travel-hanging-organizer-bag\/","title":{"rendered":"Torba na pranie Wielofunkcyjna przeno\u015bna torba podr\u00f3\u017cna Wisz\u0105ca torba organizacyjna"},"content":{"rendered":"<h2>Wielofunkcyjna przeno\u015bna kosmetyczka, wodoodporna, wisz\u0105ca torba podr\u00f3\u017cna dla kobiet i dziewcz\u0105t<\/h2>\n<p><strong>Typ przedmiotu:<\/strong> Torba do prania<\/p>\n<p><strong>Pozycja nr:<\/strong> RH219<br \/>\n<strong>Rozmiar:<\/strong> otwarty 51 * 21 cm \/ z\u0142o\u017cony 23,5 * 6 * 18 cm<br \/>\n<strong>Zdolno\u015b\u0107 dostawcza:<\/strong> 50000 sztuk na miesi\u0105c<\/p>\n<p><strong>Cechy:<\/strong> Posortowane przybory toaletowe, kosmetyki itp., zmywalne, odporne na ple\u015b\u0144, mocne i trwa\u0142e<\/p>\n<p>&nbsp;<\/p>\n<p>&nbsp;<\/p>\n<ul class=\"a-unordered-list a-vertical a-spacing-mini\">\n<li><span class=\"a-list-item\">Przeno\u015bny i lekki: Otwarty 51 * 21 cm \/ Z\u0142o\u017cony 23,5 * 6 * 18 cm, mie\u015bci si\u0119 w plecaku lub baga\u017cu podr\u0119cznym<\/span><\/li>\n<li><span class=\"a-list-item\">Wiele przegr\u00f3dek: Wielowarstwowe kieszenie do przechowywania, zapewniaj\u0105 bezpiecze\u0144stwo akcesori\u00f3w i u\u0142atwiaj\u0105 ich znalezienie.<\/span><\/li>\n<li><span class=\"a-list-item\">\u0141atwy w u\u017cyciu: Zawie\u015b haczyk na drzwiach \u0142azienki lub dr\u0105\u017cku prysznicowym, aby szybko go u\u017cy\u0107, nie za\u015bmiecaj\u0105c blatu.<\/span><\/li>\n<li><span class=\"a-list-item\">Trwa\u0142a wodoodporno\u015b\u0107: Odporna na zu\u017cycie tkanina poliestrowa na zewn\u0105trz u\u0142atwia pranie i czyszczenie.<\/span><\/li>\n<li><span class=\"a-list-item\">Wielofunkcyjny: mo\u017ce by\u0107 u\u017cywany jako kompaktowy zestaw podr\u00f3\u017cny, organizer do makija\u017cu i zestaw do przechowywania w domu.<\/span><\/li>\n<\/ul>\n<p>&nbsp;<\/p>\n<p><img fetchpriority=\"high\" decoding=\"async\" class=\"aligncenter wp-image-9441\" src=\"https:\/\/www.sellersunionagent.com\/wp-content\/uploads\/2022\/06\/\u4e3b\u56fe-02-21.jpg\" alt=\"Podr\u00f3\u017cna wisz\u0105ca torba organizacyjna\" width=\"600\" height=\"600\" \/> <img decoding=\"async\" class=\"aligncenter wp-image-9444\" src=\"https:\/\/www.sellersunionagent.com\/wp-content\/uploads\/2022\/06\/051330f357b11862dbd1392c3d36527.jpg\" alt=\"Podr\u00f3\u017cna wisz\u0105ca torba organizacyjna\" width=\"600\" height=\"475\" \/> <img decoding=\"async\" class=\"aligncenter wp-image-9443\" src=\"https:\/\/www.sellersunionagent.com\/wp-content\/uploads\/2022\/06\/de4134a90ccc3875cc06c52f8f5daa2.jpg\" alt=\"Podr\u00f3\u017cna wisz\u0105ca torba organizacyjna\" width=\"600\" height=\"658\" \/> <img loading=\"lazy\" decoding=\"async\" class=\"aligncenter wp-image-9442\" src=\"https:\/\/www.sellersunionagent.com\/wp-content\/uploads\/2022\/06\/\u8be6\u60c5-04-4.jpg\" alt=\"Podr\u00f3\u017cna wisz\u0105ca torba organizacyjna\" width=\"600\" height=\"438\" \/><img loading=\"lazy\" decoding=\"async\" class=\"aligncenter wp-image-6475\" src=\"https:\/\/www.sellersunionagent.com\/wp-content\/uploads\/2022\/06\/travel-hanging-organizer-bag-6.jpg\" alt=\"\" width=\"600\" height=\"600\" \/><\/p>\n<p><img loading=\"lazy\" decoding=\"async\" class=\"aligncenter wp-image-6480\" src=\"https:\/\/www.sellersunionagent.com\/wp-content\/uploads\/2022\/06\/travel-hanging-organizer-bag-1.jpg\" alt=\"\" width=\"600\" height=\"600\" \/><\/p>\n<p><img loading=\"lazy\" decoding=\"async\" class=\"aligncenter wp-image-6473\" src=\"https:\/\/www.sellersunionagent.com\/wp-content\/uploads\/2022\/06\/travel-hanging-organizer-bag-8.jpg\" alt=\"\" width=\"600\" height=\"600\" \/><\/p>\n<p>&nbsp;<\/p>","protected":false},"excerpt":{"rendered":"<p><strong>MOQ<\/strong>:  500 szt.<br \/>\n<strong>Bezp\u0142atna pr\u00f3bka<\/strong>:  Obs\u0142ugiwane<br \/>\n<strong>Personalizacja<\/strong>logo \/ kolor \/ materia\u0142y \/ opakowanie itp.<br \/>\n<strong>Zni\u017cka<\/strong>:  Pierwsze zam\u00f3wienia ju\u017c od 10% taniej.<br \/>\n<strong>Wska\u017anik terminowo\u015bci dostaw<\/strong>:\u00a0 100%<br \/>\n<strong>Przesy\u0142ki og\u00f3\u0142em<\/strong>:  10000 szt.<br \/>\n<strong>Wysy\u0142ka<\/strong>: Fracht morski Fracht l\u0105dowy<\/p>","protected":false},"featured_media":6477,"comment_status":"open","ping_status":"closed","template":"","meta":{"_acf_changed":false},"product_brand":[],"product_cat":[33],"product_tag":[62],"class_list":{"0":"post-6461","1":"product","2":"type-product","3":"status-publish","4":"has-post-thumbnail","6":"product_cat-toiletry-bag","7":"product_tag-multifunctionwashing-bagorganizer","9":"first","10":"instock","11":"shipping-taxable","12":"purchasable","13":"product-type-simple","14":"swiper-slide"},"acf":[],"_links":{"self":[{"href":"https:\/\/www.sellersunionagent.com\/pl\/wp-json\/wp\/v2\/product\/6461","targetHints":{"allow":["GET"]}}],"collection":[{"href":"https:\/\/www.sellersunionagent.com\/pl\/wp-json\/wp\/v2\/product"}],"about":[{"href":"https:\/\/www.sellersunionagent.com\/pl\/wp-json\/wp\/v2\/types\/product"}],"replies":[{"embeddable":true,"href":"https:\/\/www.sellersunionagent.com\/pl\/wp-json\/wp\/v2\/comments?post=6461"}],"wp:featuredmedia":[{"embeddable":true,"href":"https:\/\/www.sellersunionagent.com\/pl\/wp-json\/wp\/v2\/media\/6477"}],"wp:attachment":[{"href":"https:\/\/www.sellersunionagent.com\/pl\/wp-json\/wp\/v2\/media?parent=6461"}],"wp:term":[{"taxonomy":"product_brand","embeddable":true,"href":"https:\/\/www.sellersunionagent.com\/pl\/wp-json\/wp\/v2\/product_brand?post=6461"},{"taxonomy":"product_cat","embeddable":true,"href":"https:\/\/www.sellersunionagent.com\/pl\/wp-json\/wp\/v2\/product_cat?post=6461"},{"taxonomy":"product_tag","embeddable":true,"href":"https:\/\/www.sellersunionagent.com\/pl\/wp-json\/wp\/v2\/product_tag?post=6461"}],"curies":[{"name":"wp","href":"https:\/\/api.w.org\/{rel}","templated":true}]}}