{"id":6358,"date":"2022-06-01T11:32:07","date_gmt":"2022-06-01T03:32:07","guid":{"rendered":"https:\/\/sellersunionagent.com\/?post_type=product&#038;p=6358"},"modified":"2022-06-01T11:32:07","modified_gmt":"2022-06-01T03:32:07","slug":"large-order-discount-folding-colorful-tote-grocery-bag-for-shopping","status":"publish","type":"product","link":"https:\/\/www.sellersunionagent.com\/pl\/large-order-discount-folding-colorful-tote-grocery-bag-for-shopping\/","title":{"rendered":"Zni\u017cka na du\u017ce zam\u00f3wienie Sk\u0142adana kolorowa torba na zakupy na zakupy"},"content":{"rendered":"<div id=\"featurebullets_feature_div\" class=\"celwidget\" data-feature-name=\"featurebullets\" data-csa-c-id=\"w5kbib-294lpw-7lc7nn-ut5uk8\" data-cel-widget=\"featurebullets_feature_div\">\n<div id=\"feature-bullets\" class=\"a-section a-spacing-medium a-spacing-top-small\">\n<h2>Zni\u017cka na du\u017ce zam\u00f3wienie Sk\u0142adana kolorowa torba na zakupy na zakupy<\/h2>\n<p>Large capacity&amp;Folding design: This bag is big and can hold heavy loads safely. It can be easily folded into the attached pocket-size pouch, so you can carry these washable reusable grocery bags foldable in your purse or car without taking up too much space.<\/p>\n<p>&nbsp;<\/p>\n<p>Easy to carry: This bag is big and can hold heavy loads safely. It is lightweight but sturdy. \u200bThe long handles of the item allow for hand holding or carrying on the shoulder, perfect reusable grocery bags for shopping, groceries, travel, storage and practical for daily use!<\/p>\n<p>&nbsp;<\/p>\n<p>Colorful design: Candy like color matching, drives away all your bad mood! It can add some fun to your shopping grocery, and it is also perfect as party favors gifts for ladies and girls.\u200b Large- order discount is offered, and support customization.<\/p>\n<p data-wp-editing=\"1\"><img fetchpriority=\"high\" decoding=\"async\" class=\"alignleft wp-image-6359\" src=\"https:\/\/www.sellersunionagent.com\/wp-content\/uploads\/2022\/06\/folding-colorful-tote-grocery-bag-13.jpg\" alt=\"Rabat na du\u017ce zam\u00f3wienia\" width=\"360\" height=\"360\" \/> <img decoding=\"async\" class=\"alignleft wp-image-6366\" src=\"https:\/\/www.sellersunionagent.com\/wp-content\/uploads\/2022\/06\/folding-colorful-tote-grocery-bag-6.jpg\" alt=\"Rabat na du\u017ce zam\u00f3wienia\" width=\"360\" height=\"360\" \/> <img decoding=\"async\" class=\"alignleft wp-image-6367\" src=\"https:\/\/www.sellersunionagent.com\/wp-content\/uploads\/2022\/06\/folding-colorful-tote-grocery-bag-5.jpg\" alt=\"Rabat na du\u017ce zam\u00f3wienia\" width=\"360\" height=\"360\" \/> <img loading=\"lazy\" decoding=\"async\" class=\"alignleft wp-image-6368\" src=\"https:\/\/www.sellersunionagent.com\/wp-content\/uploads\/2022\/06\/folding-colorful-tote-grocery-bag-4.jpg\" alt=\"Rabat na du\u017ce zam\u00f3wienia\" width=\"360\" height=\"360\" \/> <img loading=\"lazy\" decoding=\"async\" class=\"alignleft wp-image-6369\" src=\"https:\/\/www.sellersunionagent.com\/wp-content\/uploads\/2022\/06\/folding-colorful-tote-grocery-bag-3.jpg\" alt=\"Rabat na du\u017ce zam\u00f3wienia\" width=\"360\" height=\"360\" \/> <img loading=\"lazy\" decoding=\"async\" class=\"alignleft wp-image-6370\" src=\"https:\/\/www.sellersunionagent.com\/wp-content\/uploads\/2022\/06\/folding-colorful-tote-grocery-bag-2.jpg\" alt=\"Rabat na du\u017ce zam\u00f3wienia\" width=\"360\" height=\"360\" \/><\/p>\n<\/div>\n<\/div>\n<div id=\"provenanceCertifications_feature_div\" class=\"celwidget\" data-feature-name=\"provenanceCertifications\" data-csa-c-id=\"b4j22x-poeeo8-m3jc7f-4aii15\" data-cel-widget=\"provenanceCertifications_feature_div\"><\/div>\n<div id=\"serviceCapabilities_feature_div\" class=\"celwidget\" data-feature-name=\"serviceCapabilities\" data-csa-c-id=\"exeui3-xsml54-x8nrsn-w7n959\" data-cel-widget=\"serviceCapabilities_feature_div\"><\/div>\n<div data-feature-name=\"serviceCapabilities\" data-csa-c-id=\"exeui3-xsml54-x8nrsn-w7n959\" data-cel-widget=\"serviceCapabilities_feature_div\"><\/div>\n<div data-feature-name=\"serviceCapabilities\" data-csa-c-id=\"exeui3-xsml54-x8nrsn-w7n959\" data-cel-widget=\"serviceCapabilities_feature_div\"><img loading=\"lazy\" decoding=\"async\" class=\"aligncenter wp-image-6371\" src=\"https:\/\/www.sellersunionagent.com\/wp-content\/uploads\/2022\/06\/folding-colorful-tote-grocery-bag-1.jpg\" alt=\"Rabat na du\u017ce zam\u00f3wienia\" width=\"600\" height=\"600\" \/> <img loading=\"lazy\" decoding=\"async\" class=\"aligncenter wp-image-6364\" src=\"https:\/\/www.sellersunionagent.com\/wp-content\/uploads\/2022\/06\/folding-colorful-tote-grocery-bag-8.jpg\" alt=\"Rabat na du\u017ce zam\u00f3wienia\" width=\"600\" height=\"706\" \/><img loading=\"lazy\" decoding=\"async\" class=\"aligncenter wp-image-6365\" src=\"https:\/\/www.sellersunionagent.com\/wp-content\/uploads\/2022\/06\/folding-colorful-tote-grocery-bag-7.jpg\" alt=\"Rabat na du\u017ce zam\u00f3wienia\" width=\"600\" height=\"534\" \/><\/div>","protected":false},"excerpt":{"rendered":"<p><strong>Typ<\/strong>: Torba na zakupy<\/p>\n<p><strong>Rozmiar elementu<\/strong>: 40*42cm; 56*40cm<\/p>\n<p><strong>Waga przedmiotu<\/strong>: 25g<br \/>\n<b>Kolor:\u00a0<\/b>Personalizacja<\/p>\n<p>Large-order Discount! We always keep on strictly selected cooperative factories to manufacture products, , and a good reputation determines the high quality and high standards of our goods. Join us now~<\/p>","protected":false},"featured_media":6359,"comment_status":"open","ping_status":"closed","template":"","meta":{"_acf_changed":false},"product_brand":[],"product_cat":[29],"product_tag":[57,48,56],"class_list":{"0":"post-6358","1":"product","2":"type-product","3":"status-publish","4":"has-post-thumbnail","6":"product_cat-shopping-bag","7":"product_tag-high-bearing","8":"product_tag-large-capacity","9":"product_tag-shopping-bag","11":"first","12":"instock","13":"shipping-taxable","14":"product-type-simple","15":"swiper-slide"},"acf":[],"_links":{"self":[{"href":"https:\/\/www.sellersunionagent.com\/pl\/wp-json\/wp\/v2\/product\/6358","targetHints":{"allow":["GET"]}}],"collection":[{"href":"https:\/\/www.sellersunionagent.com\/pl\/wp-json\/wp\/v2\/product"}],"about":[{"href":"https:\/\/www.sellersunionagent.com\/pl\/wp-json\/wp\/v2\/types\/product"}],"replies":[{"embeddable":true,"href":"https:\/\/www.sellersunionagent.com\/pl\/wp-json\/wp\/v2\/comments?post=6358"}],"wp:featuredmedia":[{"embeddable":true,"href":"https:\/\/www.sellersunionagent.com\/pl\/wp-json\/wp\/v2\/media\/6359"}],"wp:attachment":[{"href":"https:\/\/www.sellersunionagent.com\/pl\/wp-json\/wp\/v2\/media?parent=6358"}],"wp:term":[{"taxonomy":"product_brand","embeddable":true,"href":"https:\/\/www.sellersunionagent.com\/pl\/wp-json\/wp\/v2\/product_brand?post=6358"},{"taxonomy":"product_cat","embeddable":true,"href":"https:\/\/www.sellersunionagent.com\/pl\/wp-json\/wp\/v2\/product_cat?post=6358"},{"taxonomy":"product_tag","embeddable":true,"href":"https:\/\/www.sellersunionagent.com\/pl\/wp-json\/wp\/v2\/product_tag?post=6358"}],"curies":[{"name":"wp","href":"https:\/\/api.w.org\/{rel}","templated":true}]}}