{"id":6341,"date":"2022-06-01T10:45:58","date_gmt":"2022-06-01T02:45:58","guid":{"rendered":"https:\/\/sellersunionagent.com\/?post_type=product&#038;p=6341"},"modified":"2022-08-01T16:41:41","modified_gmt":"2022-08-01T08:41:41","slug":"lekka-torba-na-zakupy-wielokrotnego-uzytku-z-rabatem-na-duze-zamowienie","status":"publish","type":"product","link":"https:\/\/www.sellersunionagent.com\/pl\/large-order-discount-reusable-lightweight-grocery-tote-shopping-bag\/","title":{"rendered":"Lekka torba na zakupy spo\u017cywcze wielokrotnego u\u017cytku z du\u017cym rabatem"},"content":{"rendered":"<h2>Lekka torba na zakupy spo\u017cywcze wielokrotnego u\u017cytku z du\u017cym rabatem<\/h2>\n<p><strong>Typ<\/strong>: Torba na zakupy<\/p>\n<p><strong>Rozmiar elementu<\/strong>: 40*42cm; 40*56cm<\/p>\n<p><strong>Waga przedmiotu<\/strong>: 25g<br \/>\n<b>Kolor: <\/b>Personalizacja<\/p>\n<p>&nbsp;<\/p>\n<p>&nbsp;<\/p>\n<ul>\n<li>Dobry wyb\u00f3r materia\u0142\u00f3w chroni\u0105cych \u015brodowisko, trwa\u0142ych i wielokrotnego u\u017cytku<\/li>\n<li>Prosty, pi\u0119kny, \u0142atwy w u\u017cyciu i czyszczeniu<\/li>\n<li>Du\u017ca no\u015bno\u015b\u0107, lekko\u015b\u0107 i mo\u017cliwo\u015b\u0107 z\u0142o\u017cenia<\/li>\n<li>Oferowany jest rabat na du\u017ce zam\u00f3wienia i wsparcie dostosowywania<\/li>\n<\/ul>\n<p><img fetchpriority=\"high\" decoding=\"async\" class=\"aligncenter wp-image-6353\" src=\"https:\/\/www.sellersunionagent.com\/wp-content\/uploads\/2022\/06\/grocery-tote-shopping-bag-4.jpg\" alt=\"Rabat na du\u017ce zam\u00f3wienia\" width=\"600\" height=\"558\" \/><img decoding=\"async\" class=\"aligncenter wp-image-6354\" src=\"https:\/\/www.sellersunionagent.com\/wp-content\/uploads\/2022\/06\/grocery-tote-shopping-bag-3.jpg\" alt=\"Rabat na du\u017ce zam\u00f3wienia\" width=\"600\" height=\"576\" \/><img decoding=\"async\" class=\"aligncenter wp-image-6349\" src=\"https:\/\/www.sellersunionagent.com\/wp-content\/uploads\/2022\/06\/grocery-tote-shopping-bag-8.jpg\" alt=\"Rabat na du\u017ce zam\u00f3wienia\" width=\"600\" height=\"608\" \/><img loading=\"lazy\" decoding=\"async\" class=\"aligncenter wp-image-6356\" src=\"https:\/\/www.sellersunionagent.com\/wp-content\/uploads\/2022\/06\/grocery-tote-shopping-bag-1.jpg\" alt=\"Rabat na du\u017ce zam\u00f3wienia\" width=\"600\" height=\"684\" \/><img loading=\"lazy\" decoding=\"async\" class=\"aligncenter wp-image-6357\" src=\"https:\/\/www.sellersunionagent.com\/wp-content\/uploads\/2022\/06\/grocery-tote-shopping-bag.jpg\" alt=\"Rabat na du\u017ce zam\u00f3wienia\" width=\"600\" height=\"680\" \/><\/p>","protected":false},"excerpt":{"rendered":"<p><strong>MOQ<\/strong>:  5000 szt.<br \/>\n<strong>Bezp\u0142atna pr\u00f3bka<\/strong>:  Obs\u0142ugiwane<br \/>\n<strong>Personalizacja<\/strong>logo \/ kolor \/ materia\u0142y \/ opakowanie itp.<br \/>\n<strong>Zni\u017cka<\/strong>:  Pierwsze zam\u00f3wienia ju\u017c od 10% taniej.<br \/>\n<strong>Wska\u017anik terminowo\u015bci dostaw<\/strong>:\u00a0 100%<br \/>\n<strong>Przesy\u0142ki og\u00f3\u0142em<\/strong>:  10000 szt.<br \/>\n<strong>Wysy\u0142ka<\/strong>: Fracht morski Fracht l\u0105dowy<\/p>\n<p>&nbsp;<\/p>\n<p>&nbsp;<\/p>\n<p>Rabat na du\u017ce zam\u00f3wienia! Zawsze trzymamy si\u0119 \u015bci\u015ble wyselekcjonowanych fabryk wsp\u00f3\u0142pracuj\u0105cych do wytwarzania produkt\u00f3w, a dobra reputacja decyduje o wysokiej jako\u015bci i wysokich standardach naszych towar\u00f3w. Do\u0142\u0105cz do nas teraz~<\/p>","protected":false},"featured_media":6348,"comment_status":"open","ping_status":"closed","template":"","meta":{"_acf_changed":false},"product_brand":[],"product_cat":[29],"product_tag":[55,54,50],"class_list":{"0":"post-6341","1":"product","2":"type-product","3":"status-publish","4":"has-post-thumbnail","6":"product_cat-shopping-bag","7":"product_tag-easy-to-carry","8":"product_tag-lightweight","9":"product_tag-wholesale","11":"first","12":"instock","13":"shipping-taxable","14":"purchasable","15":"product-type-simple","16":"swiper-slide"},"acf":[],"_links":{"self":[{"href":"https:\/\/www.sellersunionagent.com\/pl\/wp-json\/wp\/v2\/product\/6341","targetHints":{"allow":["GET"]}}],"collection":[{"href":"https:\/\/www.sellersunionagent.com\/pl\/wp-json\/wp\/v2\/product"}],"about":[{"href":"https:\/\/www.sellersunionagent.com\/pl\/wp-json\/wp\/v2\/types\/product"}],"replies":[{"embeddable":true,"href":"https:\/\/www.sellersunionagent.com\/pl\/wp-json\/wp\/v2\/comments?post=6341"}],"wp:featuredmedia":[{"embeddable":true,"href":"https:\/\/www.sellersunionagent.com\/pl\/wp-json\/wp\/v2\/media\/6348"}],"wp:attachment":[{"href":"https:\/\/www.sellersunionagent.com\/pl\/wp-json\/wp\/v2\/media?parent=6341"}],"wp:term":[{"taxonomy":"product_brand","embeddable":true,"href":"https:\/\/www.sellersunionagent.com\/pl\/wp-json\/wp\/v2\/product_brand?post=6341"},{"taxonomy":"product_cat","embeddable":true,"href":"https:\/\/www.sellersunionagent.com\/pl\/wp-json\/wp\/v2\/product_cat?post=6341"},{"taxonomy":"product_tag","embeddable":true,"href":"https:\/\/www.sellersunionagent.com\/pl\/wp-json\/wp\/v2\/product_tag?post=6341"}],"curies":[{"name":"wp","href":"https:\/\/api.w.org\/{rel}","templated":true}]}}