{"id":6332,"date":"2022-05-31T21:24:53","date_gmt":"2022-05-31T13:24:53","guid":{"rendered":"https:\/\/sellersunionagent.com\/?post_type=product&#038;p=6332"},"modified":"2022-07-13T18:17:13","modified_gmt":"2022-07-13T10:17:13","slug":"hurtowa-wielofunkcyjna-przenosna-torba-do-prania","status":"publish","type":"product","link":"https:\/\/www.sellersunionagent.com\/pl\/wholesale-multifunctional-portable-washing-bag\/","title":{"rendered":"Hurtowa wielofunkcyjna przeno\u015bna torba do prania"},"content":{"rendered":"<h2>Przeno\u015bne, przezroczyste, wodoodporne etui na zestaw do piel\u0119gnacji rz\u0119s w podr\u00f3\u017cy<\/h2>\n<p>&nbsp;<\/p>\n<p>Je\u015bli: Potrzebujesz wodoodpornej kosmetyczki z wieloma kieszeniami.<\/p>\n<p>&nbsp;<\/p>\n<ul>\n<li>Ta torba do prania ma wiele kieszeni do przechowywania niezb\u0119dnych rzeczy potrzebnych w podr\u00f3\u017cy s\u0142u\u017cbowej (np. r\u0119cznik, pasta do z\u0119b\u00f3w, szczoteczka do z\u0119b\u00f3w itp.).<\/li>\n<li>Wodoodporna tkanina zapewnia oddzielne przechowywanie przedmiot\u00f3w wewn\u0105trz i na zewn\u0105trz, dzi\u0119ki czemu jest to niezb\u0119dny element podr\u00f3\u017cy s\u0142u\u017cbowych.<\/li>\n<li>Z ma\u0142ym urokiem w \u015brodku, \u0142atwy w u\u017cyciu i przechowywaniu.<\/li>\n<li>Zamek b\u0142yskawiczny lub podw\u00f3jna klamra magnetyczna zapewniaj\u0105 bezpieczne przechowywanie przedmiot\u00f3w i zapobiegaj\u0105 ich rozpadaniu si\u0119.<\/li>\n<li>Wielofunkcyjne zastosowanie, dziewcz\u0119ta mog\u0105 by\u0107 r\u00f3wnie\u017c u\u017cywane jako kosmetyczka do noszenia przy sobie.<\/li>\n<\/ul>\n<p><img fetchpriority=\"high\" decoding=\"async\" class=\"aligncenter wp-image-6336\" src=\"https:\/\/www.sellersunionagent.com\/wp-content\/uploads\/2022\/05\/multifunctional-portable-washing-bag-1.jpg\" alt=\"\" width=\"600\" height=\"600\" \/><\/p>\n<p>&nbsp;<\/p>\n<p><img decoding=\"async\" class=\"aligncenter wp-image-6335\" src=\"https:\/\/www.sellersunionagent.com\/wp-content\/uploads\/2022\/05\/multifunctional-portable-washing-bag-2.jpg\" alt=\"\" width=\"600\" height=\"600\" \/><\/p>\n<p>&nbsp;<\/p>\n<p><img decoding=\"async\" class=\"aligncenter wp-image-9410\" src=\"https:\/\/www.sellersunionagent.com\/wp-content\/uploads\/2022\/05\/\u5fae\u4fe1\u56fe\u7247_20220713181426.png\" alt=\"Dostawca hurtowy\" width=\"500\" height=\"236\" \/><img loading=\"lazy\" decoding=\"async\" class=\"aligncenter wp-image-9409\" src=\"https:\/\/www.sellersunionagent.com\/wp-content\/uploads\/2022\/05\/\u4e3b\u56fe-04-2.jpg\" alt=\"Dostawca hurtowy\" width=\"500\" height=\"500\" \/><\/p>\n<p><img loading=\"lazy\" decoding=\"async\" class=\"aligncenter wp-image-9408\" src=\"https:\/\/www.sellersunionagent.com\/wp-content\/uploads\/2022\/05\/\u4e3b\u56fe-03-3.jpg\" alt=\"Dostawca hurtowy\" width=\"500\" height=\"500\" \/><\/p>\n<p><img loading=\"lazy\" decoding=\"async\" class=\"aligncenter wp-image-9411\" src=\"https:\/\/www.sellersunionagent.com\/wp-content\/uploads\/2022\/05\/\u5fae\u4fe1\u56fe\u7247_202207131814261.png\" alt=\"Dostawca hurtowy\" width=\"500\" height=\"456\" \/><\/p>","protected":false},"excerpt":{"rendered":"<p><strong>Typ:<\/strong> Torba do prania Pozycja<\/p>\n<p><strong>Rozmiar: <\/strong>Z\u0142o\u017cony 25*20cm\/otwarty 25*48cmPrzedmiot<\/p>\n<p><strong>Waga:<\/strong> 211g<\/p>\n<p><strong>Zdolno\u015b\u0107 dostawcza:<\/strong> 50000 sztuk na miesi\u0105c<\/p>\n<p><strong>MOQ:<\/strong> 500cs<\/p>","protected":false},"featured_media":6336,"comment_status":"open","ping_status":"closed","template":"","meta":{"_acf_changed":false},"product_brand":[],"product_cat":[33],"product_tag":[60,61,50],"class_list":{"0":"post-6332","1":"product","2":"type-product","3":"status-publish","4":"has-post-thumbnail","6":"product_cat-toiletry-bag","7":"product_tag-portable","8":"product_tag-washing-bag","9":"product_tag-wholesale","11":"first","12":"instock","13":"shipping-taxable","14":"product-type-simple","15":"swiper-slide"},"acf":[],"_links":{"self":[{"href":"https:\/\/www.sellersunionagent.com\/pl\/wp-json\/wp\/v2\/product\/6332","targetHints":{"allow":["GET"]}}],"collection":[{"href":"https:\/\/www.sellersunionagent.com\/pl\/wp-json\/wp\/v2\/product"}],"about":[{"href":"https:\/\/www.sellersunionagent.com\/pl\/wp-json\/wp\/v2\/types\/product"}],"replies":[{"embeddable":true,"href":"https:\/\/www.sellersunionagent.com\/pl\/wp-json\/wp\/v2\/comments?post=6332"}],"wp:featuredmedia":[{"embeddable":true,"href":"https:\/\/www.sellersunionagent.com\/pl\/wp-json\/wp\/v2\/media\/6336"}],"wp:attachment":[{"href":"https:\/\/www.sellersunionagent.com\/pl\/wp-json\/wp\/v2\/media?parent=6332"}],"wp:term":[{"taxonomy":"product_brand","embeddable":true,"href":"https:\/\/www.sellersunionagent.com\/pl\/wp-json\/wp\/v2\/product_brand?post=6332"},{"taxonomy":"product_cat","embeddable":true,"href":"https:\/\/www.sellersunionagent.com\/pl\/wp-json\/wp\/v2\/product_cat?post=6332"},{"taxonomy":"product_tag","embeddable":true,"href":"https:\/\/www.sellersunionagent.com\/pl\/wp-json\/wp\/v2\/product_tag?post=6332"}],"curies":[{"name":"wp","href":"https:\/\/api.w.org\/{rel}","templated":true}]}}