{"id":6302,"date":"2022-05-31T21:13:57","date_gmt":"2022-05-31T13:13:57","guid":{"rendered":"https:\/\/sellersunionagent.com\/?post_type=product&#038;p=6302"},"modified":"2022-08-01T18:29:59","modified_gmt":"2022-08-01T10:29:59","slug":"custom-travel-delicate-washing-bag-with-handle","status":"publish","type":"product","link":"https:\/\/www.sellersunionagent.com\/pl\/custom-travel-delicate-washing-bag-with-handle\/","title":{"rendered":"Niestandardowa podr\u00f3\u017cna delikatna torba do prania z uchwytem"},"content":{"rendered":"<h2>Przeno\u015bne, przezroczyste, wodoodporne etui na zestaw do piel\u0119gnacji rz\u0119s w podr\u00f3\u017cy<\/h2>\n<p><strong>Typ przedmiotu:<\/strong> Torba do prania<\/p>\n<p>Item NO.: YTJ001\/002\/003<\/p>\n<p><strong>Rozmiar:<\/strong> 20.5*7*13cm\/ 24.5*9.5*14.5cm\/29.5*10.5*20cm<\/p>\n<p><strong>Waga przedmiotu:<\/strong> 96g\/ 120g\/189g<\/p>\n<p><strong>Zdolno\u015b\u0107 dostawcza:<\/strong> 50000 sztuk na miesi\u0105c<\/p>\n<p>&nbsp;<\/p>\n<p>&nbsp;<\/p>\n<p>Whether you are taking an overnight business trip or going on a 10-day excursion abroad, you need a way to transport your bathroom gear. We looked at a variety of zippered sacks, hanging bags, and structured, standing toiletry cases that open from above (what we\u2019re calling \u201cdopp kits\u201d). We selected picks for a variety of travelers and those using them in their bathroom: a versatile bag for most travel situations, a dopp kit with loads of organizational compartments, an open-style dopp kit with plenty of space for larger toiletries, a compact hanging bag for light packers, and a hanging bag big enough for a family to share.<\/p>\n<p>&nbsp;<\/p>\n<p>Get this if:\u00a0You want a bag for both long and short trips.<\/p>\n<p>&nbsp;<\/p>\n<p>Why is it great:\uff1fThough it\u2019s not the best bag for every type of trip, this multifunctional washing bag\u00a0is a good option for more scenarios than any other bag we tested. It\u2019s also a great choice for travelers who need a versatile kit that can hold enough for longer excursions as well as keep smaller, travel-size items organized.<\/p>\n<p>&nbsp;<\/p>\n<p>This bag doesn&#8217;t separate all the space, but this makes better use of it. As a result, it offers greater flexibility to store larger and wider products, such as full-size shampoo bottles, shaving cream tins or large make-up trays. It also has a carry-all position so you carry it or hang it up. When we first tested this bag in 2018\uff0cit was fully transparent on the front and back. After several refurbishments, we turned it into a frosted material for a more sophisticated look as well as better privacy<\/p>\n<p><img fetchpriority=\"high\" decoding=\"async\" class=\"aligncenter wp-image-6330\" src=\"https:\/\/www.sellersunionagent.com\/wp-content\/uploads\/2022\/05\/travel-delicate-washing-bag-1.jpg\" alt=\"\" width=\"500\" height=\"500\" \/><img decoding=\"async\" class=\"aligncenter wp-image-6325\" src=\"https:\/\/www.sellersunionagent.com\/wp-content\/uploads\/2022\/05\/travel-delicate-washing-bag-6.jpg\" alt=\"\" width=\"500\" height=\"500\" \/><img decoding=\"async\" class=\"aligncenter wp-image-6326\" src=\"https:\/\/www.sellersunionagent.com\/wp-content\/uploads\/2022\/05\/travel-delicate-washing-bag-5.jpg\" alt=\"\" width=\"500\" height=\"500\" \/><\/p>\n<p><img loading=\"lazy\" decoding=\"async\" class=\"aligncenter wp-image-6311\" src=\"https:\/\/www.sellersunionagent.com\/wp-content\/uploads\/2022\/05\/travel-delicate-washing-bag-20.jpg\" alt=\"\" width=\"500\" height=\"500\" \/><\/p>\n<p><img loading=\"lazy\" decoding=\"async\" class=\"aligncenter wp-image-6309\" src=\"https:\/\/www.sellersunionagent.com\/wp-content\/uploads\/2022\/05\/travel-delicate-washing-bag-22.jpg\" alt=\"\" width=\"500\" height=\"500\" \/><\/p>\n<p><img loading=\"lazy\" decoding=\"async\" class=\"aligncenter wp-image-6307\" src=\"https:\/\/www.sellersunionagent.com\/wp-content\/uploads\/2022\/05\/travel-delicate-washing-bag-24.jpg\" alt=\"\" width=\"500\" height=\"500\" \/><\/p>\n<p>&nbsp;<\/p>","protected":false},"excerpt":{"rendered":"<p><strong>MOQ<\/strong>200 sztuk<br \/>\n<strong>Bezp\u0142atna pr\u00f3bka<\/strong>:  Obs\u0142ugiwane<br \/>\n<strong>Personalizacja<\/strong>logo \/ kolor \/ materia\u0142y \/ opakowanie itp.<br \/>\n<strong>Zni\u017cka<\/strong>:  Pierwsze zam\u00f3wienia ju\u017c od 10% taniej.<br \/>\n<strong>Wska\u017anik terminowo\u015bci dostaw<\/strong>:\u00a0 100%<br \/>\n<strong>Przesy\u0142ki og\u00f3\u0142em<\/strong>:  10000 szt.<br \/>\n<strong>Wysy\u0142ka<\/strong>: Fracht morski Fracht l\u0105dowy<\/p>","protected":false},"featured_media":6323,"comment_status":"open","ping_status":"closed","template":"","meta":{"_acf_changed":false},"product_brand":[],"product_cat":[33],"product_tag":[60,61,50],"class_list":{"0":"post-6302","1":"product","2":"type-product","3":"status-publish","4":"has-post-thumbnail","6":"product_cat-toiletry-bag","7":"product_tag-portable","8":"product_tag-washing-bag","9":"product_tag-wholesale","11":"first","12":"instock","13":"shipping-taxable","14":"purchasable","15":"product-type-simple","16":"swiper-slide"},"acf":[],"_links":{"self":[{"href":"https:\/\/www.sellersunionagent.com\/pl\/wp-json\/wp\/v2\/product\/6302","targetHints":{"allow":["GET"]}}],"collection":[{"href":"https:\/\/www.sellersunionagent.com\/pl\/wp-json\/wp\/v2\/product"}],"about":[{"href":"https:\/\/www.sellersunionagent.com\/pl\/wp-json\/wp\/v2\/types\/product"}],"replies":[{"embeddable":true,"href":"https:\/\/www.sellersunionagent.com\/pl\/wp-json\/wp\/v2\/comments?post=6302"}],"wp:featuredmedia":[{"embeddable":true,"href":"https:\/\/www.sellersunionagent.com\/pl\/wp-json\/wp\/v2\/media\/6323"}],"wp:attachment":[{"href":"https:\/\/www.sellersunionagent.com\/pl\/wp-json\/wp\/v2\/media?parent=6302"}],"wp:term":[{"taxonomy":"product_brand","embeddable":true,"href":"https:\/\/www.sellersunionagent.com\/pl\/wp-json\/wp\/v2\/product_brand?post=6302"},{"taxonomy":"product_cat","embeddable":true,"href":"https:\/\/www.sellersunionagent.com\/pl\/wp-json\/wp\/v2\/product_cat?post=6302"},{"taxonomy":"product_tag","embeddable":true,"href":"https:\/\/www.sellersunionagent.com\/pl\/wp-json\/wp\/v2\/product_tag?post=6302"}],"curies":[{"name":"wp","href":"https:\/\/api.w.org\/{rel}","templated":true}]}}