{"id":6255,"date":"2022-05-31T19:04:36","date_gmt":"2022-05-31T11:04:36","guid":{"rendered":"https:\/\/sellersunionagent.com\/?post_type=product&#038;p=6255"},"modified":"2022-06-25T14:53:03","modified_gmt":"2022-06-25T06:53:03","slug":"wholesale-electronic-accessories-digital-bag-for-portable-charger-cables-earphone","status":"publish","type":"product","link":"https:\/\/www.sellersunionagent.com\/pl\/wholesale-electronic-accessories-digital-bag-for-portable-charger-cables-earphone\/","title":{"rendered":"Hurtownia akcesori\u00f3w elektronicznych Torba do przechowywania przeno\u015bnej \u0142adowarki Kable S\u0142uchawki"},"content":{"rendered":"<h2>Hurtownia akcesori\u00f3w elektronicznych Torba do przechowywania przeno\u015bnej \u0142adowarki Kable S\u0142uchawki<\/h2>\n<p><span class=\"skip\"><a data-keyword=\"appropriate\">Appropriate dimension: The portable design and ideal size is easy to carry and fit in your handbag and luggage. It will be an additional electronic accessories storage companion for your travels.<\/a><\/span><\/p>\n<p>&nbsp;<\/p>\n<p>Sleek design: This organizer bag is designed for office staffs, students &amp; travelers who need to store &amp; keep their electronics accessories or small school stationery supplies organized. It utilizes a water-repellant fabric and clean, streamlined design with strong carry handle, and smooth zipper.<\/p>\n<p>&nbsp;<\/p>\n<p>Du\u017ca pojemno\u015b\u0107: Du\u017ca pojemno\u015b\u0107 mo\u017ce pomie\u015bci\u0107 codzienne akcesoria elektroniczne, takie jak kable, r\u00f3\u017cne \u0142adowarki, s\u0142uchawki, adapter elektroniczny itp.<\/p>\n<p><img fetchpriority=\"high\" decoding=\"async\" class=\"aligncenter wp-image-6275\" src=\"https:\/\/www.sellersunionagent.com\/wp-content\/uploads\/2022\/05\/electronic-accessories-storage-bag-8.jpg\" alt=\"Akcesoria elektroniczne\" width=\"600\" height=\"600\" \/><img decoding=\"async\" class=\"aligncenter wp-image-6279\" src=\"https:\/\/www.sellersunionagent.com\/wp-content\/uploads\/2022\/05\/electronic-accessories-storage-bag-4.jpg\" alt=\"Akcesoria elektroniczne\" width=\"600\" height=\"600\" \/><img decoding=\"async\" class=\"aligncenter wp-image-6280\" src=\"https:\/\/www.sellersunionagent.com\/wp-content\/uploads\/2022\/05\/electronic-accessories-storage-bag-3.jpg\" alt=\"Akcesoria elektroniczne\" width=\"600\" height=\"600\" \/><img loading=\"lazy\" decoding=\"async\" class=\"aligncenter wp-image-6277\" src=\"https:\/\/www.sellersunionagent.com\/wp-content\/uploads\/2022\/05\/electronic-accessories-storage-bag-6.jpg\" alt=\"Akcesoria elektroniczne\" width=\"600\" height=\"706\" \/><img loading=\"lazy\" decoding=\"async\" class=\"aligncenter wp-image-6278\" src=\"https:\/\/www.sellersunionagent.com\/wp-content\/uploads\/2022\/05\/electronic-accessories-storage-bag-5.jpg\" alt=\"Akcesoria elektroniczne\" width=\"600\" height=\"732\" \/><\/p>\n<p>&nbsp;<\/p>","protected":false},"excerpt":{"rendered":"<p><strong>Typ<\/strong>: Torba do przechowywania akcesori\u00f3w elektronicznych<\/p>\n<p><strong>Rozmiar elementu<\/strong>25*19*2cm<\/p>\n<p><strong>Waga przedmiotu<\/strong>: 200g<br \/>\n<b data-spm-anchor-id=\"a2700.wholesale.0.i30.19ef5692iiqQHz\">Kolory: <\/b>Granatowy, szary, fioletowy, czarny, niebieski, wino<\/p>\n<p>Od 1997 roku rozpocz\u0119li\u015bmy nasz\u0105 dzia\u0142alno\u015b\u0107. Utrzymujemy niezwykle wysok\u0105 wra\u017cliwo\u015b\u0107 rynku na r\u00f3\u017cne towary. Specjalizujemy si\u0119 w sprzeda\u017cy hurtowej artyku\u0142\u00f3w do przechowywania, wykonujemy OEM, ODM i zapewniamy kompleksow\u0105 us\u0142ug\u0119 kompleksowych zakup\u00f3w. Z przyjemno\u015bci\u0105 oferujemy najpopularniejsze produkty, kt\u00f3re pomog\u0105 rozwin\u0105\u0107 dzia\u0142alno\u015b\u0107.<\/p>","protected":false},"featured_media":6281,"comment_status":"open","ping_status":"closed","template":"","meta":{"_acf_changed":false},"product_brand":[],"product_cat":[32],"product_tag":[48,50],"class_list":{"0":"post-6255","1":"product","2":"type-product","3":"status-publish","4":"has-post-thumbnail","6":"product_cat-digital-bag","7":"product_tag-large-capacity","8":"product_tag-wholesale","10":"first","11":"instock","12":"shipping-taxable","13":"product-type-simple","14":"swiper-slide"},"acf":[],"_links":{"self":[{"href":"https:\/\/www.sellersunionagent.com\/pl\/wp-json\/wp\/v2\/product\/6255","targetHints":{"allow":["GET"]}}],"collection":[{"href":"https:\/\/www.sellersunionagent.com\/pl\/wp-json\/wp\/v2\/product"}],"about":[{"href":"https:\/\/www.sellersunionagent.com\/pl\/wp-json\/wp\/v2\/types\/product"}],"replies":[{"embeddable":true,"href":"https:\/\/www.sellersunionagent.com\/pl\/wp-json\/wp\/v2\/comments?post=6255"}],"wp:featuredmedia":[{"embeddable":true,"href":"https:\/\/www.sellersunionagent.com\/pl\/wp-json\/wp\/v2\/media\/6281"}],"wp:attachment":[{"href":"https:\/\/www.sellersunionagent.com\/pl\/wp-json\/wp\/v2\/media?parent=6255"}],"wp:term":[{"taxonomy":"product_brand","embeddable":true,"href":"https:\/\/www.sellersunionagent.com\/pl\/wp-json\/wp\/v2\/product_brand?post=6255"},{"taxonomy":"product_cat","embeddable":true,"href":"https:\/\/www.sellersunionagent.com\/pl\/wp-json\/wp\/v2\/product_cat?post=6255"},{"taxonomy":"product_tag","embeddable":true,"href":"https:\/\/www.sellersunionagent.com\/pl\/wp-json\/wp\/v2\/product_tag?post=6255"}],"curies":[{"name":"wp","href":"https:\/\/api.w.org\/{rel}","templated":true}]}}