{"id":6237,"date":"2022-05-31T17:39:18","date_gmt":"2022-05-31T09:39:18","guid":{"rendered":"https:\/\/sellersunionagent.com\/?post_type=product&#038;p=6237"},"modified":"2026-01-06T14:29:51","modified_gmt":"2026-01-06T06:29:51","slug":"hurtowe-akcesoria-komputerowe-futeral-na-laptopa","status":"publish","type":"product","link":"https:\/\/www.sellersunionagent.com\/pl\/wholesale-computer-accessories-laptop-carrying-case\/","title":{"rendered":"Hurtownia akcesori\u00f3w komputerowych Etui na laptopa"},"content":{"rendered":"<h2><span class=\"skip\"><a data-keyword=\"appropriate\">Hurtownia akcesori\u00f3w komputerowych Etui na laptopa<\/a><\/span><\/h2>\n<p><strong>Typ<\/strong>: Etui do przenoszenia laptopa<\/p>\n<p><strong>Pozycja nr:<\/strong> RH814\/815\/816<\/p>\n<p><strong>Rozmiar elementu<\/strong>: 13\"(32*22*2cm)\/ 13.3\"(35*266*2cm)\/ 15.6\"(39*28*2cm)<\/p>\n<p><strong>Waga przedmiotu<\/strong>260g\/ 238g\/ 393g<\/p>\n<p>&nbsp;<\/p>\n<p><span class=\"skip\"><a data-keyword=\"appropriate\">Odpowiedni wymiar: Dost\u0119pne s\u0105 trzy opcjonalne rozmiary. Pojemny, warstwowy schowek pozwala na uporz\u0105dkowanie przedmiot\u00f3w, takich jak komputery, d\u0142ugopisy, kable, myszki, s\u0142uchawki, telefony kom\u00f3rkowe, akcesoria do iPada lub laptopa. Nowoczesna, smuk\u0142a i lekka konstrukcja umo\u017cliwia codzienne u\u017cytkowanie.<\/a><\/span><\/p>\n<p>&nbsp;<\/p>\n<p>Dobra ochrona: Ten hurtowy wytrzyma\u0142y pokrowiec na laptopa wykorzystuje tkanin\u0119 kationow\u0105, kt\u00f3ra buforuje wstrz\u0105sy i uderzenia, chroni\u0105c notebooka przed przypadkowymi uderzeniami i zadrapaniami. Troskliwe projekty, takie jak pogrubienie naro\u017cnik\u00f3w i elastyczna opaska, pomagaj\u0105 chroni\u0107 urz\u0105dzenie przed uszkodzeniem.<\/p>\n<p>&nbsp;<\/p>\n<p>Por\u0119czny uchwyt: Posiada przeno\u015bny uchwyt. G\u00f3rny uchwyt zamiast uchwytu bocznego u\u0142atwia wyjmowanie etui z plecaka lub walizki. Mo\u017cna go nosi\u0107 lub powiesi\u0107 w walizce.<\/p>\n<p><img fetchpriority=\"high\" decoding=\"async\" class=\"aligncenter\" src=\"https:\/\/www.sellersunionagent.com\/wp-content\/uploads\/2022\/05\/%E5%9B%BD%E9%99%85%E7%AB%99%E7%94%B5%E8%84%91%E5%8C%85%E6%89%8B%E6%8F%90_021.png\" alt=\"Sprzeda\u017c hurtowa \" width=\"750\" height=\"258\" \/><\/p>\n<p><img decoding=\"async\" class=\"aligncenter wp-image-6248\" src=\"https:\/\/www.sellersunionagent.com\/wp-content\/uploads\/2022\/05\/laptop-carrying-case-3.jpg\" alt=\"Sprzeda\u017c hurtowa \" width=\"600\" height=\"600\" \/><\/p>\n<p><img decoding=\"async\" class=\"aligncenter wp-image-6240\" src=\"https:\/\/www.sellersunionagent.com\/wp-content\/uploads\/2022\/05\/laptop-bag-2.jpg\" alt=\"Sprzeda\u017c hurtowa \" width=\"600\" height=\"600\" \/><img loading=\"lazy\" decoding=\"async\" class=\"aligncenter wp-image-6242\" src=\"https:\/\/www.sellersunionagent.com\/wp-content\/uploads\/2022\/05\/laptop-carrying-case-9.jpg\" alt=\"Sprzeda\u017c hurtowa \" width=\"600\" height=\"600\" \/><img loading=\"lazy\" decoding=\"async\" class=\"aligncenter wp-image-6245\" src=\"https:\/\/www.sellersunionagent.com\/wp-content\/uploads\/2022\/05\/laptop-carrying-case-6.jpg\" alt=\"Sprzeda\u017c hurtowa \" width=\"600\" height=\"687\" \/><img loading=\"lazy\" decoding=\"async\" class=\"aligncenter wp-image-6246\" src=\"https:\/\/www.sellersunionagent.com\/wp-content\/uploads\/2022\/05\/laptop-carrying-case-5.jpg\" alt=\"Sprzeda\u017c hurtowa \" width=\"600\" height=\"702\" \/><\/p>","protected":false},"excerpt":{"rendered":"<p><strong>MOQ<\/strong>:  100 szt.<br \/>\n<strong>Bezp\u0142atna pr\u00f3bka<\/strong>:  Obs\u0142ugiwane<br \/>\n<strong>Personalizacja<\/strong>logo \/ kolor \/ materia\u0142y \/ opakowanie itp.<br \/>\n<strong>Zni\u017cka<\/strong>:  Pierwsze zam\u00f3wienia ju\u017c od 10% taniej.<br \/>\n<strong>Wska\u017anik terminowo\u015bci dostaw<\/strong>:\u00a0 100%<br \/>\n<strong>Przesy\u0142ki og\u00f3\u0142em<\/strong>:  10000 szt.<br \/>\n<strong>Wysy\u0142ka<\/strong>: Fracht morski Fracht l\u0105dowy<\/p>\n<p>Od 1997 roku rozpocz\u0119li\u015bmy nasz\u0105 dzia\u0142alno\u015b\u0107. Utrzymujemy niezwykle wysok\u0105 wra\u017cliwo\u015b\u0107 rynku na r\u00f3\u017cne towary. Specjalizujemy si\u0119 w sprzeda\u017cy hurtowej artyku\u0142\u00f3w do przechowywania, wykonujemy OEM, ODM i zapewniamy kompleksow\u0105 us\u0142ug\u0119 kompleksowych zakup\u00f3w. Z przyjemno\u015bci\u0105 oferujemy najpopularniejsze produkty, kt\u00f3re pomog\u0105 rozwin\u0105\u0107 dzia\u0142alno\u015b\u0107.<\/p>","protected":false},"featured_media":6238,"comment_status":"open","ping_status":"closed","template":"","meta":{"_acf_changed":false},"product_brand":[],"product_cat":[32],"product_tag":[51,50],"class_list":{"0":"post-6237","1":"product","2":"type-product","3":"status-publish","4":"has-post-thumbnail","6":"product_cat-digital-bag","7":"product_tag-computer-accessories","8":"product_tag-wholesale","10":"first","11":"instock","12":"shipping-taxable","13":"purchasable","14":"product-type-simple","15":"swiper-slide"},"acf":[],"_links":{"self":[{"href":"https:\/\/www.sellersunionagent.com\/pl\/wp-json\/wp\/v2\/product\/6237","targetHints":{"allow":["GET"]}}],"collection":[{"href":"https:\/\/www.sellersunionagent.com\/pl\/wp-json\/wp\/v2\/product"}],"about":[{"href":"https:\/\/www.sellersunionagent.com\/pl\/wp-json\/wp\/v2\/types\/product"}],"replies":[{"embeddable":true,"href":"https:\/\/www.sellersunionagent.com\/pl\/wp-json\/wp\/v2\/comments?post=6237"}],"wp:featuredmedia":[{"embeddable":true,"href":"https:\/\/www.sellersunionagent.com\/pl\/wp-json\/wp\/v2\/media\/6238"}],"wp:attachment":[{"href":"https:\/\/www.sellersunionagent.com\/pl\/wp-json\/wp\/v2\/media?parent=6237"}],"wp:term":[{"taxonomy":"product_brand","embeddable":true,"href":"https:\/\/www.sellersunionagent.com\/pl\/wp-json\/wp\/v2\/product_brand?post=6237"},{"taxonomy":"product_cat","embeddable":true,"href":"https:\/\/www.sellersunionagent.com\/pl\/wp-json\/wp\/v2\/product_cat?post=6237"},{"taxonomy":"product_tag","embeddable":true,"href":"https:\/\/www.sellersunionagent.com\/pl\/wp-json\/wp\/v2\/product_tag?post=6237"}],"curies":[{"name":"wp","href":"https:\/\/api.w.org\/{rel}","templated":true}]}}