{"id":6219,"date":"2022-05-31T16:33:53","date_gmt":"2022-05-31T08:33:53","guid":{"rendered":"https:\/\/sellersunionagent.com\/?post_type=product&#038;p=6219"},"modified":"2022-06-25T14:13:37","modified_gmt":"2022-06-25T06:13:37","slug":"oem-drukowana-torba-obiadowa-dla-kobiet-mezczyzn-dzieci","status":"publish","type":"product","link":"https:\/\/www.sellersunionagent.com\/pl\/oem-printed-dinner-bag-for-women-men-kids\/","title":{"rendered":"Torba na lunch z nadrukiem OEM dla kobiet, m\u0119\u017cczyzn i dzieci"},"content":{"rendered":"<h2>Torba na lunch z nadrukiem OEM dla kobiet, m\u0119\u017cczyzn i dzieci<\/h2>\n<p>Bezpieczny materia\u0142: Wykonany z wysokiej jako\u015bci tkaniny Oxford. Wewn\u0119trzna wy\u015bci\u00f3\u0142ka zosta\u0142a wykonana z aluminiowej folii spo\u017cywczej i wy\u015bcie\u0142ana piank\u0105 EPE o grubo\u015bci 5 mm, co zapewnia doskona\u0142\u0105 odporno\u015b\u0107 termiczn\u0105 i \u0142atwe czyszczenie. Izolowana podszewka mo\u017ce utrzymywa\u0107 \u017cywno\u015b\u0107 i napoje w cieple lub ch\u0142odzie.<\/p>\n<p>&nbsp;<\/p>\n<p>Prosty styl: Klasyczny czarny kolor i prosty wygl\u0105d pasuj\u0105 do kobiet, m\u0119\u017cczyzn i dzieci, kt\u00f3re mo\u017cna \u0142atwo otwiera\u0107 i zamyka\u0107 za pomoc\u0105 zamka b\u0142yskawicznego i szerszego uchwytu. Mo\u017cna wybra\u0107 wiele nadruk\u00f3w, dostosowanie OEM jest mile widziane.<\/p>\n<p>&nbsp;<\/p>\n<p>Sk\u0142adany i przeno\u015bny: Szeroko otwarta konstrukcja z podw\u00f3jnymi zamkami b\u0142yskawicznymi u\u0142atwia dost\u0119p, a ten izolowany pojemnik na lunch mo\u017cna nosi\u0107 tak \u0142atwo, jak ksi\u0105\u017ck\u0119 po z\u0142o\u017ceniu. Klasyczny i prosty wygl\u0105d z wy\u015bcie\u0142anym uchwytem oraz odpinanym i regulowanym paskiem na rami\u0119, kt\u00f3ry mo\u017cna nosi\u0107 w 2 trybach: torby na rami\u0119 i torebki.<img fetchpriority=\"high\" decoding=\"async\" class=\"aligncenter wp-image-6221\" src=\"https:\/\/www.sellersunionagent.com\/wp-content\/uploads\/2022\/05\/oem-printed-lunch-bag-15.jpg\" alt=\"OEM\" width=\"600\" height=\"600\" \/><img decoding=\"async\" class=\"aligncenter wp-image-6222\" src=\"https:\/\/www.sellersunionagent.com\/wp-content\/uploads\/2022\/05\/oem-printed-lunch-bag-14.jpg\" alt=\"OEM\" width=\"600\" height=\"687\" \/><img decoding=\"async\" class=\"aligncenter wp-image-6224\" src=\"https:\/\/www.sellersunionagent.com\/wp-content\/uploads\/2022\/05\/oem-printed-lunch-bag-12.png\" alt=\"OEM\" width=\"600\" height=\"510\" \/><img loading=\"lazy\" decoding=\"async\" class=\"aligncenter wp-image-6225\" src=\"https:\/\/www.sellersunionagent.com\/wp-content\/uploads\/2022\/05\/oem-printed-lunch-bag-11.jpg\" alt=\"OEM\" width=\"600\" height=\"671\" \/><img loading=\"lazy\" decoding=\"async\" class=\"aligncenter wp-image-6226\" src=\"https:\/\/www.sellersunionagent.com\/wp-content\/uploads\/2022\/05\/oem-printed-lunch-bag-10.jpg\" alt=\"OEM\" width=\"600\" height=\"491\" \/><img loading=\"lazy\" decoding=\"async\" class=\"aligncenter wp-image-6223\" src=\"https:\/\/www.sellersunionagent.com\/wp-content\/uploads\/2022\/05\/oem-printed-lunch-bag-13.jpg\" alt=\"OEM\" width=\"600\" height=\"862\" \/><\/p>","protected":false},"excerpt":{"rendered":"<p><strong>Typ<\/strong>: Torba na lunch<\/p>\n<p><strong>Rozmiar elementu<\/strong>25*16,5*34cm\/ 25*16,5*21cm<\/p>\n<p><strong>Waga przedmiotu<\/strong>230g\/ 165g<br \/>\n<strong>Zdolno\u015b\u0107 dostawcza<\/strong>: 50000 sztuk na miesi\u0105c<br \/>\n<strong>MOQ<\/strong>: 50szt.<\/p>\n<p>Od 1997 roku rozpocz\u0119li\u015bmy nasz\u0105 dzia\u0142alno\u015b\u0107. Utrzymujemy niezwykle wysok\u0105 wra\u017cliwo\u015b\u0107 rynku na r\u00f3\u017cne towary. Specjalizujemy si\u0119 w sprzeda\u017cy hurtowej artyku\u0142\u00f3w do przechowywania, wykonujemy OEM, ODM i zapewniamy kompleksow\u0105 us\u0142ug\u0119 kompleksowych zakup\u00f3w. Z przyjemno\u015bci\u0105 oferujemy najpopularniejsze produkty, kt\u00f3re pomog\u0105 rozwin\u0105\u0107 dzia\u0142alno\u015b\u0107.<\/p>","protected":false},"featured_media":6236,"comment_status":"open","ping_status":"closed","template":"","meta":{"_acf_changed":false},"product_brand":[],"product_cat":[28],"product_tag":[45,46],"class_list":{"0":"post-6219","1":"product","2":"type-product","3":"status-publish","4":"has-post-thumbnail","6":"product_cat-lunch-bag","7":"product_tag-cooler-bag","8":"product_tag-customization","10":"first","11":"instock","12":"shipping-taxable","13":"product-type-simple","14":"swiper-slide"},"acf":[],"_links":{"self":[{"href":"https:\/\/www.sellersunionagent.com\/pl\/wp-json\/wp\/v2\/product\/6219","targetHints":{"allow":["GET"]}}],"collection":[{"href":"https:\/\/www.sellersunionagent.com\/pl\/wp-json\/wp\/v2\/product"}],"about":[{"href":"https:\/\/www.sellersunionagent.com\/pl\/wp-json\/wp\/v2\/types\/product"}],"replies":[{"embeddable":true,"href":"https:\/\/www.sellersunionagent.com\/pl\/wp-json\/wp\/v2\/comments?post=6219"}],"wp:featuredmedia":[{"embeddable":true,"href":"https:\/\/www.sellersunionagent.com\/pl\/wp-json\/wp\/v2\/media\/6236"}],"wp:attachment":[{"href":"https:\/\/www.sellersunionagent.com\/pl\/wp-json\/wp\/v2\/media?parent=6219"}],"wp:term":[{"taxonomy":"product_brand","embeddable":true,"href":"https:\/\/www.sellersunionagent.com\/pl\/wp-json\/wp\/v2\/product_brand?post=6219"},{"taxonomy":"product_cat","embeddable":true,"href":"https:\/\/www.sellersunionagent.com\/pl\/wp-json\/wp\/v2\/product_cat?post=6219"},{"taxonomy":"product_tag","embeddable":true,"href":"https:\/\/www.sellersunionagent.com\/pl\/wp-json\/wp\/v2\/product_tag?post=6219"}],"curies":[{"name":"wp","href":"https:\/\/api.w.org\/{rel}","templated":true}]}}