{"id":6187,"date":"2022-05-31T14:48:42","date_gmt":"2022-05-31T06:48:42","guid":{"rendered":"https:\/\/sellersunionagent.com\/?post_type=product&#038;p=6187"},"modified":"2026-01-06T14:29:51","modified_gmt":"2026-01-06T06:29:51","slug":"torba-obiadowa-z-chinskich-scisle-wyselekcjonowanych-fabryk-spoldzielczych","status":"publish","type":"product","link":"https:\/\/www.sellersunionagent.com\/pl\/dinner-bag-from-china-strictly-selected-cooperative-factories\/","title":{"rendered":"Torba ch\u0142odz\u0105ca z Chin \u015bci\u015ble wybranych fabryk sp\u00f3\u0142dzielczych"},"content":{"rendered":"<h2>Torba ch\u0142odz\u0105ca z Chin \u015bci\u015ble wybranych fabryk sp\u00f3\u0142dzielczych<\/h2>\n<p><strong>Typ<\/strong>: Torba ch\u0142odz\u0105ca<\/p>\n<p><strong>Rozmiar elementu<\/strong>66,5*66,5 cm (otwarty)\/ 18*18*24 cm (z\u0142o\u017cony)<\/p>\n<p><strong>Waga przedmiotu<\/strong>: 260g<br \/>\n<strong>Zdolno\u015b\u0107 dostawcza<\/strong>: 50000 sztuk na miesi\u0105c<br \/>\n<strong>MOQ<\/strong>: 100szt.<\/p>\n<p>&nbsp;<\/p>\n<p>&nbsp;<\/p>\n<p>Utrzymuje ciep\u0142o i \u015bwie\u017co\u015b\u0107 \u017cywno\u015bci: Ten produkt pochodzi ze \u015bci\u015ble wyselekcjonowanych fabryk wsp\u00f3\u0142pracuj\u0105cych z nami. Wewn\u0119trzna wy\u015bci\u00f3\u0142ka zosta\u0142a wykonana z aluminiowej folii spo\u017cywczej i wy\u015bcie\u0142ana piank\u0105 EPE o grubo\u015bci 5 mm, co zapewnia doskona\u0142\u0105 odporno\u015b\u0107 termiczn\u0105 i \u0142atwe czyszczenie. Izolowana podszewka mo\u017ce utrzymywa\u0107 ciep\u0142o i \u015bwie\u017co\u015b\u0107 \u017cywno\u015bci i napoj\u00f3w przez wiele godzin oraz zapobiega\u0107 wylewaniu si\u0119 p\u0142ynu z pojemnika. \u015awietnie nadaje si\u0119 r\u00f3wnie\u017c do utrzymywania temperatury lod\u00f3w lub zimnych napoj\u00f3w w samochodzie lub na si\u0142owni.<\/p>\n<p>&nbsp;<\/p>\n<p>&nbsp;<\/p>\n<p>Du\u017ca pojemno\u015b\u0107: Torba ma wygodny rozmiar do pakowania jedzenia do szko\u0142y, pracy i podr\u00f3\u017cy. Jej pojemno\u015b\u0107 wynosi 9 litr\u00f3w, co wystarcza do przechowywania 9 puszek coli (330 ml), 8 butelek piwa lub 3 pude\u0142ek na posi\u0142ki z owocami i przek\u0105skami.<\/p>\n<p>&nbsp;<\/p>\n<p>&nbsp;<\/p>\n<p>Sk\u0142adany i przeno\u015bny: Szeroko otwarta konstrukcja z podw\u00f3jnymi zamkami b\u0142yskawicznymi u\u0142atwia dost\u0119p, a ten izolowany pojemnik na lunch mo\u017cna nosi\u0107 tak \u0142atwo, jak ksi\u0105\u017ck\u0119 po z\u0142o\u017ceniu. Klasyczny i prosty wygl\u0105d z wy\u015bcie\u0142anym uchwytem oraz odpinanym i regulowanym paskiem na rami\u0119, dzi\u0119ki czemu mo\u017cna go nosi\u0107 w 2 trybach: torby na rami\u0119 i torebki.<\/p>\n<p><img fetchpriority=\"high\" decoding=\"async\" class=\"aligncenter wp-image-6191\" src=\"https:\/\/www.sellersunionagent.com\/wp-content\/uploads\/2022\/05\/cooler-bag-from-china-9.jpg\" alt=\"\u015aci\u015ble wybrane fabryki sp\u00f3\u0142dzielcze\" width=\"600\" height=\"633\" \/><img decoding=\"async\" class=\"aligncenter wp-image-6192\" src=\"https:\/\/www.sellersunionagent.com\/wp-content\/uploads\/2022\/05\/cooler-bag-from-china-8.jpg\" alt=\"\u015aci\u015ble wybrane fabryki sp\u00f3\u0142dzielcze\" width=\"600\" height=\"336\" \/><img decoding=\"async\" class=\"aligncenter wp-image-6194\" src=\"https:\/\/www.sellersunionagent.com\/wp-content\/uploads\/2022\/05\/cooler-bag-from-china-7.jpg\" alt=\"\u015aci\u015ble wybrane fabryki sp\u00f3\u0142dzielcze\" width=\"600\" height=\"1044\" \/><img loading=\"lazy\" decoding=\"async\" class=\"aligncenter wp-image-6195\" src=\"https:\/\/www.sellersunionagent.com\/wp-content\/uploads\/2022\/05\/cooler-bag-from-china-6.jpg\" alt=\"\u015aci\u015ble wybrane fabryki sp\u00f3\u0142dzielcze\" width=\"600\" height=\"591\" \/><img loading=\"lazy\" decoding=\"async\" class=\"aligncenter wp-image-6196\" src=\"https:\/\/www.sellersunionagent.com\/wp-content\/uploads\/2022\/05\/cooler-bag-from-china-5.jpg\" alt=\"\u015aci\u015ble wybrane fabryki sp\u00f3\u0142dzielcze\" width=\"600\" height=\"1086\" \/><img loading=\"lazy\" decoding=\"async\" class=\"aligncenter wp-image-6197\" src=\"https:\/\/www.sellersunionagent.com\/wp-content\/uploads\/2022\/05\/cooler-bag-from-china-4.jpg\" alt=\"\u015aci\u015ble wybrane fabryki sp\u00f3\u0142dzielcze\" width=\"600\" height=\"1026\" \/><\/p>","protected":false},"excerpt":{"rendered":"<p><strong>MOQ<\/strong>: 100 lub Elastyczny<\/p>\n<p><strong>Bezp\u0142atna pr\u00f3bka<\/strong>: Obs\u0142ugiwane<\/p>\n<p><strong>Personalizacja<\/strong>logo\/kolor\/materia\u0142y\/opakowanie<\/p>\n<p><strong>Zni\u017cka<\/strong>: 10% zni\u017cki na pierwsze zam\u00f3wienie<\/p>\n<p><strong>Wska\u017anik terminowo\u015bci dostaw<\/strong>: 100%<\/p>\n<p><strong>Przesy\u0142ki og\u00f3\u0142em<\/strong>: 105876 PCS<\/p>\n<p><strong>Wysy\u0142ka<\/strong>: Obs\u0142uga przesy\u0142ek ekspresowych\/frachtu morskiego\/frachtu l\u0105dowego<\/p>\n<p>&nbsp;<\/p>\n<p>&nbsp;<\/p>\n<p>Zawsze utrzymujemy \u015bci\u015ble wyselekcjonowane wsp\u00f3\u0142pracuj\u0105ce fabryki do wytwarzania produkt\u00f3w, a dobra reputacja decyduje o wysokiej jako\u015bci i wysokich standardach naszych towar\u00f3w.<\/p>","protected":false},"featured_media":6199,"comment_status":"open","ping_status":"closed","template":"","meta":{"_acf_changed":false},"product_brand":[],"product_cat":[28],"product_tag":[49,44,48],"class_list":{"0":"post-6187","1":"product","2":"type-product","3":"status-publish","4":"has-post-thumbnail","6":"product_cat-lunch-bag","7":"product_tag-good-quality","8":"product_tag-hot-selling","9":"product_tag-large-capacity","11":"first","12":"instock","13":"shipping-taxable","14":"purchasable","15":"product-type-simple","16":"swiper-slide"},"acf":[],"_links":{"self":[{"href":"https:\/\/www.sellersunionagent.com\/pl\/wp-json\/wp\/v2\/product\/6187","targetHints":{"allow":["GET"]}}],"collection":[{"href":"https:\/\/www.sellersunionagent.com\/pl\/wp-json\/wp\/v2\/product"}],"about":[{"href":"https:\/\/www.sellersunionagent.com\/pl\/wp-json\/wp\/v2\/types\/product"}],"replies":[{"embeddable":true,"href":"https:\/\/www.sellersunionagent.com\/pl\/wp-json\/wp\/v2\/comments?post=6187"}],"wp:featuredmedia":[{"embeddable":true,"href":"https:\/\/www.sellersunionagent.com\/pl\/wp-json\/wp\/v2\/media\/6199"}],"wp:attachment":[{"href":"https:\/\/www.sellersunionagent.com\/pl\/wp-json\/wp\/v2\/media?parent=6187"}],"wp:term":[{"taxonomy":"product_brand","embeddable":true,"href":"https:\/\/www.sellersunionagent.com\/pl\/wp-json\/wp\/v2\/product_brand?post=6187"},{"taxonomy":"product_cat","embeddable":true,"href":"https:\/\/www.sellersunionagent.com\/pl\/wp-json\/wp\/v2\/product_cat?post=6187"},{"taxonomy":"product_tag","embeddable":true,"href":"https:\/\/www.sellersunionagent.com\/pl\/wp-json\/wp\/v2\/product_tag?post=6187"}],"curies":[{"name":"wp","href":"https:\/\/api.w.org\/{rel}","templated":true}]}}