{"id":6137,"date":"2022-05-30T17:45:34","date_gmt":"2022-05-30T09:45:34","guid":{"rendered":"https:\/\/sellersunionagent.com\/?post_type=product&#038;p=6137"},"modified":"2022-06-25T14:10:32","modified_gmt":"2022-06-25T06:10:32","slug":"niestandardowy-projekt-produktu-okragla-torba-obiadowa","status":"publish","type":"product","link":"https:\/\/www.sellersunionagent.com\/pl\/custom-product-design-round-dinner-bag\/","title":{"rendered":"Okr\u0105g\u0142a torba na lunch na zam\u00f3wienie"},"content":{"rendered":"<h2>Okr\u0105g\u0142a torba na lunch na zam\u00f3wienie<\/h2>\n<p>Trwa\u0142e materia\u0142y: Ta niestandardowa okr\u0105g\u0142a torba na lunch wykonana jest z wysokiej jako\u015bci wytrzyma\u0142ego materia\u0142u zewn\u0119trznego Oxford i izolowanego wn\u0119trza o jako\u015bci spo\u017cywczej. Materia\u0142y wolne od BPA zapewniaj\u0105 zdrowie. Wy\u015bcie\u0142ana piank\u0105 PE o grubo\u015bci 5 mm mi\u0119dzy g\u00f3rn\u0105 tkanin\u0105 a warstw\u0105 wewn\u0119trzn\u0105, zawsze utrzymuje \u017cywno\u015b\u0107 w ch\u0142odzie lub cieple. Jest wyposa\u017cony w bezpieczn\u0105, przyjazn\u0105 dla \u015brodowiska, wodoodporn\u0105 tkanin\u0119 Oxford i szczeln\u0105 aluminiow\u0105 podszewk\u0119, kt\u00f3ra zapobiega rozlaniu p\u0142ynu i jest \u0142atwa do czyszczenia, utrzymuj\u0105c czysto\u015b\u0107 w jadalni.<\/p>\n<p>&nbsp;<\/p>\n<p><span class=\"skip\"><a data-keyword=\"appearance\">Lekka waga i <\/a><\/span>przeno\u015bna: Ta torba na lunch jest do\u015b\u0107 lekka (0,5 lb), ma mocny uchwyt do wygodnego przenoszenia i sk\u0142adania w celu szybkiego przechowywania, gdy nie jest u\u017cywana. Idealny na posi\u0142ek w pracy, piknik, grill na \u015bwie\u017cym powietrzu, zarz\u0105dzanie diet\u0105, podr\u00f3\u017ce lub zakupy.<\/p>\n<p>&nbsp;<\/p>\n<p>Fantazyjny design: Ten przedmiot jest stylowy i wytrzyma\u0142y, kupuj\u0105cy mog\u0105 dostosowa\u0107 wzory i projekty, kt\u00f3re chcesz. Zapraszamy do rozmowy z nami wi\u0119cej na ten temat!<img fetchpriority=\"high\" decoding=\"async\" class=\"aligncenter wp-image-6139\" src=\"https:\/\/www.sellersunionagent.com\/wp-content\/uploads\/2022\/05\/round-lunch-bag-13.jpg\" alt=\"Projektowanie produkt\u00f3w na zam\u00f3wienie\" width=\"600\" height=\"600\" \/> <img decoding=\"async\" class=\"aligncenter wp-image-6141\" src=\"https:\/\/www.sellersunionagent.com\/wp-content\/uploads\/2022\/05\/\u8be6\u60c5-03.jpg\" alt=\"Projektowanie produkt\u00f3w na zam\u00f3wienie\" width=\"600\" height=\"566\" \/><img decoding=\"async\" class=\"aligncenter wp-image-6142\" src=\"https:\/\/www.sellersunionagent.com\/wp-content\/uploads\/2022\/05\/round-lunch-bag-10.jpg\" alt=\"Projektowanie produkt\u00f3w na zam\u00f3wienie\" width=\"600\" height=\"349\" \/><img loading=\"lazy\" decoding=\"async\" class=\"aligncenter wp-image-6143\" src=\"https:\/\/www.sellersunionagent.com\/wp-content\/uploads\/2022\/05\/round-lunch-bag-9.jpg\" alt=\"Projektowanie produkt\u00f3w na zam\u00f3wienie\" width=\"600\" height=\"1489\" \/><img loading=\"lazy\" decoding=\"async\" class=\"aligncenter wp-image-6144\" src=\"https:\/\/www.sellersunionagent.com\/wp-content\/uploads\/2022\/05\/round-lunch-bag-8.jpg\" alt=\"Projektowanie produkt\u00f3w na zam\u00f3wienie\" width=\"600\" height=\"1182\" \/>\u00a0<img loading=\"lazy\" decoding=\"async\" class=\"aligncenter wp-image-6145\" src=\"https:\/\/www.sellersunionagent.com\/wp-content\/uploads\/2022\/05\/round-lunch-bag-7.jpg\" alt=\"Projektowanie produkt\u00f3w na zam\u00f3wienie\" width=\"600\" height=\"344\" \/><img loading=\"lazy\" decoding=\"async\" class=\"aligncenter wp-image-6146\" src=\"https:\/\/www.sellersunionagent.com\/wp-content\/uploads\/2022\/05\/round-lunch-bag-6.jpg\" alt=\"Projektowanie produkt\u00f3w na zam\u00f3wienie\" width=\"600\" height=\"635\" \/><img loading=\"lazy\" decoding=\"async\" class=\"aligncenter wp-image-6147\" src=\"https:\/\/www.sellersunionagent.com\/wp-content\/uploads\/2022\/05\/round-lunch-bag-5.jpg\" alt=\"Projektowanie produkt\u00f3w na zam\u00f3wienie\" width=\"600\" height=\"456\" \/><img loading=\"lazy\" decoding=\"async\" class=\"aligncenter wp-image-6148\" src=\"https:\/\/www.sellersunionagent.com\/wp-content\/uploads\/2022\/05\/round-lunch-bag-4.jpg\" alt=\"Projektowanie produkt\u00f3w na zam\u00f3wienie\" width=\"600\" height=\"520\" \/><\/p>\n<p>&nbsp;<\/p>","protected":false},"excerpt":{"rendered":"<p><strong>Typ<\/strong>: Okr\u0105g\u0142a torba na lunch<\/p>\n<p><strong>Rozmiar elementu<\/strong>: 18,5*27cm (otwarty)\/ 18,5*17cm (z\u0142o\u017cony)<\/p>\n<p><strong>Waga przedmiotu<\/strong>: 229g<br \/>\n<strong>Zdolno\u015b\u0107 dostawcza<\/strong>: 50000 sztuk na miesi\u0105c<br \/>\n<strong>MOQ<\/strong>: 50szt.<\/p>\n<p>Jako dostawca toreb na lunch w Chinach, mamy ponad 20-letnie do\u015bwiadczenie, jeste\u015bmy zobowi\u0105zani do dostarczania niestandardowych produkt\u00f3w do przechowywania produkt\u00f3w w konkurencyjnych cenach. Eksportujemy modne, wysokiej jako\u015bci towary w dobrej cenie, wspieramy dostosowywanie OEM i ODM oraz zapewniamy profesjonaln\u0105 kompleksow\u0105 obs\u0142ug\u0119.<\/p>","protected":false},"featured_media":6149,"comment_status":"open","ping_status":"closed","template":"","meta":{"_acf_changed":false},"product_brand":[],"product_cat":[28],"product_tag":[46,47],"class_list":{"0":"post-6137","1":"product","2":"type-product","3":"status-publish","4":"has-post-thumbnail","6":"product_cat-lunch-bag","7":"product_tag-customization","8":"product_tag-hot-sale","10":"first","11":"instock","12":"shipping-taxable","13":"product-type-simple","14":"swiper-slide"},"acf":[],"_links":{"self":[{"href":"https:\/\/www.sellersunionagent.com\/pl\/wp-json\/wp\/v2\/product\/6137","targetHints":{"allow":["GET"]}}],"collection":[{"href":"https:\/\/www.sellersunionagent.com\/pl\/wp-json\/wp\/v2\/product"}],"about":[{"href":"https:\/\/www.sellersunionagent.com\/pl\/wp-json\/wp\/v2\/types\/product"}],"replies":[{"embeddable":true,"href":"https:\/\/www.sellersunionagent.com\/pl\/wp-json\/wp\/v2\/comments?post=6137"}],"wp:featuredmedia":[{"embeddable":true,"href":"https:\/\/www.sellersunionagent.com\/pl\/wp-json\/wp\/v2\/media\/6149"}],"wp:attachment":[{"href":"https:\/\/www.sellersunionagent.com\/pl\/wp-json\/wp\/v2\/media?parent=6137"}],"wp:term":[{"taxonomy":"product_brand","embeddable":true,"href":"https:\/\/www.sellersunionagent.com\/pl\/wp-json\/wp\/v2\/product_brand?post=6137"},{"taxonomy":"product_cat","embeddable":true,"href":"https:\/\/www.sellersunionagent.com\/pl\/wp-json\/wp\/v2\/product_cat?post=6137"},{"taxonomy":"product_tag","embeddable":true,"href":"https:\/\/www.sellersunionagent.com\/pl\/wp-json\/wp\/v2\/product_tag?post=6137"}],"curies":[{"name":"wp","href":"https:\/\/api.w.org\/{rel}","templated":true}]}}