{"id":6116,"date":"2022-05-30T16:26:10","date_gmt":"2022-05-30T08:26:10","guid":{"rendered":"https:\/\/sellersunionagent.com\/?post_type=product&#038;p=6116"},"modified":"2026-01-06T14:29:52","modified_gmt":"2026-01-06T06:29:52","slug":"goraco-sprzedajacy-sie-dostawca-toreb-obiadowych-w-chinach","status":"publish","type":"product","link":"https:\/\/www.sellersunionagent.com\/pl\/hot-selling-dinner-bag-supplier-in-china\/","title":{"rendered":"Gor\u0105co sprzedaj\u0105cy si\u0119 dostawca toreb na lunch w Chinach"},"content":{"rendered":"<h2>Gor\u0105co sprzedaj\u0105cy si\u0119 dostawca toreb na lunch w Chinach<\/h2>\n<p>&nbsp;<\/p>\n<p>&nbsp;<\/p>\n<p>Trwa\u0142e materia\u0142y: Ta gor\u0105ca torba na lunch jest wyposa\u017cona w ekologiczn\u0105, wodoodporn\u0105, mi\u0119kk\u0105 foli\u0119 aluminiow\u0105 premium, kt\u00f3ra jest mi\u0119kka i odporna na wysok\u0105 temperatur\u0119 248 \u2109 \/ 120 \u2103. Wy\u015bcie\u0142ana izolacj\u0105 EPE o grubo\u015bci 4 mm, jest wygodna do przechowywania \u017cywno\u015bci, owoc\u00f3w i napoj\u00f3w w cieple i \u015bwie\u017co\u015bci. Izolowany czas do kilku godzin zapewnia doskona\u0142\u0105 ochron\u0119 pojemnik\u00f3w. Mi\u0119kki materia\u0142 wewn\u0119trzny i zewn\u0119trzny PEVA jest wodoodporny i odporny na t\u0142uszcz. Zewn\u0119trzna, odporna na zarysowania tkanina 300D Oxford zapewnia d\u0142ugotrwa\u0142\u0105 wytrzyma\u0142o\u015b\u0107 podczas codziennych czynno\u015bci. Wewn\u0105trz zastosowano technologi\u0119 zgrzewania, dzi\u0119ki czemu wn\u0119trze torby na lunch jest szczelne i \u0142atwe do czyszczenia. Nieprzeciekaj\u0105ca konstrukcja na spodzie.<\/p>\n<p>&nbsp;<\/p>\n<p>&nbsp;<\/p>\n<p><span class=\"skip\"><a data-keyword=\"appearance\">Du\u017ca pojemno\u015b\u0107: Ta torba zosta\u0142a zaprojektowana z my\u015bl\u0105 o maksymalnej wydajno\u015bci przechowywania. G\u0142\u00f3wna du\u017ca komora jest idealna na pojemniki na lunch, kanapki, frytki, owoce, krakersy, napoje itp. Przednia kiesze\u0144 jest wygodna do przechowywania kluczy, telefon\u00f3w kom\u00f3rkowych, serwetek i przybor\u00f3w kuchennych.<\/a><\/span><\/p>\n<p>&nbsp;<\/p>\n<p>&nbsp;<\/p>\n<p>Wygodna i przeno\u015bna: Ta torba na lunch mo\u017ce by\u0107 torb\u0105 na rami\u0119, piankowa wy\u015bci\u00f3\u0142ka zapewnia maksymalny komfort i dodatkow\u0105 trwa\u0142o\u015b\u0107. Jest ergonomiczna. Niezale\u017cnie od tego, czy jest na ramieniu, czy przeno\u015bna, sprawi, \u017ce poczujesz si\u0119 komfortowo.<\/p>\n<p>&nbsp;<\/p>\n<p><strong>Typ<\/strong>torba na lunch<\/p>\n<p><strong>Rozmiar elementu<\/strong>23,5*14*18,5cm\/28*20*16cm<\/p>\n<p><strong>Waga przedmiotu<\/strong>229g\/342g<br \/>\n<strong>Zdolno\u015b\u0107 dostawcza<\/strong>: 50000 sztuk na miesi\u0105c<br \/>\n<strong>MOQ<\/strong>: 50szt.<\/p>\n<p><img fetchpriority=\"high\" decoding=\"async\" class=\"aligncenter wp-image-6123\" src=\"https:\/\/www.sellersunionagent.com\/wp-content\/uploads\/2022\/05\/hot-selling-lunch-bag-supplier-9.jpg\" alt=\"Gor\u0105co sprzedaj\u0105ca si\u0119 torba na lunch\" width=\"600\" height=\"1190\" \/><\/p>\n<p><img decoding=\"async\" class=\"aligncenter wp-image-6127\" src=\"https:\/\/www.sellersunionagent.com\/wp-content\/uploads\/2022\/05\/hot-selling-lunch-bag-supplier-5.png\" alt=\"Gor\u0105co sprzedaj\u0105ca si\u0119 torba na lunch\" width=\"600\" height=\"1174\" \/><img decoding=\"async\" class=\"aligncenter wp-image-6124\" src=\"https:\/\/www.sellersunionagent.com\/wp-content\/uploads\/2022\/05\/hot-selling-lunch-bag-supplier-8.jpg\" alt=\"Gor\u0105co sprzedaj\u0105ca si\u0119 torba na lunch\" width=\"600\" height=\"1071\" \/><img loading=\"lazy\" decoding=\"async\" class=\"aligncenter wp-image-6125\" src=\"https:\/\/www.sellersunionagent.com\/wp-content\/uploads\/2022\/05\/hot-selling-lunch-bag-supplier-7.jpg\" alt=\"Gor\u0105co sprzedaj\u0105ca si\u0119 torba na lunch\" width=\"600\" height=\"807\" \/><img loading=\"lazy\" decoding=\"async\" class=\"aligncenter wp-image-6126\" src=\"https:\/\/www.sellersunionagent.com\/wp-content\/uploads\/2022\/05\/hot-selling-lunch-bag-supplier-6.jpg\" alt=\"Gor\u0105co sprzedaj\u0105ca si\u0119 torba na lunch\" width=\"600\" height=\"1365\" \/><\/p>","protected":false},"excerpt":{"rendered":"<p><strong>MOQ<\/strong>: 500 lub Elastyczny<\/p>\n<p><strong>Bezp\u0142atna pr\u00f3bka<\/strong>: Obs\u0142ugiwane<\/p>\n<p><strong>Personalizacja<\/strong>logo\/kolor\/materia\u0142y\/opakowanie<\/p>\n<p><strong>Zni\u017cka<\/strong>: 10% zni\u017cki na pierwsze zam\u00f3wienie<\/p>\n<p><strong>Wska\u017anik terminowo\u015bci dostaw<\/strong>: 100%<\/p>\n<p><strong>Przesy\u0142ki og\u00f3\u0142em<\/strong>: 106876 PCS<\/p>\n<p><strong>Wysy\u0142ka<\/strong>: Obs\u0142uga przesy\u0142ek ekspresowych\/frachtu morskiego\/frachtu l\u0105dowego<\/p>\n<p>&nbsp;<\/p>\n<p>Jako dostawca toreb na lunch w Chinach, mamy ponad 20-letnie do\u015bwiadczenie, jeste\u015bmy zobowi\u0105zani do dostarczania wysokiej jako\u015bci produkt\u00f3w do przechowywania w konkurencyjnych cenach. Eksportujemy modne, wysokiej jako\u015bci towary w dobrej cenie, wspieramy dostosowywanie OEM i ODM oraz zapewniamy profesjonaln\u0105 kompleksow\u0105 obs\u0142ug\u0119.<\/p>\n<p>&nbsp;<\/p>\n<p>&nbsp;<\/p>","protected":false},"featured_media":6110,"comment_status":"open","ping_status":"closed","template":"","meta":{"_acf_changed":false},"product_brand":[],"product_cat":[28],"product_tag":[45,44],"class_list":{"0":"post-6116","1":"product","2":"type-product","3":"status-publish","4":"has-post-thumbnail","6":"product_cat-lunch-bag","7":"product_tag-cooler-bag","8":"product_tag-hot-selling","10":"first","11":"instock","12":"shipping-taxable","13":"purchasable","14":"product-type-simple","15":"swiper-slide"},"acf":[],"_links":{"self":[{"href":"https:\/\/www.sellersunionagent.com\/pl\/wp-json\/wp\/v2\/product\/6116","targetHints":{"allow":["GET"]}}],"collection":[{"href":"https:\/\/www.sellersunionagent.com\/pl\/wp-json\/wp\/v2\/product"}],"about":[{"href":"https:\/\/www.sellersunionagent.com\/pl\/wp-json\/wp\/v2\/types\/product"}],"replies":[{"embeddable":true,"href":"https:\/\/www.sellersunionagent.com\/pl\/wp-json\/wp\/v2\/comments?post=6116"}],"wp:featuredmedia":[{"embeddable":true,"href":"https:\/\/www.sellersunionagent.com\/pl\/wp-json\/wp\/v2\/media\/6110"}],"wp:attachment":[{"href":"https:\/\/www.sellersunionagent.com\/pl\/wp-json\/wp\/v2\/media?parent=6116"}],"wp:term":[{"taxonomy":"product_brand","embeddable":true,"href":"https:\/\/www.sellersunionagent.com\/pl\/wp-json\/wp\/v2\/product_brand?post=6116"},{"taxonomy":"product_cat","embeddable":true,"href":"https:\/\/www.sellersunionagent.com\/pl\/wp-json\/wp\/v2\/product_cat?post=6116"},{"taxonomy":"product_tag","embeddable":true,"href":"https:\/\/www.sellersunionagent.com\/pl\/wp-json\/wp\/v2\/product_tag?post=6116"}],"curies":[{"name":"wp","href":"https:\/\/api.w.org\/{rel}","templated":true}]}}