{"id":6086,"date":"2022-05-28T14:20:46","date_gmt":"2022-05-28T06:20:46","guid":{"rendered":"https:\/\/sellersunionagent.com\/?post_type=product&#038;p=6086"},"modified":"2022-06-25T14:08:07","modified_gmt":"2022-06-25T06:08:07","slug":"hurtowa-modna-torba-obiadowa-zapewniajaca-swiezosc-zywnosci","status":"publish","type":"product","link":"https:\/\/www.sellersunionagent.com\/pl\/wholesale-fashionable-dinner-bag-for-keeping-your-food-fresh\/","title":{"rendered":"Hurtowa modna torba na lunch zapewniaj\u0105ca \u015bwie\u017co\u015b\u0107 \u017cywno\u015bci"},"content":{"rendered":"<h2>Hurtowa modna torba na lunch zapewniaj\u0105ca \u015bwie\u017co\u015b\u0107 \u017cywno\u015bci<\/h2>\n<p>Trwa\u0142e materia\u0142y: Ten przedmiot zosta\u0142 ulepszony, aby u\u017cy\u0107 grubej bawe\u0142ny i lnu z bezszwow\u0105 podszewk\u0105 dla zwi\u0119kszenia szczelno\u015bci. Mo\u017ce utrzymywa\u0107 \u017cywno\u015b\u0107 w ch\u0142odzie, cieple i \u015bwie\u017co\u015bci przez d\u0142ugi czas, jest wodoodporny i odporny na zu\u017cycie.<\/p>\n<p>&nbsp;<\/p>\n<p>Atrakcyjny <span class=\"skip\"><a data-keyword=\"appearance\">wygl\u0105d: To <\/a><\/span>Hurtowa modna torba na lunch ma stylowe kolory, mo\u017cesz wybra\u0107 \u017cywy pomara\u0144czowy, sta\u0142y niebieski lub klasyczny czarno-bia\u0142y. Oczywi\u015bcie mo\u017cemy r\u00f3wnie\u017c drukowa\u0107 na zam\u00f3wienie.<\/p>\n<p>&nbsp;<\/p>\n<p>Wielofunkcyjne zastosowanie: <span class=\"skip\"><a data-keyword=\"appearance\">To<\/a><\/span> Przedmiot mo\u017ce pomie\u015bci\u0107 pude\u0142ka na lunch, owoce i napoje w tym samym czasie, pozwalaj\u0105c cieszy\u0107 si\u0119 ciep\u0142ym jedzeniem i zimnymi napojami w biurze, szkole, na piknikach, w podr\u00f3\u017cy i na kempingu. Dwa rozmiary do wyboru, \u0142atwe do przenoszenia i idealne na wyj\u015bcia.<\/p>\n<p>&nbsp;<\/p>\n<p><img fetchpriority=\"high\" decoding=\"async\" class=\"aligncenter wp-image-6098\" src=\"https:\/\/www.sellersunionagent.com\/wp-content\/uploads\/2022\/05\/fashionable-lunch-bag-1.jpg\" alt=\"Modna torba na lunch Whosale\" width=\"600\" height=\"600\" \/> <img decoding=\"async\" class=\"aligncenter wp-image-6102\" src=\"https:\/\/www.sellersunionagent.com\/wp-content\/uploads\/2022\/05\/fashionable-lunch-bag-3.jpg\" alt=\"Modna torba na lunch Whosale\" width=\"600\" height=\"600\" \/><\/p>\n<p>&nbsp;<\/p>\n<p><img decoding=\"async\" class=\"aligncenter wp-image-6103\" src=\"https:\/\/www.sellersunionagent.com\/wp-content\/uploads\/2022\/05\/fashionable-lunch-bag-4.jpg\" alt=\"Modna torba na lunch Whosale\" width=\"600\" height=\"600\" \/><img loading=\"lazy\" decoding=\"async\" class=\"aligncenter wp-image-6104\" src=\"https:\/\/www.sellersunionagent.com\/wp-content\/uploads\/2022\/05\/fashionable-lunch-bag-5.jpg\" alt=\"Modna torba na lunch Whosale\" width=\"600\" height=\"600\" \/><\/p>\n<p><img loading=\"lazy\" decoding=\"async\" class=\"aligncenter wp-image-6099\" src=\"https:\/\/www.sellersunionagent.com\/wp-content\/uploads\/2022\/05\/fashionable-lunch-bag-2.jpg\" alt=\"Modna torba na lunch Whosale\" width=\"600\" height=\"600\" \/><\/p>","protected":false},"excerpt":{"rendered":"<p><strong>Typ<\/strong>: Hurtowa modna torba na lunch<\/p>\n<p><strong>Rozmiar elementu<\/strong>24*24*16cm\/28*30*19cm<\/p>\n<p><strong>Waga przedmiotu<\/strong>: 100g\/130g<br \/>\n<strong>Zdolno\u015b\u0107 dostawcza<\/strong>: 50000 sztuk na miesi\u0105c<br \/>\n<strong>MOQ<\/strong>: 100szt.<\/p>\n<p>Jako dostawca z ponad 20-letnim do\u015bwiadczeniem, jeste\u015bmy zaanga\u017cowani w dostarczanie wysokiej jako\u015bci produkt\u00f3w do przechowywania w konkurencyjnych cenach. Eksportujemy modne towary o wysokiej jako\u015bci i dobrej cenie, wspieramy dostosowywanie OEM i ODM oraz zapewniamy profesjonaln\u0105 kompleksow\u0105 obs\u0142ug\u0119.<\/p>\n<p>&nbsp;<\/p>\n<p>&nbsp;<\/p>","protected":false},"featured_media":6105,"comment_status":"open","ping_status":"closed","template":"","meta":{"_acf_changed":false},"product_brand":[],"product_cat":[28],"product_tag":[43,42,41],"class_list":{"0":"post-6086","1":"product","2":"type-product","3":"status-publish","4":"has-post-thumbnail","6":"product_cat-lunch-bag","7":"product_tag-fashion","8":"product_tag-high-quality","9":"product_tag-lunch-bag","11":"first","12":"instock","13":"shipping-taxable","14":"product-type-simple","15":"swiper-slide"},"acf":[],"_links":{"self":[{"href":"https:\/\/www.sellersunionagent.com\/pl\/wp-json\/wp\/v2\/product\/6086","targetHints":{"allow":["GET"]}}],"collection":[{"href":"https:\/\/www.sellersunionagent.com\/pl\/wp-json\/wp\/v2\/product"}],"about":[{"href":"https:\/\/www.sellersunionagent.com\/pl\/wp-json\/wp\/v2\/types\/product"}],"replies":[{"embeddable":true,"href":"https:\/\/www.sellersunionagent.com\/pl\/wp-json\/wp\/v2\/comments?post=6086"}],"wp:featuredmedia":[{"embeddable":true,"href":"https:\/\/www.sellersunionagent.com\/pl\/wp-json\/wp\/v2\/media\/6105"}],"wp:attachment":[{"href":"https:\/\/www.sellersunionagent.com\/pl\/wp-json\/wp\/v2\/media?parent=6086"}],"wp:term":[{"taxonomy":"product_brand","embeddable":true,"href":"https:\/\/www.sellersunionagent.com\/pl\/wp-json\/wp\/v2\/product_brand?post=6086"},{"taxonomy":"product_cat","embeddable":true,"href":"https:\/\/www.sellersunionagent.com\/pl\/wp-json\/wp\/v2\/product_cat?post=6086"},{"taxonomy":"product_tag","embeddable":true,"href":"https:\/\/www.sellersunionagent.com\/pl\/wp-json\/wp\/v2\/product_tag?post=6086"}],"curies":[{"name":"wp","href":"https:\/\/api.w.org\/{rel}","templated":true}]}}