{"id":23489,"date":"2025-06-25T15:47:20","date_gmt":"2025-06-25T07:47:20","guid":{"rendered":"https:\/\/sellersunionagent.com\/?post_type=product&#038;p=23489"},"modified":"2025-11-27T18:34:50","modified_gmt":"2025-11-27T10:34:50","slug":"swiateczne-drewniane-swiecace-kolorowe-dekoracje-swiateczne-domek","status":"publish","type":"product","link":"https:\/\/www.sellersunionagent.com\/pl\/christmas-wooden-luminous-colorful-cottage-christmas-decorations\/","title":{"rendered":"\u015awi\u0105teczne drewniane \u015bwiec\u0105ce kolorowe dekoracje \u015bwi\u0105teczne domku"},"content":{"rendered":"<h1>\u015awi\u0105teczne drewniane \u015bwiec\u0105ce kolorowe dekoracje \u015bwi\u0105teczne domku<\/h1>\n<div class=\"elementor-element elementor-element-42815df elementor-widget elementor-widget-heading\" data-id=\"42815df\" data-element_type=\"widget\" data-widget_type=\"heading.default\">\n<h3 class=\"elementor-widget-container\"><strong>Typ<\/strong>: Dekoracja<\/h3>\n<\/div>\n<div class=\"elementor-element elementor-element-c17fac7 elementor-widget elementor-widget-woocommerce-product-short-description\" data-id=\"c17fac7\" data-element_type=\"widget\" data-widget_type=\"woocommerce-product-short-description.default\">\n<div class=\"elementor-widget-container\">\n<h3 class=\"woocommerce-product-details__short-description\"><strong>Numer pozycji:<\/strong> CW-2<\/h3>\n<h3 class=\"woocommerce-product-details__short-description\"><strong>Rozmiar elementu<\/strong>25 cm<\/h3>\n<h3 class=\"woocommerce-product-details__short-description\"><strong>Kolory<\/strong>jak pokazano na zdj\u0119ciu<\/h3>\n<h3 class=\"woocommerce-product-details__short-description\"><strong>Materia\u0142: <\/strong>drewno<\/h3>\n<ul>\n<li>\n<h4>Festyn i zabawa<\/h4>\n<\/li>\n<li>\n<h4>\u00a0Musuj\u0105cy<\/h4>\n<\/li>\n<li>\n<h4>Trwa\u0142e i \u017cywe<\/h4>\n<\/li>\n<li>\n<h4>Zabawnie<\/h4>\n<p><img fetchpriority=\"high\" decoding=\"async\" class=\"aligncenter wp-image-23491\" title=\"\u4f01\u4e1a\u5fae\u4fe1\u622a\u56fe 20250625154203 2025062507452049\" src=\"https:\/\/www.sellersunionagent.com\/wp-content\/uploads\/2025\/06\/\u4f01\u4e1a\u5fae\u4fe1\u622a\u56fe_20250625154203-2025062507452049.webp\" alt=\"\u015awi\u0105teczne drewniane \u015bwiec\u0105ce kolorowe dekoracje \u015bwi\u0105teczne domku\" width=\"500\" height=\"501\" \/><\/p>\n<p><img decoding=\"async\" class=\"aligncenter wp-image-23492\" title=\"\u4f01\u4e1a\u5fae\u4fe1\u622a\u56fe 20250625154214 2025062507452794\" src=\"https:\/\/www.sellersunionagent.com\/wp-content\/uploads\/2025\/06\/\u4f01\u4e1a\u5fae\u4fe1\u622a\u56fe_20250625154214-2025062507452794.webp\" alt=\"\u015awi\u0105teczne drewniane \u015bwiec\u0105ce kolorowe dekoracje \u015bwi\u0105teczne domku\" width=\"500\" height=\"500\" \/><\/p>\n<p><img decoding=\"async\" class=\"aligncenter wp-image-23493\" title=\"\u4f01\u4e1a\u5fae\u4fe1\u622a\u56fe 20250625154241 2025062507453753\" src=\"https:\/\/www.sellersunionagent.com\/wp-content\/uploads\/2025\/06\/\u4f01\u4e1a\u5fae\u4fe1\u622a\u56fe_20250625154241-2025062507453753.webp\" alt=\"\u015awi\u0105teczne drewniane \u015bwiec\u0105ce kolorowe dekoracje \u015bwi\u0105teczne domku\" width=\"500\" height=\"500\" \/><\/li>\n<\/ul>\n<\/div>\n<\/div>","protected":false},"excerpt":{"rendered":"<p><strong>MOQ<\/strong>:  1000 szt.<br \/>\n<strong>Bezp\u0142atna pr\u00f3bka<\/strong>:  Obs\u0142ugiwane<br \/>\n<strong>Personalizacja<\/strong>logo \/ kolor \/ materia\u0142y \/ opakowanie itp.<br \/>\n<strong>Zni\u017cka<\/strong>:  Pierwsze zam\u00f3wienia ju\u017c od 10% taniej.<br \/>\n<strong>Wska\u017anik terminowo\u015bci dostaw<\/strong>:\u00a0 100%<br \/>\n<strong>Przesy\u0142ki og\u00f3\u0142em<\/strong>:  10000 szt.<br \/>\n<strong>Wysy\u0142ka<\/strong>: Fracht morski Fracht l\u0105dowy<\/p>","protected":false},"featured_media":23490,"comment_status":"open","ping_status":"closed","template":"","meta":{"_acf_changed":false},"product_brand":[],"product_cat":[235,318],"product_tag":[87,49,42,73],"class_list":{"0":"post-23489","1":"product","2":"type-product","3":"status-publish","4":"has-post-thumbnail","6":"product_cat-christmas-decoration","7":"product_cat-christmas-tree-ornaments","8":"product_tag-bulk-wholesale","9":"product_tag-good-quality","10":"product_tag-high-quality","11":"product_tag-home-storagewholesaledurable","13":"first","14":"instock","15":"shipping-taxable","16":"product-type-simple","17":"swiper-slide"},"acf":[],"_links":{"self":[{"href":"https:\/\/www.sellersunionagent.com\/pl\/wp-json\/wp\/v2\/product\/23489","targetHints":{"allow":["GET"]}}],"collection":[{"href":"https:\/\/www.sellersunionagent.com\/pl\/wp-json\/wp\/v2\/product"}],"about":[{"href":"https:\/\/www.sellersunionagent.com\/pl\/wp-json\/wp\/v2\/types\/product"}],"replies":[{"embeddable":true,"href":"https:\/\/www.sellersunionagent.com\/pl\/wp-json\/wp\/v2\/comments?post=23489"}],"wp:featuredmedia":[{"embeddable":true,"href":"https:\/\/www.sellersunionagent.com\/pl\/wp-json\/wp\/v2\/media\/23490"}],"wp:attachment":[{"href":"https:\/\/www.sellersunionagent.com\/pl\/wp-json\/wp\/v2\/media?parent=23489"}],"wp:term":[{"taxonomy":"product_brand","embeddable":true,"href":"https:\/\/www.sellersunionagent.com\/pl\/wp-json\/wp\/v2\/product_brand?post=23489"},{"taxonomy":"product_cat","embeddable":true,"href":"https:\/\/www.sellersunionagent.com\/pl\/wp-json\/wp\/v2\/product_cat?post=23489"},{"taxonomy":"product_tag","embeddable":true,"href":"https:\/\/www.sellersunionagent.com\/pl\/wp-json\/wp\/v2\/product_tag?post=23489"}],"curies":[{"name":"wp","href":"https:\/\/api.w.org\/{rel}","templated":true}]}}