{"id":23456,"date":"2025-06-20T17:06:29","date_gmt":"2025-06-20T09:06:29","guid":{"rendered":"https:\/\/sellersunionagent.com\/?post_type=product&#038;p=23456"},"modified":"2025-11-28T10:03:26","modified_gmt":"2025-11-28T02:03:26","slug":"dekoracja-swiateczna-ponczochy-angielskie-litery","status":"publish","type":"product","link":"https:\/\/www.sellersunionagent.com\/pl\/christmas-stockings-decoration-english-letters\/","title":{"rendered":"Po\u0144czochy \u015bwi\u0105teczne z angielskimi literami"},"content":{"rendered":"<h1>Po\u0144czochy \u015bwi\u0105teczne z angielskimi literami<\/h1>\n<div class=\"elementor-element elementor-element-42815df elementor-widget elementor-widget-heading\" data-id=\"42815df\" data-element_type=\"widget\" data-widget_type=\"heading.default\"><\/div>\n<div class=\"elementor-element elementor-element-c17fac7 elementor-widget elementor-widget-woocommerce-product-short-description\" data-id=\"c17fac7\" data-element_type=\"widget\" data-widget_type=\"woocommerce-product-short-description.default\">\n<div class=\"elementor-widget-container\">\n<div class=\"elementor-element elementor-element-42815df elementor-widget elementor-widget-heading\" data-id=\"42815df\" data-element_type=\"widget\" data-widget_type=\"heading.default\">\n<h3 class=\"elementor-widget-container\"><strong>Typ<\/strong>: Dekoracja<\/h3>\n<\/div>\n<div class=\"elementor-element elementor-element-c17fac7 elementor-widget elementor-widget-woocommerce-product-short-description\" data-id=\"c17fac7\" data-element_type=\"widget\" data-widget_type=\"woocommerce-product-short-description.default\">\n<div class=\"elementor-widget-container\">\n<h3 class=\"woocommerce-product-details__short-description\"><strong>Numer pozycji:<\/strong> jt-01<\/h3>\n<h3 class=\"woocommerce-product-details__short-description\"><strong>Rozmiar elementu<\/strong>: 13*25cm<\/h3>\n<h3 class=\"woocommerce-product-details__short-description\"><strong>Kolory<\/strong>jak pokazano na zdj\u0119ciu<\/h3>\n<h3 class=\"woocommerce-product-details__short-description\"><strong>Materia\u0142: tkanina<\/strong><\/h3>\n<ul>\n<li>\n<h4>Festyn i zabawa<\/h4>\n<\/li>\n<li>\n<h4>Mi\u0119kkie i musuj\u0105ce<\/h4>\n<\/li>\n<li>\n<h4>Trwa\u0142e i \u017cywe<\/h4>\n<\/li>\n<li>\n<h4>Zabawnie<\/h4>\n<p><img fetchpriority=\"high\" decoding=\"async\" class=\"aligncenter wp-image-23458\" title=\"\u4f01\u4e1a\u5fae\u4fe1\u622a\u56fe 20250620165941 2025062009042778\" src=\"https:\/\/www.sellersunionagent.com\/wp-content\/uploads\/2025\/06\/\u4f01\u4e1a\u5fae\u4fe1\u622a\u56fe_20250620165941-2025062009042778.webp\" alt=\"Po\u0144czochy \u015bwi\u0105teczne z angielskimi literami\" width=\"500\" height=\"499\" \/><\/p>\n<p><img decoding=\"async\" class=\"aligncenter wp-image-23459\" title=\"\u4f01\u4e1a\u5fae\u4fe1\u622a\u56fe 20250620165950 2025062009043414\" src=\"https:\/\/www.sellersunionagent.com\/wp-content\/uploads\/2025\/06\/\u4f01\u4e1a\u5fae\u4fe1\u622a\u56fe_20250620165950-2025062009043414.webp\" alt=\"Po\u0144czochy \u015bwi\u0105teczne z angielskimi literami\" width=\"500\" height=\"502\" \/><\/p>\n<p><img decoding=\"async\" class=\"aligncenter wp-image-23460\" title=\"\u4f01\u4e1a\u5fae\u4fe1\u622a\u56fe 20250620165958 2025062009044399\" src=\"https:\/\/www.sellersunionagent.com\/wp-content\/uploads\/2025\/06\/\u4f01\u4e1a\u5fae\u4fe1\u622a\u56fe_20250620165958-2025062009044399.webp\" alt=\"Po\u0144czochy \u015bwi\u0105teczne z angielskimi literami\" width=\"500\" height=\"497\" \/><\/p>\n<p>&nbsp;<\/li>\n<\/ul>\n<\/div>\n<\/div>\n<\/div>\n<\/div>","protected":false},"excerpt":{"rendered":"<p><strong>MOQ<\/strong>:  1000 szt.<br \/>\n<strong>Bezp\u0142atna pr\u00f3bka<\/strong>:  Obs\u0142ugiwane<br \/>\n<strong>Personalizacja<\/strong>logo \/ kolor \/ materia\u0142y \/ opakowanie itp.<br \/>\n<strong>Zni\u017cka<\/strong>:  Pierwsze zam\u00f3wienia ju\u017c od 10% taniej.<br \/>\n<strong>Wska\u017anik terminowo\u015bci dostaw<\/strong>:\u00a0 100%<br \/>\n<strong>Przesy\u0142ki og\u00f3\u0142em<\/strong>:  10000 szt.<br \/>\n<strong>Wysy\u0142ka<\/strong>: Fracht morski Fracht l\u0105dowy<\/p>","protected":false},"featured_media":23457,"comment_status":"open","ping_status":"closed","template":"","meta":{"_acf_changed":false},"product_brand":[],"product_cat":[235,323,318],"product_tag":[43,49,42,59],"class_list":{"0":"post-23456","1":"product","2":"type-product","3":"status-publish","4":"has-post-thumbnail","6":"product_cat-christmas-decoration","7":"product_cat-christmas-textiles","8":"product_cat-christmas-tree-ornaments","9":"product_tag-fashion","10":"product_tag-good-quality","11":"product_tag-high-quality","12":"product_tag-multifunctional","14":"first","15":"instock","16":"shipping-taxable","17":"product-type-simple","18":"swiper-slide"},"acf":[],"_links":{"self":[{"href":"https:\/\/www.sellersunionagent.com\/pl\/wp-json\/wp\/v2\/product\/23456","targetHints":{"allow":["GET"]}}],"collection":[{"href":"https:\/\/www.sellersunionagent.com\/pl\/wp-json\/wp\/v2\/product"}],"about":[{"href":"https:\/\/www.sellersunionagent.com\/pl\/wp-json\/wp\/v2\/types\/product"}],"replies":[{"embeddable":true,"href":"https:\/\/www.sellersunionagent.com\/pl\/wp-json\/wp\/v2\/comments?post=23456"}],"wp:featuredmedia":[{"embeddable":true,"href":"https:\/\/www.sellersunionagent.com\/pl\/wp-json\/wp\/v2\/media\/23457"}],"wp:attachment":[{"href":"https:\/\/www.sellersunionagent.com\/pl\/wp-json\/wp\/v2\/media?parent=23456"}],"wp:term":[{"taxonomy":"product_brand","embeddable":true,"href":"https:\/\/www.sellersunionagent.com\/pl\/wp-json\/wp\/v2\/product_brand?post=23456"},{"taxonomy":"product_cat","embeddable":true,"href":"https:\/\/www.sellersunionagent.com\/pl\/wp-json\/wp\/v2\/product_cat?post=23456"},{"taxonomy":"product_tag","embeddable":true,"href":"https:\/\/www.sellersunionagent.com\/pl\/wp-json\/wp\/v2\/product_tag?post=23456"}],"curies":[{"name":"wp","href":"https:\/\/api.w.org\/{rel}","templated":true}]}}