{"id":23022,"date":"2025-11-18T15:37:46","date_gmt":"2025-11-18T07:37:46","guid":{"rendered":"https:\/\/sellersunionagent.com\/?post_type=product&#038;p=23022"},"modified":"2025-11-27T18:33:54","modified_gmt":"2025-11-27T10:33:54","slug":"felt-christmas-tree-gift","status":"publish","type":"product","link":"https:\/\/www.sellersunionagent.com\/pl\/felt-christmas-tree-gift\/","title":{"rendered":"Felt Christmas Tree Gift"},"content":{"rendered":"<h1>Felt Christmas Tree Gift<\/h1>\n<div class=\"elementor-element elementor-element-42815df elementor-widget elementor-widget-heading\" data-id=\"42815df\" data-element_type=\"widget\" data-widget_type=\"heading.default\">\n<h3 class=\"elementor-widget-container\"><strong>Typ<\/strong>: Dekoracja<\/h3>\n<\/div>\n<div class=\"elementor-element elementor-element-c17fac7 elementor-widget elementor-widget-woocommerce-product-short-description\" data-id=\"c17fac7\" data-element_type=\"widget\" data-widget_type=\"woocommerce-product-short-description.default\">\n<div class=\"elementor-widget-container\">\n<h3 class=\"woocommerce-product-details__short-description\"><strong>Numer pozycji:<\/strong> SR1003<\/h3>\n<h3 class=\"woocommerce-product-details__short-description\"><strong>Rozmiar elementu<\/strong>:50*70CM<\/h3>\n<h3 class=\"woocommerce-product-details__short-description\"><strong>Kolory<\/strong>: Zielony<\/h3>\n<h3 class=\"woocommerce-product-details__short-description\"><strong>Material: Felt<\/strong><\/h3>\n<ul>\n<li>\n<h4>Festyn i zabawa<\/h4>\n<\/li>\n<li>\n<h4>Mi\u0119kkie i musuj\u0105ce<\/h4>\n<\/li>\n<li>\n<h4>Trwa\u0142e i \u017cywe<\/h4>\n<\/li>\n<li>\n<h4>Zabawnie<\/h4>\n<p><img fetchpriority=\"high\" decoding=\"async\" class=\"aligncenter wp-image-23023\" title=\"\u4f01\u4e1a\u5fae\u4fe1\u622a\u56fe 20250522165246 2025052208552739\" src=\"https:\/\/www.sellersunionagent.com\/wp-content\/uploads\/2025\/05\/\u4f01\u4e1a\u5fae\u4fe1\u622a\u56fe_20250522165246-2025052208552739.webp\" alt=\"Felt Christmas Tree Gift\" width=\"500\" height=\"481\" \/><\/p>\n<p><img decoding=\"async\" class=\"aligncenter wp-image-23024\" title=\"\u4f01\u4e1a\u5fae\u4fe1\u622a\u56fe 20250522165305 2025052208553023\" src=\"https:\/\/www.sellersunionagent.com\/wp-content\/uploads\/2025\/05\/\u4f01\u4e1a\u5fae\u4fe1\u622a\u56fe_20250522165305-2025052208553023.webp\" alt=\"Felt Christmas Tree Gift\" width=\"500\" height=\"512\" \/><\/p>\n<p><img decoding=\"async\" class=\"aligncenter wp-image-23026\" title=\"\u4f01\u4e1a\u5fae\u4fe1\u622a\u56fe 20250522165536 2025052208554945\" src=\"https:\/\/www.sellersunionagent.com\/wp-content\/uploads\/2025\/05\/\u4f01\u4e1a\u5fae\u4fe1\u622a\u56fe_20250522165536-2025052208554945.webp\" alt=\"Felt Christmas Tree Gift\" width=\"500\" height=\"472\" \/><\/li>\n<\/ul>\n<\/div>\n<\/div>","protected":false},"excerpt":{"rendered":"<p><strong>MOQ<\/strong>:  1000 szt.<br \/>\n<strong>Bezp\u0142atna pr\u00f3bka<\/strong>:  Obs\u0142ugiwane<br \/>\n<strong>Personalizacja<\/strong>logo \/ kolor \/ materia\u0142y \/ opakowanie itp.<br \/>\n<strong>Zni\u017cka<\/strong>:  Pierwsze zam\u00f3wienia ju\u017c od 10% taniej.<br \/>\n<strong>Wska\u017anik terminowo\u015bci dostaw<\/strong>:\u00a0 100%<br \/>\n<strong>Przesy\u0142ki og\u00f3\u0142em<\/strong>:  10000 szt.<br \/>\n<strong>Wysy\u0142ka<\/strong>: Fracht morski Fracht l\u0105dowy<\/p>","protected":false},"featured_media":23025,"comment_status":"open","ping_status":"closed","template":"","meta":{"_acf_changed":false},"product_brand":[],"product_cat":[235,322],"product_tag":[87,49,42,73],"class_list":{"0":"post-23022","1":"product","2":"type-product","3":"status-publish","4":"has-post-thumbnail","6":"product_cat-christmas-decoration","7":"product_cat-christmas-gift","8":"product_tag-bulk-wholesale","9":"product_tag-good-quality","10":"product_tag-high-quality","11":"product_tag-home-storagewholesaledurable","13":"first","14":"instock","15":"shipping-taxable","16":"product-type-simple","17":"swiper-slide"},"acf":[],"_links":{"self":[{"href":"https:\/\/www.sellersunionagent.com\/pl\/wp-json\/wp\/v2\/product\/23022","targetHints":{"allow":["GET"]}}],"collection":[{"href":"https:\/\/www.sellersunionagent.com\/pl\/wp-json\/wp\/v2\/product"}],"about":[{"href":"https:\/\/www.sellersunionagent.com\/pl\/wp-json\/wp\/v2\/types\/product"}],"replies":[{"embeddable":true,"href":"https:\/\/www.sellersunionagent.com\/pl\/wp-json\/wp\/v2\/comments?post=23022"}],"wp:featuredmedia":[{"embeddable":true,"href":"https:\/\/www.sellersunionagent.com\/pl\/wp-json\/wp\/v2\/media\/23025"}],"wp:attachment":[{"href":"https:\/\/www.sellersunionagent.com\/pl\/wp-json\/wp\/v2\/media?parent=23022"}],"wp:term":[{"taxonomy":"product_brand","embeddable":true,"href":"https:\/\/www.sellersunionagent.com\/pl\/wp-json\/wp\/v2\/product_brand?post=23022"},{"taxonomy":"product_cat","embeddable":true,"href":"https:\/\/www.sellersunionagent.com\/pl\/wp-json\/wp\/v2\/product_cat?post=23022"},{"taxonomy":"product_tag","embeddable":true,"href":"https:\/\/www.sellersunionagent.com\/pl\/wp-json\/wp\/v2\/product_tag?post=23022"}],"curies":[{"name":"wp","href":"https:\/\/api.w.org\/{rel}","templated":true}]}}