{"id":22946,"date":"2025-11-18T15:37:51","date_gmt":"2025-11-18T07:37:51","guid":{"rendered":"https:\/\/sellersunionagent.com\/?post_type=product&#038;p=22946"},"modified":"2025-11-28T11:02:29","modified_gmt":"2025-11-28T03:02:29","slug":"krasnal-los-figurka-lalka-ozdoby-dekoracje-swiateczne","status":"publish","type":"product","link":"https:\/\/www.sellersunionagent.com\/pl\/elk-dwarf-figurine-doll-ornaments-christmas-decorations\/","title":{"rendered":"Figurka krasnala \u0142osia Ozdoby \u015bwi\u0105teczne Ozdoby \u015bwi\u0105teczne"},"content":{"rendered":"<h1>Figurka krasnala \u0142osia Ozdoby \u015bwi\u0105teczne Ozdoby \u015bwi\u0105teczne<\/h1>\n<div class=\"elementor-element elementor-element-42815df elementor-widget elementor-widget-heading\" data-id=\"42815df\" data-element_type=\"widget\" data-widget_type=\"heading.default\">\n<h3 class=\"elementor-widget-container\"><strong>Typ<\/strong>: Dekoracja<\/h3>\n<\/div>\n<div class=\"elementor-element elementor-element-c17fac7 elementor-widget elementor-widget-woocommerce-product-short-description\" data-id=\"c17fac7\" data-element_type=\"widget\" data-widget_type=\"woocommerce-product-short-description.default\">\n<div class=\"elementor-widget-container\">\n<h3 class=\"woocommerce-product-details__short-description\"><strong>Numer pozycji:<\/strong> GR-2<\/h3>\n<h3 class=\"woocommerce-product-details__short-description\"><strong>Rozmiar elementu<\/strong>29*16*52 CM<\/h3>\n<h3 class=\"woocommerce-product-details__short-description\"><strong>Kolory<\/strong>: Zielony<\/h3>\n<h3 class=\"woocommerce-product-details__short-description\"><strong>Materia\u0142: Tkanina<\/strong><\/h3>\n<ul>\n<li>\n<h4>Festyn i zabawa<\/h4>\n<\/li>\n<li>\n<h4>Mi\u0119kkie i musuj\u0105ce<\/h4>\n<\/li>\n<li>\n<h4>Trwa\u0142e i \u017cywe<\/h4>\n<\/li>\n<li>\n<h4>Zabawnie<\/h4>\n<p><img fetchpriority=\"high\" decoding=\"async\" class=\"aligncenter wp-image-22947\" title=\"\u4f01\u4e1a\u5fae\u4fe1\u622a\u56fe 20250508150533 2025050807111121\" src=\"https:\/\/www.sellersunionagent.com\/wp-content\/uploads\/2025\/05\/\u4f01\u4e1a\u5fae\u4fe1\u622a\u56fe_20250508150533-2025050807111121.webp\" alt=\"Figurka krasnala \u0142osia Ozdoby \u015bwi\u0105teczne Ozdoby \u015bwi\u0105teczne\" width=\"600\" height=\"600\" \/><\/p>\n<p>&nbsp;<\/p>\n<p><img decoding=\"async\" class=\"aligncenter wp-image-22949\" title=\"\u4f01\u4e1a\u5fae\u4fe1\u622a\u56fe 20250508150721 2025050807111873\" src=\"https:\/\/www.sellersunionagent.com\/wp-content\/uploads\/2025\/05\/\u4f01\u4e1a\u5fae\u4fe1\u622a\u56fe_20250508150721-2025050807111873.webp\" alt=\"Figurka krasnala \u0142osia Ozdoby \u015bwi\u0105teczne Ozdoby \u015bwi\u0105teczne\" width=\"600\" height=\"603\" \/><\/p>\n<p><img decoding=\"async\" class=\"aligncenter wp-image-22950\" title=\"\u4f01\u4e1a\u5fae\u4fe1\u622a\u56fe 20250508150806 2025050807112118\" src=\"https:\/\/www.sellersunionagent.com\/wp-content\/uploads\/2025\/05\/\u4f01\u4e1a\u5fae\u4fe1\u622a\u56fe_20250508150806-2025050807112118.webp\" alt=\"Figurka krasnala \u0142osia Ozdoby \u015bwi\u0105teczne Ozdoby \u015bwi\u0105teczne\" width=\"600\" height=\"600\" \/><\/li>\n<\/ul>\n<\/div>\n<\/div>","protected":false},"excerpt":{"rendered":"<p><strong>MOQ<\/strong>:  1000 szt.<br \/>\n<strong>Bezp\u0142atna pr\u00f3bka<\/strong>:  Obs\u0142ugiwane<br \/>\n<strong>Personalizacja<\/strong>logo \/ kolor \/ materia\u0142y \/ opakowanie itp.<br \/>\n<strong>Zni\u017cka<\/strong>:  Pierwsze zam\u00f3wienia ju\u017c od 10% taniej.<br \/>\n<strong>Wska\u017anik terminowo\u015bci dostaw<\/strong>:\u00a0 100%<br \/>\n<strong>Przesy\u0142ki og\u00f3\u0142em<\/strong>:  10000 szt.<br \/>\n<strong>Wysy\u0142ka<\/strong>: Fracht morski Fracht l\u0105dowy<\/p>","protected":false},"featured_media":22947,"comment_status":"open","ping_status":"closed","template":"","meta":{"_acf_changed":false},"product_brand":[],"product_cat":[235,321,323],"product_tag":[87,49,42],"class_list":{"0":"post-22946","1":"product","2":"type-product","3":"status-publish","4":"has-post-thumbnail","6":"product_cat-christmas-decoration","7":"product_cat-christmas-figurines","8":"product_cat-christmas-textiles","9":"product_tag-bulk-wholesale","10":"product_tag-good-quality","11":"product_tag-high-quality","13":"first","14":"instock","15":"shipping-taxable","16":"product-type-simple","17":"swiper-slide"},"acf":[],"_links":{"self":[{"href":"https:\/\/www.sellersunionagent.com\/pl\/wp-json\/wp\/v2\/product\/22946","targetHints":{"allow":["GET"]}}],"collection":[{"href":"https:\/\/www.sellersunionagent.com\/pl\/wp-json\/wp\/v2\/product"}],"about":[{"href":"https:\/\/www.sellersunionagent.com\/pl\/wp-json\/wp\/v2\/types\/product"}],"replies":[{"embeddable":true,"href":"https:\/\/www.sellersunionagent.com\/pl\/wp-json\/wp\/v2\/comments?post=22946"}],"wp:featuredmedia":[{"embeddable":true,"href":"https:\/\/www.sellersunionagent.com\/pl\/wp-json\/wp\/v2\/media\/22947"}],"wp:attachment":[{"href":"https:\/\/www.sellersunionagent.com\/pl\/wp-json\/wp\/v2\/media?parent=22946"}],"wp:term":[{"taxonomy":"product_brand","embeddable":true,"href":"https:\/\/www.sellersunionagent.com\/pl\/wp-json\/wp\/v2\/product_brand?post=22946"},{"taxonomy":"product_cat","embeddable":true,"href":"https:\/\/www.sellersunionagent.com\/pl\/wp-json\/wp\/v2\/product_cat?post=22946"},{"taxonomy":"product_tag","embeddable":true,"href":"https:\/\/www.sellersunionagent.com\/pl\/wp-json\/wp\/v2\/product_tag?post=22946"}],"curies":[{"name":"wp","href":"https:\/\/api.w.org\/{rel}","templated":true}]}}