{"id":22895,"date":"2025-04-25T11:06:18","date_gmt":"2025-04-25T03:06:18","guid":{"rendered":"https:\/\/sellersunionagent.com\/?post_type=product&#038;p=22895"},"modified":"2025-11-27T18:40:52","modified_gmt":"2025-11-27T10:40:52","slug":"swiateczny-samochod-z-poroza-krotkie-pluszowe-dekoracje-swiateczne-swiecace-dzwonki","status":"publish","type":"product","link":"https:\/\/www.sellersunionagent.com\/pl\/christmas-car-antler-short-plush-holiday-luminous-bell-decorations\/","title":{"rendered":"\u015awi\u0105teczny samoch\u00f3d z poro\u017ca Kr\u00f3tkie pluszowe dekoracje \u015bwi\u0105teczne \u015awiec\u0105ce dzwonki"},"content":{"rendered":"<h1>\u015awi\u0105teczny samoch\u00f3d z poro\u017ca Kr\u00f3tkie pluszowe dekoracje \u015bwi\u0105teczne \u015awiec\u0105ce dzwonki<\/h1>\n<div class=\"elementor-element elementor-element-42815df elementor-widget elementor-widget-heading\" data-id=\"42815df\" data-element_type=\"widget\" data-widget_type=\"heading.default\">\n<div class=\"elementor-widget-container\">\n<h3 class=\"elementor-heading-title elementor-size-default\"><strong>Typ<\/strong>: Dekoracja<\/h3>\n<\/div>\n<\/div>\n<div class=\"elementor-element elementor-element-c17fac7 elementor-widget elementor-widget-woocommerce-product-short-description\" data-id=\"c17fac7\" data-element_type=\"widget\" data-widget_type=\"woocommerce-product-short-description.default\">\n<div class=\"elementor-widget-container\">\n<div class=\"woocommerce-product-details__short-description\">\n<h3><strong>Numer pozycji:<\/strong> JQ-J1<\/h3>\n<h3><strong>Rozmiar elementu<\/strong>: 13.5*43CM<\/h3>\n<h3><strong>Kolory<\/strong>ciemnobr\u0105zowy\/ khaki\/czerwony<\/h3>\n<h3><strong>Materia\u0142: Tworzywo sztuczne, Poliester<\/strong><\/h3>\n<p>&nbsp;<\/p>\n<\/div>\n<ul>\n<li>\n<h3>Festyn i zabawa<\/h3>\n<\/li>\n<li>\n<h3>Mi\u0119kkie i musuj\u0105ce<\/h3>\n<\/li>\n<li>\n<h3>Trwa\u0142e i \u017cywe<\/h3>\n<\/li>\n<li>\n<h3>Zabawnie praktyczne<\/h3>\n<\/li>\n<\/ul>\n<\/div>\n<p><img fetchpriority=\"high\" decoding=\"async\" class=\"size-full wp-image-22896 aligncenter\" title=\"\u015awi\u0105teczny samoch\u00f3d z poro\u017ca Kr\u00f3tkie pluszowe dekoracje \u015bwi\u0105teczne \u015awiec\u0105ce dzwonki\" src=\"https:\/\/www.sellersunionagent.com\/wp-content\/uploads\/2025\/04\/O1CN01gcrWw81iV2PTMocE0_2651174417-0-cib-2025042502593389.webp\" alt=\"\u015awi\u0105teczny samoch\u00f3d z poro\u017ca Kr\u00f3tkie pluszowe dekoracje \u015bwi\u0105teczne \u015awiec\u0105ce dzwonki\" width=\"500\" height=\"500\" \/><\/p>\n<\/div>","protected":false},"excerpt":{"rendered":"<p><strong>MOQ<\/strong>:  1000 szt.<br \/>\n<strong>Bezp\u0142atna pr\u00f3bka<\/strong>:  Obs\u0142ugiwane<br \/>\n<strong>Personalizacja<\/strong>logo \/ kolor \/ materia\u0142y \/ opakowanie itp.<br \/>\n<strong>Zni\u017cka<\/strong>:  Pierwsze zam\u00f3wienia ju\u017c od 10% taniej.<br \/>\n<strong>Wska\u017anik terminowo\u015bci dostaw<\/strong>:\u00a0 100%<br \/>\n<strong>Przesy\u0142ki og\u00f3\u0142em<\/strong>:  10000 szt.<br \/>\n<strong>Wysy\u0142ka<\/strong>: Fracht morski Fracht l\u0105dowy<\/p>","protected":false},"featured_media":22897,"comment_status":"open","ping_status":"closed","template":"","meta":{"_acf_changed":false},"product_brand":[],"product_cat":[235,318],"product_tag":[317],"class_list":{"0":"post-22895","1":"product","2":"type-product","3":"status-publish","4":"has-post-thumbnail","6":"product_cat-christmas-decoration","7":"product_cat-christmas-tree-ornaments","8":"product_tag-christmas-car-antler-short-plush-holiday-luminous-bell-decorations","10":"first","11":"instock","12":"shipping-taxable","13":"product-type-simple","14":"swiper-slide"},"acf":[],"_links":{"self":[{"href":"https:\/\/www.sellersunionagent.com\/pl\/wp-json\/wp\/v2\/product\/22895","targetHints":{"allow":["GET"]}}],"collection":[{"href":"https:\/\/www.sellersunionagent.com\/pl\/wp-json\/wp\/v2\/product"}],"about":[{"href":"https:\/\/www.sellersunionagent.com\/pl\/wp-json\/wp\/v2\/types\/product"}],"replies":[{"embeddable":true,"href":"https:\/\/www.sellersunionagent.com\/pl\/wp-json\/wp\/v2\/comments?post=22895"}],"wp:featuredmedia":[{"embeddable":true,"href":"https:\/\/www.sellersunionagent.com\/pl\/wp-json\/wp\/v2\/media\/22897"}],"wp:attachment":[{"href":"https:\/\/www.sellersunionagent.com\/pl\/wp-json\/wp\/v2\/media?parent=22895"}],"wp:term":[{"taxonomy":"product_brand","embeddable":true,"href":"https:\/\/www.sellersunionagent.com\/pl\/wp-json\/wp\/v2\/product_brand?post=22895"},{"taxonomy":"product_cat","embeddable":true,"href":"https:\/\/www.sellersunionagent.com\/pl\/wp-json\/wp\/v2\/product_cat?post=22895"},{"taxonomy":"product_tag","embeddable":true,"href":"https:\/\/www.sellersunionagent.com\/pl\/wp-json\/wp\/v2\/product_tag?post=22895"}],"curies":[{"name":"wp","href":"https:\/\/api.w.org\/{rel}","templated":true}]}}