{"id":22887,"date":"2025-04-25T10:29:27","date_gmt":"2025-04-25T02:29:27","guid":{"rendered":"https:\/\/sellersunionagent.com\/?post_type=product&#038;p=22887"},"modified":"2025-11-27T18:35:56","modified_gmt":"2025-11-27T10:35:56","slug":"swiateczny-prezent-dekoracyjny-galwanizowane-zelazne-drzewo-led-swiecace-krysztalowe-swiatlo-nocne","status":"publish","type":"product","link":"https:\/\/www.sellersunionagent.com\/pl\/christmas-decoration-gift-electroplated-iron-tree-led-luminous-crystal-night-light\/","title":{"rendered":"Dekoracja \u015bwi\u0105teczna Prezent Galwanizowane \u017celazne drzewo LED \u015awiec\u0105ca kryszta\u0142owa lampka nocna"},"content":{"rendered":"<h1>Dekoracja \u015bwi\u0105teczna Prezent Galwanizowane \u017celazne drzewo LED \u015awiec\u0105ca kryszta\u0142owa lampka nocna<\/h1>\n<div class=\"elementor-element elementor-element-42815df elementor-widget elementor-widget-heading\" data-id=\"42815df\" data-element_type=\"widget\" data-widget_type=\"heading.default\">\n<div class=\"elementor-widget-container\">\n<h3 class=\"elementor-heading-title elementor-size-default\"><strong>Typ<\/strong>: Dekoracja<\/h3>\n<\/div>\n<\/div>\n<div class=\"elementor-element elementor-element-c17fac7 elementor-widget elementor-widget-woocommerce-product-short-description\" data-id=\"c17fac7\" data-element_type=\"widget\" data-widget_type=\"woocommerce-product-short-description.default\">\n<div class=\"elementor-widget-container\">\n<div class=\"woocommerce-product-details__short-description\">\n<h3><strong>Numer pozycji:<\/strong> SUM001<\/h3>\n<h3><strong>Rozmiar elementu<\/strong>: 13*13*33CM;10*10*26CM;7*7*19CM<\/h3>\n<h3><strong>Materia\u0142: <\/strong>\u017belazo<\/h3>\n<p>&nbsp;<\/p>\n<\/div>\n<\/div>\n<\/div>\n<ul>\n<li>\n<h3>Elegancko \u015bwi\u0105tecznie<\/h3>\n<\/li>\n<li>\n<h3>Osza\u0142amiaj\u0105co promienny<\/h3>\n<\/li>\n<li>\n<h3>Znakomite wykonanie<\/h3>\n<\/li>\n<li>\n<h3>Magicznie ol\u015bniewaj\u0105ce<\/h3>\n<\/li>\n<\/ul>\n<p>&nbsp;<\/p>\n<p><img fetchpriority=\"high\" decoding=\"async\" class=\"size-full wp-image-22886 aligncenter\" title=\"Dekoracja \u015bwi\u0105teczna Prezent Galwanizowane \u017celazne drzewo LED \u015awiec\u0105ca kryszta\u0142owa lampka nocna\" src=\"https:\/\/www.sellersunionagent.com\/wp-content\/uploads\/2024\/05\/EE-2025042502213074.webp\" alt=\"Dekoracja \u015bwi\u0105teczna Prezent Galwanizowane \u017celazne drzewo LED \u015awiec\u0105ca kryszta\u0142owa lampka nocna\" width=\"800\" height=\"800\" \/><\/p>","protected":false},"excerpt":{"rendered":"<p><strong>MOQ<\/strong>:  1000 szt.<br \/>\n<strong>Bezp\u0142atna pr\u00f3bka<\/strong>:  Obs\u0142ugiwane<br \/>\n<strong>Personalizacja<\/strong>logo \/ kolor \/ materia\u0142y \/ opakowanie itp.<br \/>\n<strong>Zni\u017cka<\/strong>:  Pierwsze zam\u00f3wienia ju\u017c od 10% taniej.<br \/>\n<strong>Wska\u017anik terminowo\u015bci dostaw<\/strong>:\u00a0 100%<br \/>\n<strong>Przesy\u0142ki og\u00f3\u0142em<\/strong>:  10000 szt.<br \/>\n<strong>Wysy\u0142ka<\/strong>: Fracht morski Fracht l\u0105dowy<\/p>","protected":false},"featured_media":22882,"comment_status":"open","ping_status":"closed","template":"","meta":{"_acf_changed":false},"product_brand":[],"product_cat":[235,319],"product_tag":[315],"class_list":{"0":"post-22887","1":"product","2":"type-product","3":"status-publish","4":"has-post-thumbnail","6":"product_cat-christmas-decoration","7":"product_cat-christmas-lighting","8":"product_tag-christmas-decoration-gift-electroplated-iron-tree-led-luminous-crystal-night-light","10":"first","11":"instock","12":"shipping-taxable","13":"product-type-simple","14":"swiper-slide"},"acf":[],"_links":{"self":[{"href":"https:\/\/www.sellersunionagent.com\/pl\/wp-json\/wp\/v2\/product\/22887","targetHints":{"allow":["GET"]}}],"collection":[{"href":"https:\/\/www.sellersunionagent.com\/pl\/wp-json\/wp\/v2\/product"}],"about":[{"href":"https:\/\/www.sellersunionagent.com\/pl\/wp-json\/wp\/v2\/types\/product"}],"replies":[{"embeddable":true,"href":"https:\/\/www.sellersunionagent.com\/pl\/wp-json\/wp\/v2\/comments?post=22887"}],"wp:featuredmedia":[{"embeddable":true,"href":"https:\/\/www.sellersunionagent.com\/pl\/wp-json\/wp\/v2\/media\/22882"}],"wp:attachment":[{"href":"https:\/\/www.sellersunionagent.com\/pl\/wp-json\/wp\/v2\/media?parent=22887"}],"wp:term":[{"taxonomy":"product_brand","embeddable":true,"href":"https:\/\/www.sellersunionagent.com\/pl\/wp-json\/wp\/v2\/product_brand?post=22887"},{"taxonomy":"product_cat","embeddable":true,"href":"https:\/\/www.sellersunionagent.com\/pl\/wp-json\/wp\/v2\/product_cat?post=22887"},{"taxonomy":"product_tag","embeddable":true,"href":"https:\/\/www.sellersunionagent.com\/pl\/wp-json\/wp\/v2\/product_tag?post=22887"}],"curies":[{"name":"wp","href":"https:\/\/api.w.org\/{rel}","templated":true}]}}