{"id":22850,"date":"2025-04-14T11:49:26","date_gmt":"2025-04-14T03:49:26","guid":{"rendered":"https:\/\/sellersunionagent.com\/?post_type=product&#038;p=22850"},"modified":"2025-11-27T18:35:50","modified_gmt":"2025-11-27T10:35:50","slug":"bozonarodzeniowa-lyzka-stolowa-ze-stali-nierdzewnej-w-ksztalcie-krzyza-swiateczne-pudelko-upominkowe-uroczy-zestaw","status":"publish","type":"product","link":"https:\/\/www.sellersunionagent.com\/pl\/cross-border-stainless-steel-christmas-tableware-spoon-holiday-gift-box-cute-set\/","title":{"rendered":"\u015awi\u0105teczna \u0142y\u017cka sto\u0142owa ze stali nierdzewnej w \u015bwi\u0105tecznym pude\u0142ku prezentowym Uroczy zestaw"},"content":{"rendered":"<h1>\u015awi\u0105teczna \u0142y\u017cka sto\u0142owa ze stali nierdzewnej w \u015bwi\u0105tecznym pude\u0142ku prezentowym Uroczy zestaw<\/h1>\n<h3>Typ: \u0141y\u017cka<br \/>\nNumer artyku\u0142u: 10033<br \/>\nRozmiar przedmiotu: 2,1 * 12,5 CM<br \/>\nKolory: z\u0142oty\/srebrny<br \/>\nMateria\u0142: 410 Stal nierdzewna<\/h3>\n<ul>\n<li>\n<h3>Najwy\u017cszej jako\u015bci stal nierdzewna spo\u017cywcza<\/h3>\n<\/li>\n<li>\n<h3>Konkurencyjne ceny transgraniczne<\/h3>\n<\/li>\n<li>\n<h3>\u015awi\u0105teczny wz\u00f3r piernika z kresk\u00f3wki<\/h3>\n<\/li>\n<li>\n<h3>Globalna wysy\u0142ka i opakowanie gotowe na prezent<\/h3>\n<\/li>\n<\/ul>\n<p>&nbsp;<\/p>\n<p><img fetchpriority=\"high\" decoding=\"async\" class=\"wp-image-22856 size-full aligncenter\" title=\"\u015awi\u0105teczna \u0142y\u017cka sto\u0142owa ze stali nierdzewnej w \u015bwi\u0105tecznym pude\u0142ku prezentowym Uroczy zestaw\" src=\"https:\/\/www.sellersunionagent.com\/wp-content\/uploads\/2025\/04\/O1CN01TrUZl527fRXjpFxJq_2208462057824-0-cib-2025041403411371.webp\" alt=\"\u015awi\u0105teczna \u0142y\u017cka sto\u0142owa ze stali nierdzewnej w \u015bwi\u0105tecznym pude\u0142ku prezentowym Uroczy zestaw\" width=\"800\" height=\"800\" \/><\/p>","protected":false},"excerpt":{"rendered":"<p><strong>MOQ<\/strong>:  1000 szt.<br \/>\n<strong>Bezp\u0142atna pr\u00f3bka<\/strong>:  Obs\u0142ugiwane<br \/>\n<strong>Personalizacja<\/strong>logo \/ kolor \/ materia\u0142y \/ opakowanie itp.<br \/>\n<strong>Zni\u017cka<\/strong>:  Pierwsze zam\u00f3wienia ju\u017c od 10% taniej.<br \/>\n<strong>Wska\u017anik terminowo\u015bci dostaw<\/strong>:\u00a0 100%<br \/>\n<strong>Przesy\u0142ki og\u00f3\u0142em<\/strong>:  10000 szt.<br \/>\n<strong>Wysy\u0142ka<\/strong>: Fracht morski Fracht l\u0105dowy<\/p>","protected":false},"featured_media":22852,"comment_status":"open","ping_status":"closed","template":"","meta":{"_acf_changed":false},"product_brand":[],"product_cat":[235,322],"product_tag":[314],"class_list":{"0":"post-22850","1":"product","2":"type-product","3":"status-publish","4":"has-post-thumbnail","6":"product_cat-christmas-decoration","7":"product_cat-christmas-gift","8":"product_tag-cross-border-stainless-steel-christmas-tableware-spoon-holiday-gift-box-cute-set","10":"first","11":"instock","12":"shipping-taxable","13":"product-type-simple","14":"swiper-slide"},"acf":[],"_links":{"self":[{"href":"https:\/\/www.sellersunionagent.com\/pl\/wp-json\/wp\/v2\/product\/22850","targetHints":{"allow":["GET"]}}],"collection":[{"href":"https:\/\/www.sellersunionagent.com\/pl\/wp-json\/wp\/v2\/product"}],"about":[{"href":"https:\/\/www.sellersunionagent.com\/pl\/wp-json\/wp\/v2\/types\/product"}],"replies":[{"embeddable":true,"href":"https:\/\/www.sellersunionagent.com\/pl\/wp-json\/wp\/v2\/comments?post=22850"}],"wp:featuredmedia":[{"embeddable":true,"href":"https:\/\/www.sellersunionagent.com\/pl\/wp-json\/wp\/v2\/media\/22852"}],"wp:attachment":[{"href":"https:\/\/www.sellersunionagent.com\/pl\/wp-json\/wp\/v2\/media?parent=22850"}],"wp:term":[{"taxonomy":"product_brand","embeddable":true,"href":"https:\/\/www.sellersunionagent.com\/pl\/wp-json\/wp\/v2\/product_brand?post=22850"},{"taxonomy":"product_cat","embeddable":true,"href":"https:\/\/www.sellersunionagent.com\/pl\/wp-json\/wp\/v2\/product_cat?post=22850"},{"taxonomy":"product_tag","embeddable":true,"href":"https:\/\/www.sellersunionagent.com\/pl\/wp-json\/wp\/v2\/product_tag?post=22850"}],"curies":[{"name":"wp","href":"https:\/\/api.w.org\/{rel}","templated":true}]}}