{"id":22842,"date":"2025-04-14T11:04:59","date_gmt":"2025-04-14T03:04:59","guid":{"rendered":"https:\/\/sellersunionagent.com\/?post_type=product&#038;p=22842"},"modified":"2025-11-27T18:29:55","modified_gmt":"2025-11-27T10:29:55","slug":"christmas-doll-christmas-retro-plaid-old-man-snowman-sitting-doll-holiday-decorations","status":"publish","type":"product","link":"https:\/\/www.sellersunionagent.com\/pl\/christmas-doll-christmas-retro-plaid-old-man-snowman-sitting-doll-holiday-decorations\/","title":{"rendered":"Christmas Doll Christmas Retro Plaid Old Man Snowman Sitting Doll Holiday Decorations"},"content":{"rendered":"<h1>Christmas Doll Christmas Retro Plaid Old Man Snowman Sitting Doll Holiday Decorations<\/h1>\n<h3>Typ: Dekoracja<br \/>\nItem Number: L-007<br \/>\nItem Size: 16*10*26CM<br \/>\nMateria\u0142: Tkanina<\/h3>\n<ul>\n<li>\n<h3>Wholesale-friendly pricing<\/h3>\n<\/li>\n<li>\n<h3>Vintage Christmas-themed designs<\/h3>\n<\/li>\n<li>\n<h3>Efficient bulk order support<\/h3>\n<\/li>\n<li>\n<h3>Soft &amp; durable fabric<\/h3>\n<\/li>\n<\/ul>\n<p><img fetchpriority=\"high\" decoding=\"async\" class=\"size-full wp-image-22847 aligncenter\" title=\"Christmas Doll Christmas Retro Plaid Old Man Snowman Sitting Doll Holiday Decorations\" src=\"https:\/\/www.sellersunionagent.com\/wp-content\/uploads\/2025\/04\/O1CN01gyR6rL1aEXBs1IO5r_2218089553298-0-cib-2025041402581854.webp\" alt=\"Christmas Doll Christmas Retro Plaid Old Man Snowman Sitting Doll Holiday Decorations\" width=\"800\" height=\"800\" \/><\/p>\n<p>&nbsp;<\/p>","protected":false},"excerpt":{"rendered":"<p><strong>MOQ<\/strong>:  1000 szt.<br \/>\n<strong>Bezp\u0142atna pr\u00f3bka<\/strong>:  Obs\u0142ugiwane<br \/>\n<strong>Personalizacja<\/strong>logo \/ kolor \/ materia\u0142y \/ opakowanie itp.<br \/>\n<strong>Zni\u017cka<\/strong>:  Pierwsze zam\u00f3wienia ju\u017c od 10% taniej.<br \/>\n<strong>Wska\u017anik terminowo\u015bci dostaw<\/strong>:\u00a0 100%<br \/>\n<strong>Przesy\u0142ki og\u00f3\u0142em<\/strong>:  10000 szt.<br \/>\n<strong>Wysy\u0142ka<\/strong>: Fracht morski Fracht l\u0105dowy<\/p>","protected":false},"featured_media":22843,"comment_status":"open","ping_status":"closed","template":"","meta":{"_acf_changed":false},"product_brand":[],"product_cat":[235,321],"product_tag":[313],"class_list":{"0":"post-22842","1":"product","2":"type-product","3":"status-publish","4":"has-post-thumbnail","6":"product_cat-christmas-decoration","7":"product_cat-christmas-figurines","8":"product_tag-christmas-doll-christmas-retro-plaid-old-man-snowman-sitting-doll-holiday-decorations","10":"first","11":"instock","12":"shipping-taxable","13":"product-type-simple","14":"swiper-slide"},"acf":[],"_links":{"self":[{"href":"https:\/\/www.sellersunionagent.com\/pl\/wp-json\/wp\/v2\/product\/22842","targetHints":{"allow":["GET"]}}],"collection":[{"href":"https:\/\/www.sellersunionagent.com\/pl\/wp-json\/wp\/v2\/product"}],"about":[{"href":"https:\/\/www.sellersunionagent.com\/pl\/wp-json\/wp\/v2\/types\/product"}],"replies":[{"embeddable":true,"href":"https:\/\/www.sellersunionagent.com\/pl\/wp-json\/wp\/v2\/comments?post=22842"}],"wp:featuredmedia":[{"embeddable":true,"href":"https:\/\/www.sellersunionagent.com\/pl\/wp-json\/wp\/v2\/media\/22843"}],"wp:attachment":[{"href":"https:\/\/www.sellersunionagent.com\/pl\/wp-json\/wp\/v2\/media?parent=22842"}],"wp:term":[{"taxonomy":"product_brand","embeddable":true,"href":"https:\/\/www.sellersunionagent.com\/pl\/wp-json\/wp\/v2\/product_brand?post=22842"},{"taxonomy":"product_cat","embeddable":true,"href":"https:\/\/www.sellersunionagent.com\/pl\/wp-json\/wp\/v2\/product_cat?post=22842"},{"taxonomy":"product_tag","embeddable":true,"href":"https:\/\/www.sellersunionagent.com\/pl\/wp-json\/wp\/v2\/product_tag?post=22842"}],"curies":[{"name":"wp","href":"https:\/\/api.w.org\/{rel}","templated":true}]}}